{"id":14693,"date":"2020-03-16T14:41:40","date_gmt":"2020-03-16T13:41:40","guid":{"rendered":"https:\/\/hebe2000.com\/reiki\/"},"modified":"2022-06-16T10:25:38","modified_gmt":"2022-06-16T08:25:38","slug":"reiki","status":"publish","type":"page","link":"https:\/\/hebe2000.com\/ca\/reiki\/","title":{"rendered":"Reiki"},"content":{"rendered":"\t\t<div data-elementor-type=\"wp-post\" data-elementor-id=\"14693\" class=\"elementor elementor-14693 elementor-13891\" data-elementor-post-type=\"page\">\n\t\t\t\t\t\t<section class=\"has_eae_slider elementor-section elementor-top-section elementor-element elementor-element-504541d2 elementor-section-height-min-height elementor-section-boxed elementor-section-height-default elementor-section-items-middle\" data-eae-slider=\"80776\" data-id=\"504541d2\" data-element_type=\"section\" data-settings=\"{&quot;background_background&quot;:&quot;classic&quot;}\">\n\t\t\t\t\t\t\t<div class=\"elementor-background-overlay\"><\/div>\n\t\t\t\t\t\t\t<div class=\"elementor-container elementor-column-gap-default\">\n\t\t\t\t\t<div class=\"has_eae_slider elementor-column elementor-col-100 elementor-top-column elementor-element elementor-element-6e22ff07\" data-eae-slider=\"70732\" data-id=\"6e22ff07\" data-element_type=\"column\">\n\t\t\t<div class=\"elementor-widget-wrap elementor-element-populated\">\n\t\t\t\t\t\t<div class=\"elementor-element elementor-element-2128b1e8 elementor-widget elementor-widget-heading\" data-id=\"2128b1e8\" data-element_type=\"widget\" data-widget_type=\"heading.default\">\n\t\t\t\t<div class=\"elementor-widget-container\">\n\t\t\t\t\t<h1 class=\"elementor-heading-title elementor-size-default\">Reiki en Figueres<\/h1>\t\t\t\t<\/div>\n\t\t\t\t<\/div>\n\t\t\t\t\t<\/div>\n\t\t<\/div>\n\t\t\t\t\t<\/div>\n\t\t<\/section>\n\t\t\t\t<section class=\"has_eae_slider elementor-section elementor-top-section elementor-element elementor-element-746d3a4 elementor-section-boxed elementor-section-height-default elementor-section-height-default\" data-eae-slider=\"70588\" data-id=\"746d3a4\" data-element_type=\"section\">\n\t\t\t\t\t\t<div class=\"elementor-container elementor-column-gap-default\">\n\t\t\t\t\t<div class=\"has_eae_slider elementor-column elementor-col-50 elementor-top-column elementor-element elementor-element-4926191\" data-eae-slider=\"42730\" data-id=\"4926191\" data-element_type=\"column\">\n\t\t\t<div class=\"elementor-widget-wrap elementor-element-populated\">\n\t\t\t\t\t\t<div class=\"elementor-element elementor-element-be264a4 elementor-widget elementor-widget-text-editor\" data-id=\"be264a4\" data-element_type=\"widget\" data-widget_type=\"text-editor.default\">\n\t\t\t\t<div class=\"elementor-widget-container\">\n\t\t\t\t\t\t\t\t\t<h2>Reiki a dist\u00e0ncia i presencial<\/h2><p>El Reiki consisteix en un tractament energ\u00e8tic de l&#8217;energia vital que treballa els 7 xacres, detectant els m\u00e9s baixos d&#8217;energia per equilibrar-los.<\/p><p>Cada txakra est\u00e0 vinculat amb uns \u00f2rgans del nostre cos, uns tipus d&#8217;emocions i uns colors determinats.<\/p><p>Aix\u00f2 ens d\u00f3na molta informaci\u00f3 del que est\u00e0 passant per dins, i alhora s&#8217;expressa per fora.<\/p><p>La sensaci\u00f3 \u00e9s subtil. Hi ha qui ho nota m\u00e9s r\u00e0pid que els altres, encara que la feina sigui la mateixa, i sempre hi ha canvis.<\/p><p>Aquest tractament ens permet poder-ho fer a dist\u00e0ncia.<\/p>\t\t\t\t\t\t\t\t<\/div>\n\t\t\t\t<\/div>\n\t\t\t\t\t<\/div>\n\t\t<\/div>\n\t\t\t\t<div class=\"has_eae_slider elementor-column elementor-col-50 elementor-top-column elementor-element elementor-element-a17d79a\" data-eae-slider=\"56038\" data-id=\"a17d79a\" data-element_type=\"column\">\n\t\t\t<div class=\"elementor-widget-wrap elementor-element-populated\">\n\t\t\t\t\t\t<div class=\"elementor-element elementor-element-393a896 elementor-widget elementor-widget-image\" data-id=\"393a896\" data-element_type=\"widget\" data-widget_type=\"image.default\">\n\t\t\t\t<div class=\"elementor-widget-container\">\n\t\t\t\t\t\t\t\t\t\t\t\t\t\t\t<img fetchpriority=\"high\" decoding=\"async\" width=\"768\" height=\"512\" src=\"https:\/\/hebe2000.com\/wp-content\/uploads\/2020\/03\/reiki-figueres-768x512.jpg\" class=\"attachment-medium_large size-medium_large wp-image-14501\" alt=\"Manos concentrando energ\u00eda vital dorada del reiki en su centro\" srcset=\"https:\/\/hebe2000.com\/wp-content\/uploads\/2020\/03\/reiki-figueres-768x512.jpg 768w, https:\/\/hebe2000.com\/wp-content\/uploads\/2020\/03\/reiki-figueres-600x400.jpg 600w, https:\/\/hebe2000.com\/wp-content\/uploads\/2020\/03\/reiki-figueres-300x200.jpg 300w, https:\/\/hebe2000.com\/wp-content\/uploads\/2020\/03\/reiki-figueres-1024x683.jpg 1024w, https:\/\/hebe2000.com\/wp-content\/uploads\/2020\/03\/reiki-figueres.jpg 1200w\" sizes=\"(max-width: 768px) 100vw, 768px\" \/>\t\t\t\t\t\t\t\t\t\t\t\t\t\t\t<\/div>\n\t\t\t\t<\/div>\n\t\t\t\t\t<\/div>\n\t\t<\/div>\n\t\t\t\t\t<\/div>\n\t\t<\/section>\n\t\t\t\t<\/div>\n\t\t","protected":false},"excerpt":{"rendered":"<p>Reiki en Figueres Reiki a dist\u00e0ncia i presencial El Reiki consisteix en un tractament energ\u00e8tic de l&#8217;energia vital que treballa els 7 xacres, detectant els m\u00e9s baixos d&#8217;energia per equilibrar-los. Cada txakra est\u00e0 vinculat amb uns \u00f2rgans del nostre cos, uns tipus d&#8217;emocions i uns colors determinats. Aix\u00f2 ens d\u00f3na molta informaci\u00f3 del que est\u00e0 &#8230; <a title=\"Reiki\" class=\"read-more\" href=\"https:\/\/hebe2000.com\/ca\/reiki\/\" aria-label=\"M\u00e9s informaci\u00f3 sobre Reiki\">Read more<\/a><\/p>\n","protected":false},"author":1,"featured_media":0,"parent":0,"menu_order":0,"comment_status":"closed","ping_status":"closed","template":"","meta":{"_monsterinsights_skip_tracking":false,"_monsterinsights_sitenote_active":false,"_monsterinsights_sitenote_note":"","_monsterinsights_sitenote_category":0,"footnotes":""},"class_list":{"0":"post-14693","1":"page","2":"type-page","3":"status-publish","5":"no-featured-image-padding"},"yoast_head":"<!-- This site is optimized with the Yoast SEO plugin v26.6 - https:\/\/yoast.com\/wordpress\/plugins\/seo\/ -->\n<title>Reiki - Hebe 2000<\/title>\n<meta name=\"description\" content=\"Reiki \u00e9s una ter\u00e0pia energ\u00e8tica que permet treballar amb els 7 xacres en persona o a dist\u00e0ncia. Redueix l&#039;estr\u00e8s, millora el rendiment de les c\u00e8l\u00b7lules.\" \/>\n<meta name=\"robots\" content=\"index, follow, max-snippet:-1, max-image-preview:large, max-video-preview:-1\" \/>\n<link rel=\"canonical\" href=\"https:\/\/hebe2000.com\/ca\/reiki\/\" \/>\n<meta property=\"og:locale\" content=\"ca_ES\" \/>\n<meta property=\"og:type\" content=\"article\" \/>\n<meta property=\"og:title\" content=\"Reiki - Hebe 2000\" \/>\n<meta property=\"og:description\" content=\"Reiki \u00e9s una ter\u00e0pia energ\u00e8tica que permet treballar amb els 7 xacres en persona o a dist\u00e0ncia. Redueix l&#039;estr\u00e8s, millora el rendiment de les c\u00e8l\u00b7lules.\" \/>\n<meta property=\"og:url\" content=\"https:\/\/hebe2000.com\/ca\/reiki\/\" \/>\n<meta property=\"og:site_name\" content=\"Hebe 2000\" \/>\n<meta property=\"article:modified_time\" content=\"2022-06-16T08:25:38+00:00\" \/>\n<meta property=\"og:image\" content=\"https:\/\/hebe2000.com\/wp-content\/uploads\/2020\/03\/reiki-figueres-768x512.jpg\" \/>\n<meta name=\"twitter:card\" content=\"summary_large_image\" \/>\n<meta name=\"twitter:label1\" content=\"Temps estimat de lectura\" \/>\n\t<meta name=\"twitter:data1\" content=\"1 minut\" \/>\n<script type=\"application\/ld+json\" class=\"yoast-schema-graph\">{\"@context\":\"https:\/\/schema.org\",\"@graph\":[{\"@type\":\"WebPage\",\"@id\":\"https:\/\/hebe2000.com\/ca\/reiki\/\",\"url\":\"https:\/\/hebe2000.com\/ca\/reiki\/\",\"name\":\"Reiki - Hebe 2000\",\"isPartOf\":{\"@id\":\"https:\/\/hebe2000.com\/es\/#website\"},\"primaryImageOfPage\":{\"@id\":\"https:\/\/hebe2000.com\/ca\/reiki\/#primaryimage\"},\"image\":{\"@id\":\"https:\/\/hebe2000.com\/ca\/reiki\/#primaryimage\"},\"thumbnailUrl\":\"https:\/\/hebe2000.com\/wp-content\/uploads\/2020\/03\/reiki-figueres-768x512.jpg\",\"datePublished\":\"2020-03-16T13:41:40+00:00\",\"dateModified\":\"2022-06-16T08:25:38+00:00\",\"description\":\"Reiki \u00e9s una ter\u00e0pia energ\u00e8tica que permet treballar amb els 7 xacres en persona o a dist\u00e0ncia. Redueix l'estr\u00e8s, millora el rendiment de les c\u00e8l\u00b7lules.\",\"breadcrumb\":{\"@id\":\"https:\/\/hebe2000.com\/ca\/reiki\/#breadcrumb\"},\"inLanguage\":\"ca\",\"potentialAction\":[{\"@type\":\"ReadAction\",\"target\":[\"https:\/\/hebe2000.com\/ca\/reiki\/\"]}]},{\"@type\":\"ImageObject\",\"inLanguage\":\"ca\",\"@id\":\"https:\/\/hebe2000.com\/ca\/reiki\/#primaryimage\",\"url\":\"https:\/\/hebe2000.com\/wp-content\/uploads\/2020\/03\/reiki-figueres-768x512.jpg\",\"contentUrl\":\"https:\/\/hebe2000.com\/wp-content\/uploads\/2020\/03\/reiki-figueres-768x512.jpg\"},{\"@type\":\"BreadcrumbList\",\"@id\":\"https:\/\/hebe2000.com\/ca\/reiki\/#breadcrumb\",\"itemListElement\":[{\"@type\":\"ListItem\",\"position\":1,\"name\":\"Portada\",\"item\":\"https:\/\/hebe2000.com\/ca\/inici\/\"},{\"@type\":\"ListItem\",\"position\":2,\"name\":\"Reiki\"}]},{\"@type\":\"WebSite\",\"@id\":\"https:\/\/hebe2000.com\/es\/#website\",\"url\":\"https:\/\/hebe2000.com\/es\/\",\"name\":\"Hebe 2000\",\"description\":\"Centro de est\u00e9tica\",\"publisher\":{\"@id\":\"https:\/\/hebe2000.com\/es\/#organization\"},\"potentialAction\":[{\"@type\":\"SearchAction\",\"target\":{\"@type\":\"EntryPoint\",\"urlTemplate\":\"https:\/\/hebe2000.com\/es\/?s={search_term_string}\"},\"query-input\":{\"@type\":\"PropertyValueSpecification\",\"valueRequired\":true,\"valueName\":\"search_term_string\"}}],\"inLanguage\":\"ca\"},{\"@type\":\"Organization\",\"@id\":\"https:\/\/hebe2000.com\/es\/#organization\",\"name\":\"Hebe 2000\",\"url\":\"https:\/\/hebe2000.com\/es\/\",\"logo\":{\"@type\":\"ImageObject\",\"inLanguage\":\"ca\",\"@id\":\"https:\/\/hebe2000.com\/es\/#\/schema\/logo\/image\/\",\"url\":\"https:\/\/hebe2000.com\/wp-content\/uploads\/2022\/08\/LOGOhebe11.png\",\"contentUrl\":\"https:\/\/hebe2000.com\/wp-content\/uploads\/2022\/08\/LOGOhebe11.png\",\"width\":500,\"height\":250,\"caption\":\"Hebe 2000\"},\"image\":{\"@id\":\"https:\/\/hebe2000.com\/es\/#\/schema\/logo\/image\/\"}}]}<\/script>\n<!-- \/ Yoast SEO plugin. -->","yoast_head_json":{"title":"Reiki - Hebe 2000","description":"Reiki \u00e9s una ter\u00e0pia energ\u00e8tica que permet treballar amb els 7 xacres en persona o a dist\u00e0ncia. Redueix l'estr\u00e8s, millora el rendiment de les c\u00e8l\u00b7lules.","robots":{"index":"index","follow":"follow","max-snippet":"max-snippet:-1","max-image-preview":"max-image-preview:large","max-video-preview":"max-video-preview:-1"},"canonical":"https:\/\/hebe2000.com\/ca\/reiki\/","og_locale":"ca_ES","og_type":"article","og_title":"Reiki - Hebe 2000","og_description":"Reiki \u00e9s una ter\u00e0pia energ\u00e8tica que permet treballar amb els 7 xacres en persona o a dist\u00e0ncia. Redueix l'estr\u00e8s, millora el rendiment de les c\u00e8l\u00b7lules.","og_url":"https:\/\/hebe2000.com\/ca\/reiki\/","og_site_name":"Hebe 2000","article_modified_time":"2022-06-16T08:25:38+00:00","og_image":[{"url":"https:\/\/hebe2000.com\/wp-content\/uploads\/2020\/03\/reiki-figueres-768x512.jpg","type":"","width":"","height":""}],"twitter_card":"summary_large_image","twitter_misc":{"Temps estimat de lectura":"1 minut"},"schema":{"@context":"https:\/\/schema.org","@graph":[{"@type":"WebPage","@id":"https:\/\/hebe2000.com\/ca\/reiki\/","url":"https:\/\/hebe2000.com\/ca\/reiki\/","name":"Reiki - Hebe 2000","isPartOf":{"@id":"https:\/\/hebe2000.com\/es\/#website"},"primaryImageOfPage":{"@id":"https:\/\/hebe2000.com\/ca\/reiki\/#primaryimage"},"image":{"@id":"https:\/\/hebe2000.com\/ca\/reiki\/#primaryimage"},"thumbnailUrl":"https:\/\/hebe2000.com\/wp-content\/uploads\/2020\/03\/reiki-figueres-768x512.jpg","datePublished":"2020-03-16T13:41:40+00:00","dateModified":"2022-06-16T08:25:38+00:00","description":"Reiki \u00e9s una ter\u00e0pia energ\u00e8tica que permet treballar amb els 7 xacres en persona o a dist\u00e0ncia. Redueix l'estr\u00e8s, millora el rendiment de les c\u00e8l\u00b7lules.","breadcrumb":{"@id":"https:\/\/hebe2000.com\/ca\/reiki\/#breadcrumb"},"inLanguage":"ca","potentialAction":[{"@type":"ReadAction","target":["https:\/\/hebe2000.com\/ca\/reiki\/"]}]},{"@type":"ImageObject","inLanguage":"ca","@id":"https:\/\/hebe2000.com\/ca\/reiki\/#primaryimage","url":"https:\/\/hebe2000.com\/wp-content\/uploads\/2020\/03\/reiki-figueres-768x512.jpg","contentUrl":"https:\/\/hebe2000.com\/wp-content\/uploads\/2020\/03\/reiki-figueres-768x512.jpg"},{"@type":"BreadcrumbList","@id":"https:\/\/hebe2000.com\/ca\/reiki\/#breadcrumb","itemListElement":[{"@type":"ListItem","position":1,"name":"Portada","item":"https:\/\/hebe2000.com\/ca\/inici\/"},{"@type":"ListItem","position":2,"name":"Reiki"}]},{"@type":"WebSite","@id":"https:\/\/hebe2000.com\/es\/#website","url":"https:\/\/hebe2000.com\/es\/","name":"Hebe 2000","description":"Centro de est\u00e9tica","publisher":{"@id":"https:\/\/hebe2000.com\/es\/#organization"},"potentialAction":[{"@type":"SearchAction","target":{"@type":"EntryPoint","urlTemplate":"https:\/\/hebe2000.com\/es\/?s={search_term_string}"},"query-input":{"@type":"PropertyValueSpecification","valueRequired":true,"valueName":"search_term_string"}}],"inLanguage":"ca"},{"@type":"Organization","@id":"https:\/\/hebe2000.com\/es\/#organization","name":"Hebe 2000","url":"https:\/\/hebe2000.com\/es\/","logo":{"@type":"ImageObject","inLanguage":"ca","@id":"https:\/\/hebe2000.com\/es\/#\/schema\/logo\/image\/","url":"https:\/\/hebe2000.com\/wp-content\/uploads\/2022\/08\/LOGOhebe11.png","contentUrl":"https:\/\/hebe2000.com\/wp-content\/uploads\/2022\/08\/LOGOhebe11.png","width":500,"height":250,"caption":"Hebe 2000"},"image":{"@id":"https:\/\/hebe2000.com\/es\/#\/schema\/logo\/image\/"}}]}},"_links":{"self":[{"href":"https:\/\/hebe2000.com\/ca\/wp-json\/wp\/v2\/pages\/14693","targetHints":{"allow":["GET"]}}],"collection":[{"href":"https:\/\/hebe2000.com\/ca\/wp-json\/wp\/v2\/pages"}],"about":[{"href":"https:\/\/hebe2000.com\/ca\/wp-json\/wp\/v2\/types\/page"}],"author":[{"embeddable":true,"href":"https:\/\/hebe2000.com\/ca\/wp-json\/wp\/v2\/users\/1"}],"replies":[{"embeddable":true,"href":"https:\/\/hebe2000.com\/ca\/wp-json\/wp\/v2\/comments?post=14693"}],"version-history":[{"count":2,"href":"https:\/\/hebe2000.com\/ca\/wp-json\/wp\/v2\/pages\/14693\/revisions"}],"predecessor-version":[{"id":15566,"href":"https:\/\/hebe2000.com\/ca\/wp-json\/wp\/v2\/pages\/14693\/revisions\/15566"}],"wp:attachment":[{"href":"https:\/\/hebe2000.com\/ca\/wp-json\/wp\/v2\/media?parent=14693"}],"curies":[{"name":"wp","href":"https:\/\/api.w.org\/{rel}","templated":true}]}}