{"id":14701,"date":"2020-03-16T15:13:34","date_gmt":"2020-03-16T14:13:34","guid":{"rendered":"https:\/\/hebe2000.com\/mesoterapia\/"},"modified":"2022-06-16T10:25:05","modified_gmt":"2022-06-16T08:25:05","slug":"mesoterapia","status":"publish","type":"page","link":"https:\/\/hebe2000.com\/ca\/mesoterapia\/","title":{"rendered":"Mesoter\u00e0pia"},"content":{"rendered":"\t\t<div data-elementor-type=\"wp-page\" data-elementor-id=\"14701\" class=\"elementor elementor-14701 elementor-13883\" data-elementor-post-type=\"page\">\n\t\t\t\t\t\t<section class=\"has_eae_slider elementor-section elementor-top-section elementor-element elementor-element-737223f0 elementor-section-height-min-height elementor-section-boxed elementor-section-height-default elementor-section-items-middle\" data-eae-slider=\"957\" data-id=\"737223f0\" data-element_type=\"section\" data-settings=\"{&quot;background_background&quot;:&quot;classic&quot;}\">\n\t\t\t\t\t\t\t<div class=\"elementor-background-overlay\"><\/div>\n\t\t\t\t\t\t\t<div class=\"elementor-container elementor-column-gap-default\">\n\t\t\t\t\t<div class=\"has_eae_slider elementor-column elementor-col-100 elementor-top-column elementor-element elementor-element-382517bf\" data-eae-slider=\"82927\" data-id=\"382517bf\" data-element_type=\"column\">\n\t\t\t<div class=\"elementor-widget-wrap elementor-element-populated\">\n\t\t\t\t\t\t<div class=\"elementor-element elementor-element-5a47ebc0 elementor-widget elementor-widget-heading\" data-id=\"5a47ebc0\" data-element_type=\"widget\" data-widget_type=\"heading.default\">\n\t\t\t\t<div class=\"elementor-widget-container\">\n\t\t\t\t\t<h1 class=\"elementor-heading-title elementor-size-default\">Mesoter\u00e0pia<\/h1>\t\t\t\t<\/div>\n\t\t\t\t<\/div>\n\t\t\t\t\t<\/div>\n\t\t<\/div>\n\t\t\t\t\t<\/div>\n\t\t<\/section>\n\t\t\t\t<section class=\"has_eae_slider elementor-section elementor-top-section elementor-element elementor-element-80966f3 elementor-section-boxed elementor-section-height-default elementor-section-height-default\" data-eae-slider=\"66201\" data-id=\"80966f3\" data-element_type=\"section\">\n\t\t\t\t\t\t<div class=\"elementor-container elementor-column-gap-default\">\n\t\t\t\t\t<div class=\"has_eae_slider elementor-column elementor-col-100 elementor-top-column elementor-element elementor-element-2f56a1c\" data-eae-slider=\"95687\" data-id=\"2f56a1c\" data-element_type=\"column\">\n\t\t\t<div class=\"elementor-widget-wrap elementor-element-populated\">\n\t\t\t\t\t\t<div class=\"elementor-element elementor-element-9915f66 elementor-invisible elementor-widget elementor-widget-heading\" data-id=\"9915f66\" data-element_type=\"widget\" data-settings=\"{&quot;_animation&quot;:&quot;slideInDown&quot;}\" data-widget_type=\"heading.default\">\n\t\t\t\t<div class=\"elementor-widget-container\">\n\t\t\t\t\t<h2 class=\"elementor-heading-title elementor-size-default\">Informaci\u00f3<\/h2>\t\t\t\t<\/div>\n\t\t\t\t<\/div>\n\t\t\t\t<div class=\"elementor-element elementor-element-9387fa4 elementor-widget-divider--view-line elementor-widget elementor-widget-divider\" data-id=\"9387fa4\" data-element_type=\"widget\" data-widget_type=\"divider.default\">\n\t\t\t\t<div class=\"elementor-widget-container\">\n\t\t\t\t\t\t\t<div class=\"elementor-divider\">\n\t\t\t<span class=\"elementor-divider-separator\">\n\t\t\t\t\t\t<\/span>\n\t\t<\/div>\n\t\t\t\t\t\t<\/div>\n\t\t\t\t<\/div>\n\t\t\t\t<div class=\"elementor-element elementor-element-b87a7d6 elementor-widget elementor-widget-text-editor\" data-id=\"b87a7d6\" data-element_type=\"widget\" data-widget_type=\"text-editor.default\">\n\t\t\t\t<div class=\"elementor-widget-container\">\n\t\t\t\t\t\t\t\t\t<p>La mesoter\u00e0pia \u00e9s una t\u00e8cnica que consisteix en la infiltraci\u00f3 intrad\u00e8rmica d&#8217;una barreja de medicaments, extractes vegetals i vitamines dissenyades per acabar amb l&#8217;envelliment de la pell o per tractar problemes com el greix acumulat o cel\u00b7lulitis i fins i tot estries o la pell fl\u00e0ccida.<\/p><p>Un dels majors beneficis de la mesoter\u00e0pia \u00e9s que davant de tractaments com la liposucci\u00f3 no provoca que s&#8217;acumuli greix en altres zones i no hi ha risc d&#8217;empitjorar l&#8217;est\u00e8tica de la persona. A m\u00e9s els resultats solen veure bastant r\u00e0pid, la majoria de la gent comen\u00e7a a veure resultats entre la primera i la tercera sessi\u00f3.<\/p>\t\t\t\t\t\t\t\t<\/div>\n\t\t\t\t<\/div>\n\t\t\t\t<div class=\"elementor-element elementor-element-150f90b elementor-align-center elementor-widget elementor-widget-button\" data-id=\"150f90b\" data-element_type=\"widget\" data-widget_type=\"button.default\">\n\t\t\t\t<div class=\"elementor-widget-container\">\n\t\t\t\t\t\t\t\t\t<div class=\"elementor-button-wrapper\">\n\t\t\t\t\t<a class=\"elementor-button elementor-button-link elementor-size-sm\" href=\"https:\/\/hebe2000.com\/ca\/aigua-kangen\/\">\n\t\t\t\t\t\t<span class=\"elementor-button-content-wrapper\">\n\t\t\t\t\t\t<span class=\"elementor-button-icon\">\n\t\t\t\t<i aria-hidden=\"true\" class=\"fas fa-angle-right\"><\/i>\t\t\t<\/span>\n\t\t\t\t\t\t\t\t\t<span class=\"elementor-button-text\">Aigua Kangen<\/span>\n\t\t\t\t\t<\/span>\n\t\t\t\t\t<\/a>\n\t\t\t\t<\/div>\n\t\t\t\t\t\t\t\t<\/div>\n\t\t\t\t<\/div>\n\t\t\t\t\t<\/div>\n\t\t<\/div>\n\t\t\t\t\t<\/div>\n\t\t<\/section>\n\t\t\t\t<section class=\"has_eae_slider elementor-section elementor-top-section elementor-element elementor-element-66d9b7d elementor-section-stretched elementor-section-full_width elementor-section-height-default elementor-section-height-default\" data-eae-slider=\"95340\" data-id=\"66d9b7d\" data-element_type=\"section\" data-settings=\"{&quot;stretch_section&quot;:&quot;section-stretched&quot;,&quot;background_background&quot;:&quot;classic&quot;}\">\n\t\t\t\t\t\t<div class=\"elementor-container elementor-column-gap-no\">\n\t\t\t\t\t<div class=\"has_eae_slider elementor-column elementor-col-50 elementor-top-column elementor-element elementor-element-4e1205f\" data-eae-slider=\"85189\" data-id=\"4e1205f\" data-element_type=\"column\" data-settings=\"{&quot;background_background&quot;:&quot;classic&quot;}\">\n\t\t\t<div class=\"elementor-widget-wrap elementor-element-populated\">\n\t\t\t\t\t\t<div class=\"elementor-element elementor-element-a6edcef elementor-widget elementor-widget-image\" data-id=\"a6edcef\" data-element_type=\"widget\" data-widget_type=\"image.default\">\n\t\t\t\t<div class=\"elementor-widget-container\">\n\t\t\t\t\t\t\t\t\t\t\t\t\t\t\t<img fetchpriority=\"high\" decoding=\"async\" width=\"768\" height=\"522\" src=\"https:\/\/hebe2000.com\/wp-content\/uploads\/2020\/03\/mesoterapia-facial-768x522.jpg\" class=\"attachment-medium_large size-medium_large wp-image-14450\" alt=\"Mujer de blanco a la que le practican una mesoterapia facial\" srcset=\"https:\/\/hebe2000.com\/wp-content\/uploads\/2020\/03\/mesoterapia-facial-768x522.jpg 768w, https:\/\/hebe2000.com\/wp-content\/uploads\/2020\/03\/mesoterapia-facial-600x408.jpg 600w, https:\/\/hebe2000.com\/wp-content\/uploads\/2020\/03\/mesoterapia-facial-300x204.jpg 300w, https:\/\/hebe2000.com\/wp-content\/uploads\/2020\/03\/mesoterapia-facial-1024x697.jpg 1024w, https:\/\/hebe2000.com\/wp-content\/uploads\/2020\/03\/mesoterapia-facial.jpg 1176w\" sizes=\"(max-width: 768px) 100vw, 768px\" \/>\t\t\t\t\t\t\t\t\t\t\t\t\t\t\t<\/div>\n\t\t\t\t<\/div>\n\t\t\t\t\t<\/div>\n\t\t<\/div>\n\t\t\t\t<div class=\"has_eae_slider elementor-column elementor-col-50 elementor-top-column elementor-element elementor-element-e1af525\" data-eae-slider=\"15445\" data-id=\"e1af525\" data-element_type=\"column\">\n\t\t\t<div class=\"elementor-widget-wrap elementor-element-populated\">\n\t\t\t\t\t\t<div class=\"elementor-element elementor-element-572153c animated-slow elementor-invisible elementor-widget elementor-widget-heading\" data-id=\"572153c\" data-element_type=\"widget\" data-settings=\"{&quot;_animation&quot;:&quot;slideInDown&quot;}\" data-widget_type=\"heading.default\">\n\t\t\t\t<div class=\"elementor-widget-container\">\n\t\t\t\t\t<h2 class=\"elementor-heading-title elementor-size-default\">Mesoter\u00e0pia facial<\/h2>\t\t\t\t<\/div>\n\t\t\t\t<\/div>\n\t\t\t\t<div class=\"elementor-element elementor-element-207d2b2 elementor-widget elementor-widget-text-editor\" data-id=\"207d2b2\" data-element_type=\"widget\" data-widget_type=\"text-editor.default\">\n\t\t\t\t<div class=\"elementor-widget-container\">\n\t\t\t\t\t\t\t\t\t<p>Provoquem un est\u00edmul natural de la producci\u00f3 de col\u00b7lagen i elastina en la nostra pell.<\/p><p>Es tracta d&#8217;unes microinjeccions indolores especialment indicada per a les l\u00ednies d&#8217;expressi\u00f3, arrugues m\u00e9s pronunciades i fl\u00e0ccides.<\/p><p>Resultats visibles des de la primera sessi\u00f3<\/p>\t\t\t\t\t\t\t\t<\/div>\n\t\t\t\t<\/div>\n\t\t\t\t\t<\/div>\n\t\t<\/div>\n\t\t\t\t\t<\/div>\n\t\t<\/section>\n\t\t\t\t<section class=\"has_eae_slider elementor-section elementor-top-section elementor-element elementor-element-546fa8c elementor-section-stretched elementor-section-full_width elementor-reverse-tablet elementor-reverse-mobile elementor-section-height-default elementor-section-height-default\" data-eae-slider=\"87166\" data-id=\"546fa8c\" data-element_type=\"section\" data-settings=\"{&quot;stretch_section&quot;:&quot;section-stretched&quot;,&quot;background_background&quot;:&quot;classic&quot;}\">\n\t\t\t\t\t\t<div class=\"elementor-container elementor-column-gap-no\">\n\t\t\t\t\t<div class=\"has_eae_slider elementor-column elementor-col-50 elementor-top-column elementor-element elementor-element-ed10e02\" data-eae-slider=\"86966\" data-id=\"ed10e02\" data-element_type=\"column\">\n\t\t\t<div class=\"elementor-widget-wrap elementor-element-populated\">\n\t\t\t\t\t\t<div class=\"elementor-element elementor-element-fb02ca2 animated-slow elementor-invisible elementor-widget elementor-widget-heading\" data-id=\"fb02ca2\" data-element_type=\"widget\" data-settings=\"{&quot;_animation&quot;:&quot;slideInDown&quot;}\" data-widget_type=\"heading.default\">\n\t\t\t\t<div class=\"elementor-widget-container\">\n\t\t\t\t\t<h2 class=\"elementor-heading-title elementor-size-default\">Mesoter\u00e0pia corporal<\/h2>\t\t\t\t<\/div>\n\t\t\t\t<\/div>\n\t\t\t\t<section class=\"has_eae_slider elementor-section elementor-inner-section elementor-element elementor-element-6b1774e elementor-section-boxed elementor-section-height-default elementor-section-height-default\" data-eae-slider=\"16396\" data-id=\"6b1774e\" data-element_type=\"section\">\n\t\t\t\t\t\t<div class=\"elementor-container elementor-column-gap-wider\">\n\t\t\t\t\t<div class=\"has_eae_slider elementor-column elementor-col-50 elementor-inner-column elementor-element elementor-element-1a706d1\" data-eae-slider=\"28635\" data-id=\"1a706d1\" data-element_type=\"column\">\n\t\t\t<div class=\"elementor-widget-wrap elementor-element-populated\">\n\t\t\t\t\t\t<div class=\"elementor-element elementor-element-b472042 elementor-widget elementor-widget-heading\" data-id=\"b472042\" data-element_type=\"widget\" data-widget_type=\"heading.default\">\n\t\t\t\t<div class=\"elementor-widget-container\">\n\t\t\t\t\t<h3 class=\"elementor-heading-title elementor-size-default\">Anticel\u00b7lul\u00edtic<\/h3>\t\t\t\t<\/div>\n\t\t\t\t<\/div>\n\t\t\t\t<div class=\"elementor-element elementor-element-69f0ae8 elementor-widget elementor-widget-text-editor\" data-id=\"69f0ae8\" data-element_type=\"widget\" data-widget_type=\"text-editor.default\">\n\t\t\t\t<div class=\"elementor-widget-container\">\n\t\t\t\t\t\t\t\t\t<p>Especialment indicat per a persones amb problemes de greix acumulat o flacciditat localitzada.<\/p><p>Es recomana sobretot despr\u00e9s d&#8217;haver seguit una dieta i encara persisteixin zones afectades o per a persones sense problemes de sobrep\u00e8s, per\u00f2 amb tend\u00e8ncia a acumular greix en zones concretes.<\/p><p>Consisteix en petites injeccions subcut\u00e0nies amb una soluci\u00f3 homeop\u00e0tica.<\/p><p>Permet estalviar temps, perqu\u00e8 cada sessi\u00f3 combina rapidesa amb efic\u00e0cia.<\/p>\t\t\t\t\t\t\t\t<\/div>\n\t\t\t\t<\/div>\n\t\t\t\t\t<\/div>\n\t\t<\/div>\n\t\t\t\t<div class=\"has_eae_slider elementor-column elementor-col-50 elementor-inner-column elementor-element elementor-element-d827c02\" data-eae-slider=\"54857\" data-id=\"d827c02\" data-element_type=\"column\">\n\t\t\t<div class=\"elementor-widget-wrap elementor-element-populated\">\n\t\t\t\t\t\t<div class=\"elementor-element elementor-element-ee593ad elementor-widget elementor-widget-heading\" data-id=\"ee593ad\" data-element_type=\"widget\" data-widget_type=\"heading.default\">\n\t\t\t\t<div class=\"elementor-widget-container\">\n\t\t\t\t\t<h3 class=\"elementor-heading-title elementor-size-default\">Mala circulaci\u00f3<\/h3>\t\t\t\t<\/div>\n\t\t\t\t<\/div>\n\t\t\t\t<div class=\"elementor-element elementor-element-a7c14d2 elementor-widget elementor-widget-text-editor\" data-id=\"a7c14d2\" data-element_type=\"widget\" data-widget_type=\"text-editor.default\">\n\t\t\t\t<div class=\"elementor-widget-container\">\n\t\t\t\t\t\t\t\t\t<p>Aquest tractament activa el drenatge limf\u00e0tic reduint l&#8217;acumulaci\u00f3 de l\u00edquids i augment de volum millorant la mala circulaci\u00f3.<\/p><p>Tamb\u00e9 intermediaris de m\u00e0xima efic\u00e0cia.<\/p><p> <\/p><p><strong>\u00c9s necess\u00e0ria una visita pr\u00e8via per analitzar el cas, valorar la conveni\u00e8ncia i la durada del tractament.<\/strong><\/p>\t\t\t\t\t\t\t\t<\/div>\n\t\t\t\t<\/div>\n\t\t\t\t\t<\/div>\n\t\t<\/div>\n\t\t\t\t\t<\/div>\n\t\t<\/section>\n\t\t\t\t\t<\/div>\n\t\t<\/div>\n\t\t\t\t<div class=\"has_eae_slider elementor-column elementor-col-50 elementor-top-column elementor-element elementor-element-fdff355\" data-eae-slider=\"42165\" data-id=\"fdff355\" data-element_type=\"column\" data-settings=\"{&quot;background_background&quot;:&quot;classic&quot;}\">\n\t\t\t<div class=\"elementor-widget-wrap elementor-element-populated\">\n\t\t\t\t\t\t<div class=\"elementor-element elementor-element-0650073 elementor-widget elementor-widget-image\" data-id=\"0650073\" data-element_type=\"widget\" data-widget_type=\"image.default\">\n\t\t\t\t<div class=\"elementor-widget-container\">\n\t\t\t\t\t\t\t\t\t\t\t\t\t\t\t<img decoding=\"async\" width=\"432\" height=\"278\" src=\"https:\/\/hebe2000.com\/wp-content\/uploads\/2019\/09\/Mesoterapia_anticelulitis-1.jpg\" class=\"attachment-full size-full wp-image-14105\" alt=\"Mujer posando en la playa con una fa\" srcset=\"https:\/\/hebe2000.com\/wp-content\/uploads\/2019\/09\/Mesoterapia_anticelulitis-1.jpg 432w, https:\/\/hebe2000.com\/wp-content\/uploads\/2019\/09\/Mesoterapia_anticelulitis-1-300x193.jpg 300w\" sizes=\"(max-width: 432px) 100vw, 432px\" \/>\t\t\t\t\t\t\t\t\t\t\t\t\t\t\t<\/div>\n\t\t\t\t<\/div>\n\t\t\t\t\t<\/div>\n\t\t<\/div>\n\t\t\t\t\t<\/div>\n\t\t<\/section>\n\t\t\t\t<\/div>\n\t\t","protected":false},"excerpt":{"rendered":"<p>Mesoter\u00e0pia Informaci\u00f3 La mesoter\u00e0pia \u00e9s una t\u00e8cnica que consisteix en la infiltraci\u00f3 intrad\u00e8rmica d&#8217;una barreja de medicaments, extractes vegetals i vitamines dissenyades per acabar amb l&#8217;envelliment de la pell o per tractar problemes com el greix acumulat o cel\u00b7lulitis i fins i tot estries o la pell fl\u00e0ccida. Un dels majors beneficis de la mesoter\u00e0pia &#8230; <a title=\"Mesoter\u00e0pia\" class=\"read-more\" href=\"https:\/\/hebe2000.com\/ca\/mesoterapia\/\" aria-label=\"M\u00e9s informaci\u00f3 sobre Mesoter\u00e0pia\">Read more<\/a><\/p>\n","protected":false},"author":1,"featured_media":0,"parent":0,"menu_order":0,"comment_status":"closed","ping_status":"closed","template":"","meta":{"_monsterinsights_skip_tracking":false,"_monsterinsights_sitenote_active":false,"_monsterinsights_sitenote_note":"","_monsterinsights_sitenote_category":0,"footnotes":""},"class_list":{"0":"post-14701","1":"page","2":"type-page","3":"status-publish","5":"no-featured-image-padding"},"yoast_head":"<!-- This site is optimized with the Yoast SEO plugin v26.6 - https:\/\/yoast.com\/wordpress\/plugins\/seo\/ -->\n<title>Mesoter\u00e0pia per cel\u00b7lulitis, tractament a Figueres - Hebe 2000<\/title>\n<meta name=\"description\" content=\"Gr\u00e0cies a la mesoter\u00e0pia tractem problemes amb el greix acumulat. Digues ad\u00e9u a la cel\u00b7lulitis gr\u00e0cies als nostres tractaments fets per experts.\" \/>\n<meta name=\"robots\" content=\"index, follow, max-snippet:-1, max-image-preview:large, max-video-preview:-1\" \/>\n<link rel=\"canonical\" href=\"https:\/\/hebe2000.com\/ca\/mesoterapia\/\" \/>\n<meta property=\"og:locale\" content=\"ca_ES\" \/>\n<meta property=\"og:type\" content=\"article\" \/>\n<meta property=\"og:title\" content=\"Mesoter\u00e0pia per cel\u00b7lulitis, tractament a Figueres - Hebe 2000\" \/>\n<meta property=\"og:description\" content=\"Gr\u00e0cies a la mesoter\u00e0pia tractem problemes amb el greix acumulat. Digues ad\u00e9u a la cel\u00b7lulitis gr\u00e0cies als nostres tractaments fets per experts.\" \/>\n<meta property=\"og:url\" content=\"https:\/\/hebe2000.com\/ca\/mesoterapia\/\" \/>\n<meta property=\"og:site_name\" content=\"Hebe 2000\" \/>\n<meta property=\"article:modified_time\" content=\"2022-06-16T08:25:05+00:00\" \/>\n<meta property=\"og:image\" content=\"https:\/\/hebe2000.com\/wp-content\/uploads\/2020\/03\/mesoterapia-facial-768x522.jpg\" \/>\n<meta name=\"twitter:card\" content=\"summary_large_image\" \/>\n<meta name=\"twitter:label1\" content=\"Temps estimat de lectura\" \/>\n\t<meta name=\"twitter:data1\" content=\"1 minut\" \/>\n<script type=\"application\/ld+json\" class=\"yoast-schema-graph\">{\"@context\":\"https:\/\/schema.org\",\"@graph\":[{\"@type\":\"WebPage\",\"@id\":\"https:\/\/hebe2000.com\/ca\/mesoterapia\/\",\"url\":\"https:\/\/hebe2000.com\/ca\/mesoterapia\/\",\"name\":\"Mesoter\u00e0pia per cel\u00b7lulitis, tractament a Figueres - Hebe 2000\",\"isPartOf\":{\"@id\":\"https:\/\/hebe2000.com\/es\/#website\"},\"primaryImageOfPage\":{\"@id\":\"https:\/\/hebe2000.com\/ca\/mesoterapia\/#primaryimage\"},\"image\":{\"@id\":\"https:\/\/hebe2000.com\/ca\/mesoterapia\/#primaryimage\"},\"thumbnailUrl\":\"https:\/\/hebe2000.com\/wp-content\/uploads\/2020\/03\/mesoterapia-facial-768x522.jpg\",\"datePublished\":\"2020-03-16T14:13:34+00:00\",\"dateModified\":\"2022-06-16T08:25:05+00:00\",\"description\":\"Gr\u00e0cies a la mesoter\u00e0pia tractem problemes amb el greix acumulat. Digues ad\u00e9u a la cel\u00b7lulitis gr\u00e0cies als nostres tractaments fets per experts.\",\"breadcrumb\":{\"@id\":\"https:\/\/hebe2000.com\/ca\/mesoterapia\/#breadcrumb\"},\"inLanguage\":\"ca\",\"potentialAction\":[{\"@type\":\"ReadAction\",\"target\":[\"https:\/\/hebe2000.com\/ca\/mesoterapia\/\"]}]},{\"@type\":\"ImageObject\",\"inLanguage\":\"ca\",\"@id\":\"https:\/\/hebe2000.com\/ca\/mesoterapia\/#primaryimage\",\"url\":\"https:\/\/hebe2000.com\/wp-content\/uploads\/2020\/03\/mesoterapia-facial-768x522.jpg\",\"contentUrl\":\"https:\/\/hebe2000.com\/wp-content\/uploads\/2020\/03\/mesoterapia-facial-768x522.jpg\"},{\"@type\":\"BreadcrumbList\",\"@id\":\"https:\/\/hebe2000.com\/ca\/mesoterapia\/#breadcrumb\",\"itemListElement\":[{\"@type\":\"ListItem\",\"position\":1,\"name\":\"Portada\",\"item\":\"https:\/\/hebe2000.com\/ca\/inici\/\"},{\"@type\":\"ListItem\",\"position\":2,\"name\":\"Mesoter\u00e0pia\"}]},{\"@type\":\"WebSite\",\"@id\":\"https:\/\/hebe2000.com\/es\/#website\",\"url\":\"https:\/\/hebe2000.com\/es\/\",\"name\":\"Hebe 2000\",\"description\":\"Centro de est\u00e9tica\",\"publisher\":{\"@id\":\"https:\/\/hebe2000.com\/es\/#organization\"},\"potentialAction\":[{\"@type\":\"SearchAction\",\"target\":{\"@type\":\"EntryPoint\",\"urlTemplate\":\"https:\/\/hebe2000.com\/es\/?s={search_term_string}\"},\"query-input\":{\"@type\":\"PropertyValueSpecification\",\"valueRequired\":true,\"valueName\":\"search_term_string\"}}],\"inLanguage\":\"ca\"},{\"@type\":\"Organization\",\"@id\":\"https:\/\/hebe2000.com\/es\/#organization\",\"name\":\"Hebe 2000\",\"url\":\"https:\/\/hebe2000.com\/es\/\",\"logo\":{\"@type\":\"ImageObject\",\"inLanguage\":\"ca\",\"@id\":\"https:\/\/hebe2000.com\/es\/#\/schema\/logo\/image\/\",\"url\":\"https:\/\/hebe2000.com\/wp-content\/uploads\/2022\/08\/LOGOhebe11.png\",\"contentUrl\":\"https:\/\/hebe2000.com\/wp-content\/uploads\/2022\/08\/LOGOhebe11.png\",\"width\":500,\"height\":250,\"caption\":\"Hebe 2000\"},\"image\":{\"@id\":\"https:\/\/hebe2000.com\/es\/#\/schema\/logo\/image\/\"}}]}<\/script>\n<!-- \/ Yoast SEO plugin. -->","yoast_head_json":{"title":"Mesoter\u00e0pia per cel\u00b7lulitis, tractament a Figueres - Hebe 2000","description":"Gr\u00e0cies a la mesoter\u00e0pia tractem problemes amb el greix acumulat. Digues ad\u00e9u a la cel\u00b7lulitis gr\u00e0cies als nostres tractaments fets per experts.","robots":{"index":"index","follow":"follow","max-snippet":"max-snippet:-1","max-image-preview":"max-image-preview:large","max-video-preview":"max-video-preview:-1"},"canonical":"https:\/\/hebe2000.com\/ca\/mesoterapia\/","og_locale":"ca_ES","og_type":"article","og_title":"Mesoter\u00e0pia per cel\u00b7lulitis, tractament a Figueres - Hebe 2000","og_description":"Gr\u00e0cies a la mesoter\u00e0pia tractem problemes amb el greix acumulat. Digues ad\u00e9u a la cel\u00b7lulitis gr\u00e0cies als nostres tractaments fets per experts.","og_url":"https:\/\/hebe2000.com\/ca\/mesoterapia\/","og_site_name":"Hebe 2000","article_modified_time":"2022-06-16T08:25:05+00:00","og_image":[{"url":"https:\/\/hebe2000.com\/wp-content\/uploads\/2020\/03\/mesoterapia-facial-768x522.jpg","type":"","width":"","height":""}],"twitter_card":"summary_large_image","twitter_misc":{"Temps estimat de lectura":"1 minut"},"schema":{"@context":"https:\/\/schema.org","@graph":[{"@type":"WebPage","@id":"https:\/\/hebe2000.com\/ca\/mesoterapia\/","url":"https:\/\/hebe2000.com\/ca\/mesoterapia\/","name":"Mesoter\u00e0pia per cel\u00b7lulitis, tractament a Figueres - Hebe 2000","isPartOf":{"@id":"https:\/\/hebe2000.com\/es\/#website"},"primaryImageOfPage":{"@id":"https:\/\/hebe2000.com\/ca\/mesoterapia\/#primaryimage"},"image":{"@id":"https:\/\/hebe2000.com\/ca\/mesoterapia\/#primaryimage"},"thumbnailUrl":"https:\/\/hebe2000.com\/wp-content\/uploads\/2020\/03\/mesoterapia-facial-768x522.jpg","datePublished":"2020-03-16T14:13:34+00:00","dateModified":"2022-06-16T08:25:05+00:00","description":"Gr\u00e0cies a la mesoter\u00e0pia tractem problemes amb el greix acumulat. Digues ad\u00e9u a la cel\u00b7lulitis gr\u00e0cies als nostres tractaments fets per experts.","breadcrumb":{"@id":"https:\/\/hebe2000.com\/ca\/mesoterapia\/#breadcrumb"},"inLanguage":"ca","potentialAction":[{"@type":"ReadAction","target":["https:\/\/hebe2000.com\/ca\/mesoterapia\/"]}]},{"@type":"ImageObject","inLanguage":"ca","@id":"https:\/\/hebe2000.com\/ca\/mesoterapia\/#primaryimage","url":"https:\/\/hebe2000.com\/wp-content\/uploads\/2020\/03\/mesoterapia-facial-768x522.jpg","contentUrl":"https:\/\/hebe2000.com\/wp-content\/uploads\/2020\/03\/mesoterapia-facial-768x522.jpg"},{"@type":"BreadcrumbList","@id":"https:\/\/hebe2000.com\/ca\/mesoterapia\/#breadcrumb","itemListElement":[{"@type":"ListItem","position":1,"name":"Portada","item":"https:\/\/hebe2000.com\/ca\/inici\/"},{"@type":"ListItem","position":2,"name":"Mesoter\u00e0pia"}]},{"@type":"WebSite","@id":"https:\/\/hebe2000.com\/es\/#website","url":"https:\/\/hebe2000.com\/es\/","name":"Hebe 2000","description":"Centro de est\u00e9tica","publisher":{"@id":"https:\/\/hebe2000.com\/es\/#organization"},"potentialAction":[{"@type":"SearchAction","target":{"@type":"EntryPoint","urlTemplate":"https:\/\/hebe2000.com\/es\/?s={search_term_string}"},"query-input":{"@type":"PropertyValueSpecification","valueRequired":true,"valueName":"search_term_string"}}],"inLanguage":"ca"},{"@type":"Organization","@id":"https:\/\/hebe2000.com\/es\/#organization","name":"Hebe 2000","url":"https:\/\/hebe2000.com\/es\/","logo":{"@type":"ImageObject","inLanguage":"ca","@id":"https:\/\/hebe2000.com\/es\/#\/schema\/logo\/image\/","url":"https:\/\/hebe2000.com\/wp-content\/uploads\/2022\/08\/LOGOhebe11.png","contentUrl":"https:\/\/hebe2000.com\/wp-content\/uploads\/2022\/08\/LOGOhebe11.png","width":500,"height":250,"caption":"Hebe 2000"},"image":{"@id":"https:\/\/hebe2000.com\/es\/#\/schema\/logo\/image\/"}}]}},"_links":{"self":[{"href":"https:\/\/hebe2000.com\/ca\/wp-json\/wp\/v2\/pages\/14701","targetHints":{"allow":["GET"]}}],"collection":[{"href":"https:\/\/hebe2000.com\/ca\/wp-json\/wp\/v2\/pages"}],"about":[{"href":"https:\/\/hebe2000.com\/ca\/wp-json\/wp\/v2\/types\/page"}],"author":[{"embeddable":true,"href":"https:\/\/hebe2000.com\/ca\/wp-json\/wp\/v2\/users\/1"}],"replies":[{"embeddable":true,"href":"https:\/\/hebe2000.com\/ca\/wp-json\/wp\/v2\/comments?post=14701"}],"version-history":[{"count":5,"href":"https:\/\/hebe2000.com\/ca\/wp-json\/wp\/v2\/pages\/14701\/revisions"}],"predecessor-version":[{"id":15564,"href":"https:\/\/hebe2000.com\/ca\/wp-json\/wp\/v2\/pages\/14701\/revisions\/15564"}],"wp:attachment":[{"href":"https:\/\/hebe2000.com\/ca\/wp-json\/wp\/v2\/media?parent=14701"}],"curies":[{"name":"wp","href":"https:\/\/api.w.org\/{rel}","templated":true}]}}