{"id":14711,"date":"2020-03-16T15:53:16","date_gmt":"2020-03-16T14:53:16","guid":{"rendered":"https:\/\/hebe2000.com\/terapies-alternatives\/"},"modified":"2022-06-16T11:41:57","modified_gmt":"2022-06-16T09:41:57","slug":"terapies-alternatives","status":"publish","type":"page","link":"https:\/\/hebe2000.com\/ca\/terapies-alternatives\/","title":{"rendered":"Ter\u00e0pies alternatives"},"content":{"rendered":"\t\t<div data-elementor-type=\"wp-post\" data-elementor-id=\"14711\" class=\"elementor elementor-14711 elementor-13802\" data-elementor-post-type=\"page\">\n\t\t\t\t\t\t<section class=\"has_eae_slider elementor-section elementor-top-section elementor-element elementor-element-2d234394 elementor-section-height-min-height elementor-section-boxed elementor-section-height-default elementor-section-items-middle\" data-eae-slider=\"4343\" data-id=\"2d234394\" data-element_type=\"section\" data-settings=\"{&quot;background_background&quot;:&quot;classic&quot;}\">\n\t\t\t\t\t\t\t<div class=\"elementor-background-overlay\"><\/div>\n\t\t\t\t\t\t\t<div class=\"elementor-container elementor-column-gap-default\">\n\t\t\t\t\t<div class=\"has_eae_slider elementor-column elementor-col-100 elementor-top-column elementor-element elementor-element-6a54cca9\" data-eae-slider=\"95278\" data-id=\"6a54cca9\" data-element_type=\"column\">\n\t\t\t<div class=\"elementor-widget-wrap elementor-element-populated\">\n\t\t\t\t\t\t<div class=\"elementor-element elementor-element-6781596 elementor-widget elementor-widget-heading\" data-id=\"6781596\" data-element_type=\"widget\" data-widget_type=\"heading.default\">\n\t\t\t\t<div class=\"elementor-widget-container\">\n\t\t\t\t\t<h1 class=\"elementor-heading-title elementor-size-default\">Ter\u00e0pies alternatives a Figueres<\/h1>\t\t\t\t<\/div>\n\t\t\t\t<\/div>\n\t\t\t\t\t<\/div>\n\t\t<\/div>\n\t\t\t\t\t<\/div>\n\t\t<\/section>\n\t\t\t\t<section class=\"has_eae_slider elementor-section elementor-top-section elementor-element elementor-element-d048eb8 elementor-section-boxed elementor-section-height-default elementor-section-height-default\" data-eae-slider=\"45146\" data-id=\"d048eb8\" data-element_type=\"section\">\n\t\t\t\t\t\t<div class=\"elementor-container elementor-column-gap-default\">\n\t\t\t\t\t<div class=\"has_eae_slider elementor-column elementor-col-100 elementor-top-column elementor-element elementor-element-74dd88a\" data-eae-slider=\"93767\" data-id=\"74dd88a\" data-element_type=\"column\">\n\t\t\t<div class=\"elementor-widget-wrap elementor-element-populated\">\n\t\t\t\t\t\t<div class=\"elementor-element elementor-element-d1f282e elementor-widget elementor-widget-heading\" data-id=\"d1f282e\" data-element_type=\"widget\" data-widget_type=\"heading.default\">\n\t\t\t\t<div class=\"elementor-widget-container\">\n\t\t\t\t\t<h2 class=\"elementor-heading-title elementor-size-default\">Qu\u00e8 s\u00f3n les ter\u00e0pies alternatives?<\/h2>\t\t\t\t<\/div>\n\t\t\t\t<\/div>\n\t\t\t\t<div class=\"elementor-element elementor-element-e95fb89 elementor-widget-divider--view-line elementor-widget elementor-widget-divider\" data-id=\"e95fb89\" data-element_type=\"widget\" data-widget_type=\"divider.default\">\n\t\t\t\t<div class=\"elementor-widget-container\">\n\t\t\t\t\t\t\t<div class=\"elementor-divider\">\n\t\t\t<span class=\"elementor-divider-separator\">\n\t\t\t\t\t\t<\/span>\n\t\t<\/div>\n\t\t\t\t\t\t<\/div>\n\t\t\t\t<\/div>\n\t\t\t\t<div class=\"elementor-element elementor-element-9313455 elementor-widget elementor-widget-text-editor\" data-id=\"9313455\" data-element_type=\"widget\" data-widget_type=\"text-editor.default\">\n\t\t\t\t<div class=\"elementor-widget-container\">\n\t\t\t\t\t\t\t\t\t<p>Les ter\u00e0pies alternatives s\u00f3n aquells tractaments i pr\u00e0ctiques que es desenvolupen fora de la medicina occidental tradicional o convencional per ser aplicats a certes malalties o a el benestar general.<\/p>\t\t\t\t\t\t\t\t<\/div>\n\t\t\t\t<\/div>\n\t\t\t\t\t<\/div>\n\t\t<\/div>\n\t\t\t\t\t<\/div>\n\t\t<\/section>\n\t\t\t\t<section class=\"has_eae_slider elementor-section elementor-top-section elementor-element elementor-element-132d10e elementor-section-boxed elementor-section-height-default elementor-section-height-default\" data-eae-slider=\"82897\" data-id=\"132d10e\" data-element_type=\"section\">\n\t\t\t\t\t\t<div class=\"elementor-container elementor-column-gap-default\">\n\t\t\t\t\t<div class=\"has_eae_slider elementor-column elementor-col-100 elementor-top-column elementor-element elementor-element-4a5a1da\" data-eae-slider=\"20002\" data-id=\"4a5a1da\" data-element_type=\"column\">\n\t\t\t<div class=\"elementor-widget-wrap elementor-element-populated\">\n\t\t\t\t\t\t<div class=\"elementor-element elementor-element-5d2e40d elementor-widget elementor-widget-heading\" data-id=\"5d2e40d\" data-element_type=\"widget\" data-widget_type=\"heading.default\">\n\t\t\t\t<div class=\"elementor-widget-container\">\n\t\t\t\t\t<h2 class=\"elementor-heading-title elementor-size-default\">Qu\u00e8 ter\u00e0pies alternatives fem a Hebe 2000?<\/h2>\t\t\t\t<\/div>\n\t\t\t\t<\/div>\n\t\t\t\t<div class=\"elementor-element elementor-element-e0c46df elementor-widget-divider--view-line elementor-widget elementor-widget-divider\" data-id=\"e0c46df\" data-element_type=\"widget\" data-widget_type=\"divider.default\">\n\t\t\t\t<div class=\"elementor-widget-container\">\n\t\t\t\t\t\t\t<div class=\"elementor-divider\">\n\t\t\t<span class=\"elementor-divider-separator\">\n\t\t\t\t\t\t<\/span>\n\t\t<\/div>\n\t\t\t\t\t\t<\/div>\n\t\t\t\t<\/div>\n\t\t\t\t\t<\/div>\n\t\t<\/div>\n\t\t\t\t\t<\/div>\n\t\t<\/section>\n\t\t\t\t<section class=\"has_eae_slider elementor-section elementor-top-section elementor-element elementor-element-fe4e7a9 elementor-section-stretched elementor-section-full_width elementor-section-height-default elementor-section-height-default\" data-eae-slider=\"24130\" data-id=\"fe4e7a9\" data-element_type=\"section\" data-settings=\"{&quot;stretch_section&quot;:&quot;section-stretched&quot;,&quot;background_background&quot;:&quot;classic&quot;}\">\n\t\t\t\t\t\t<div class=\"elementor-container elementor-column-gap-no\">\n\t\t\t\t\t<div class=\"has_eae_slider elementor-column elementor-col-50 elementor-top-column elementor-element elementor-element-4c68c89\" data-eae-slider=\"21307\" data-id=\"4c68c89\" data-element_type=\"column\" data-settings=\"{&quot;background_background&quot;:&quot;classic&quot;}\">\n\t\t\t<div class=\"elementor-widget-wrap elementor-element-populated\">\n\t\t\t\t\t\t<div class=\"elementor-element elementor-element-e35fffc elementor-widget elementor-widget-image\" data-id=\"e35fffc\" data-element_type=\"widget\" data-widget_type=\"image.default\">\n\t\t\t\t<div class=\"elementor-widget-container\">\n\t\t\t\t\t\t\t\t\t\t\t\t\t\t\t<img fetchpriority=\"high\" decoding=\"async\" width=\"768\" height=\"344\" src=\"https:\/\/hebe2000.com\/wp-content\/uploads\/2019\/10\/saama-768x344.jpg\" class=\"attachment-medium_large size-medium_large wp-image-14287\" alt=\"Explosi\u00f3n de colores y sensaciones con el saama\" srcset=\"https:\/\/hebe2000.com\/wp-content\/uploads\/2019\/10\/saama-768x344.jpg 768w, https:\/\/hebe2000.com\/wp-content\/uploads\/2019\/10\/saama-600x269.jpg 600w, https:\/\/hebe2000.com\/wp-content\/uploads\/2019\/10\/saama-300x134.jpg 300w, https:\/\/hebe2000.com\/wp-content\/uploads\/2019\/10\/saama.jpg 828w\" sizes=\"(max-width: 768px) 100vw, 768px\" \/>\t\t\t\t\t\t\t\t\t\t\t\t\t\t\t<\/div>\n\t\t\t\t<\/div>\n\t\t\t\t\t<\/div>\n\t\t<\/div>\n\t\t\t\t<div class=\"has_eae_slider elementor-column elementor-col-50 elementor-top-column elementor-element elementor-element-ff4f487\" data-eae-slider=\"49164\" data-id=\"ff4f487\" data-element_type=\"column\">\n\t\t\t<div class=\"elementor-widget-wrap elementor-element-populated\">\n\t\t\t\t\t\t<div class=\"elementor-element elementor-element-1981cf0 elementor-widget elementor-widget-heading\" data-id=\"1981cf0\" data-element_type=\"widget\" data-widget_type=\"heading.default\">\n\t\t\t\t<div class=\"elementor-widget-container\">\n\t\t\t\t\t<h3 class=\"elementor-heading-title elementor-size-large\">SAAMA<\/h3>\t\t\t\t<\/div>\n\t\t\t\t<\/div>\n\t\t\t\t<div class=\"elementor-element elementor-element-9b9e43c elementor-widget elementor-widget-text-editor\" data-id=\"9b9e43c\" data-element_type=\"widget\" data-widget_type=\"text-editor.default\">\n\t\t\t\t<div class=\"elementor-widget-container\">\n\t\t\t\t\t\t\t\t\t<p>El SAAMA \u00e9s una ter\u00e0pia energ\u00e8tica que t&#8217;ajuda a desbloquejar aquesta part de la MENT INCONSCIENT que t&#8217;est\u00e0 limitant a la teva vida per ser realment FELI\u00c7.<\/p><p>La MENT INCONSCIENT ens domina en un 95% aproximadament, i la MENT CONSCIENT en un 5%. Per tant, t\u00e9 molt m\u00e9s poder sobre nosaltres l&#8217;INCONSCIENT.<\/p><p style=\"text-align: right;\"><em><strong>SAAMA presencial i a distancia.<\/strong><\/em><\/p>\t\t\t\t\t\t\t\t<\/div>\n\t\t\t\t<\/div>\n\t\t\t\t<div class=\"elementor-element elementor-element-aeb846d elementor-align-center elementor-widget elementor-widget-button\" data-id=\"aeb846d\" data-element_type=\"widget\" data-widget_type=\"button.default\">\n\t\t\t\t<div class=\"elementor-widget-container\">\n\t\t\t\t\t\t\t\t\t<div class=\"elementor-button-wrapper\">\n\t\t\t\t\t<a class=\"elementor-button elementor-button-link elementor-size-sm elementor-animation-bounce-in\" href=\"https:\/\/hebe2000.com\/ca\/saama\/\">\n\t\t\t\t\t\t<span class=\"elementor-button-content-wrapper\">\n\t\t\t\t\t\t\t\t\t<span class=\"elementor-button-text\">Descobreix m\u00e9s<\/span>\n\t\t\t\t\t<\/span>\n\t\t\t\t\t<\/a>\n\t\t\t\t<\/div>\n\t\t\t\t\t\t\t\t<\/div>\n\t\t\t\t<\/div>\n\t\t\t\t\t<\/div>\n\t\t<\/div>\n\t\t\t\t\t<\/div>\n\t\t<\/section>\n\t\t\t\t<section class=\"has_eae_slider elementor-section elementor-top-section elementor-element elementor-element-87ef89f elementor-section-stretched elementor-section-full_width elementor-reverse-tablet elementor-reverse-mobile elementor-section-height-default elementor-section-height-default\" data-eae-slider=\"636\" data-id=\"87ef89f\" data-element_type=\"section\" id=\"reiki\" data-settings=\"{&quot;stretch_section&quot;:&quot;section-stretched&quot;,&quot;background_background&quot;:&quot;classic&quot;}\">\n\t\t\t\t\t\t<div class=\"elementor-container elementor-column-gap-no\">\n\t\t\t\t\t<div class=\"has_eae_slider elementor-column elementor-col-50 elementor-top-column elementor-element elementor-element-908af6f\" data-eae-slider=\"41603\" data-id=\"908af6f\" data-element_type=\"column\">\n\t\t\t<div class=\"elementor-widget-wrap elementor-element-populated\">\n\t\t\t\t\t\t<div class=\"elementor-element elementor-element-70e131a elementor-widget elementor-widget-heading\" data-id=\"70e131a\" data-element_type=\"widget\" data-widget_type=\"heading.default\">\n\t\t\t\t<div class=\"elementor-widget-container\">\n\t\t\t\t\t<h3 class=\"elementor-heading-title elementor-size-large\">Reiki<\/h3>\t\t\t\t<\/div>\n\t\t\t\t<\/div>\n\t\t\t\t<div class=\"elementor-element elementor-element-98f1fef elementor-widget elementor-widget-text-editor\" data-id=\"98f1fef\" data-element_type=\"widget\" data-widget_type=\"text-editor.default\">\n\t\t\t\t<div class=\"elementor-widget-container\">\n\t\t\t\t\t\t\t\t\t<p>Consisteix en un tractament energ\u00e8tic que treballa els 7 xacres, detectant els m\u00e9s baixos d&#8217;energia per equilibrar a trav\u00e9s de l&#8217;energia vital.<\/p><p style=\"text-align: right;\"><em><strong>Reiki presencial i a dist\u00e0ncia<\/strong><\/em><\/p>\t\t\t\t\t\t\t\t<\/div>\n\t\t\t\t<\/div>\n\t\t\t\t<div class=\"elementor-element elementor-element-7981a52 elementor-align-center elementor-widget elementor-widget-button\" data-id=\"7981a52\" data-element_type=\"widget\" data-widget_type=\"button.default\">\n\t\t\t\t<div class=\"elementor-widget-container\">\n\t\t\t\t\t\t\t\t\t<div class=\"elementor-button-wrapper\">\n\t\t\t\t\t<a class=\"elementor-button elementor-button-link elementor-size-sm elementor-animation-bounce-in\" href=\"https:\/\/hebe2000.com\/ca\/reiki\/\">\n\t\t\t\t\t\t<span class=\"elementor-button-content-wrapper\">\n\t\t\t\t\t\t\t\t\t<span class=\"elementor-button-text\">Descobreix m\u00e9s<\/span>\n\t\t\t\t\t<\/span>\n\t\t\t\t\t<\/a>\n\t\t\t\t<\/div>\n\t\t\t\t\t\t\t\t<\/div>\n\t\t\t\t<\/div>\n\t\t\t\t\t<\/div>\n\t\t<\/div>\n\t\t\t\t<div class=\"has_eae_slider elementor-column elementor-col-50 elementor-top-column elementor-element elementor-element-6906d51\" data-eae-slider=\"22706\" data-id=\"6906d51\" data-element_type=\"column\" data-settings=\"{&quot;background_background&quot;:&quot;classic&quot;}\">\n\t\t\t<div class=\"elementor-widget-wrap elementor-element-populated\">\n\t\t\t\t\t\t<div class=\"elementor-element elementor-element-2a3f187 elementor-widget elementor-widget-image\" data-id=\"2a3f187\" data-element_type=\"widget\" data-widget_type=\"image.default\">\n\t\t\t\t<div class=\"elementor-widget-container\">\n\t\t\t\t\t\t\t\t\t\t\t\t\t\t\t<img decoding=\"async\" width=\"768\" height=\"512\" src=\"https:\/\/hebe2000.com\/wp-content\/uploads\/2020\/03\/reiki-figueres-768x512.jpg\" class=\"attachment-medium_large size-medium_large wp-image-14501\" alt=\"Manos concentrando energ\u00eda vital dorada del reiki en su centro\" srcset=\"https:\/\/hebe2000.com\/wp-content\/uploads\/2020\/03\/reiki-figueres-768x512.jpg 768w, https:\/\/hebe2000.com\/wp-content\/uploads\/2020\/03\/reiki-figueres-600x400.jpg 600w, https:\/\/hebe2000.com\/wp-content\/uploads\/2020\/03\/reiki-figueres-300x200.jpg 300w, https:\/\/hebe2000.com\/wp-content\/uploads\/2020\/03\/reiki-figueres-1024x683.jpg 1024w, https:\/\/hebe2000.com\/wp-content\/uploads\/2020\/03\/reiki-figueres.jpg 1200w\" sizes=\"(max-width: 768px) 100vw, 768px\" \/>\t\t\t\t\t\t\t\t\t\t\t\t\t\t\t<\/div>\n\t\t\t\t<\/div>\n\t\t\t\t\t<\/div>\n\t\t<\/div>\n\t\t\t\t\t<\/div>\n\t\t<\/section>\n\t\t\t\t<\/div>\n\t\t","protected":false},"excerpt":{"rendered":"<p>Ter\u00e0pies alternatives a Figueres Qu\u00e8 s\u00f3n les ter\u00e0pies alternatives? Les ter\u00e0pies alternatives s\u00f3n aquells tractaments i pr\u00e0ctiques que es desenvolupen fora de la medicina occidental tradicional o convencional per ser aplicats a certes malalties o a el benestar general. Qu\u00e8 ter\u00e0pies alternatives fem a Hebe 2000? SAAMA El SAAMA \u00e9s una ter\u00e0pia energ\u00e8tica que t&#8217;ajuda &#8230; <a title=\"Ter\u00e0pies alternatives\" class=\"read-more\" href=\"https:\/\/hebe2000.com\/ca\/terapies-alternatives\/\" aria-label=\"M\u00e9s informaci\u00f3 sobre Ter\u00e0pies alternatives\">Read more<\/a><\/p>\n","protected":false},"author":1,"featured_media":0,"parent":0,"menu_order":0,"comment_status":"closed","ping_status":"closed","template":"","meta":{"_monsterinsights_skip_tracking":false,"_monsterinsights_sitenote_active":false,"_monsterinsights_sitenote_note":"","_monsterinsights_sitenote_category":0,"footnotes":""},"class_list":{"0":"post-14711","1":"page","2":"type-page","3":"status-publish","5":"no-featured-image-padding"},"yoast_head":"<!-- This site is optimized with the Yoast SEO plugin v26.6 - https:\/\/yoast.com\/wordpress\/plugins\/seo\/ -->\n<title>Ter\u00e0pies alternatives i naturals a Figueres - Hebe 2000<\/title>\n<meta name=\"description\" content=\"Les millors ter\u00e0pies alternatives i naturals a Figueres. Fem saama i reiki presencial i a dist\u00e0ncia. Tinguis el problema que tinguis t&#039;ajudarem.\" \/>\n<meta name=\"robots\" content=\"index, follow, max-snippet:-1, max-image-preview:large, max-video-preview:-1\" \/>\n<link rel=\"canonical\" href=\"https:\/\/hebe2000.com\/ca\/terapies-alternatives\/\" \/>\n<meta property=\"og:locale\" content=\"ca_ES\" \/>\n<meta property=\"og:type\" content=\"article\" \/>\n<meta property=\"og:title\" content=\"Ter\u00e0pies alternatives i naturals a Figueres - Hebe 2000\" \/>\n<meta property=\"og:description\" content=\"Les millors ter\u00e0pies alternatives i naturals a Figueres. Fem saama i reiki presencial i a dist\u00e0ncia. Tinguis el problema que tinguis t&#039;ajudarem.\" \/>\n<meta property=\"og:url\" content=\"https:\/\/hebe2000.com\/ca\/terapies-alternatives\/\" \/>\n<meta property=\"og:site_name\" content=\"Hebe 2000\" \/>\n<meta property=\"article:modified_time\" content=\"2022-06-16T09:41:57+00:00\" \/>\n<meta property=\"og:image\" content=\"https:\/\/hebe2000.com\/wp-content\/uploads\/2019\/10\/saama-768x344.jpg\" \/>\n<meta name=\"twitter:card\" content=\"summary_large_image\" \/>\n<meta name=\"twitter:label1\" content=\"Temps estimat de lectura\" \/>\n\t<meta name=\"twitter:data1\" content=\"1 minut\" \/>\n<script type=\"application\/ld+json\" class=\"yoast-schema-graph\">{\"@context\":\"https:\/\/schema.org\",\"@graph\":[{\"@type\":\"WebPage\",\"@id\":\"https:\/\/hebe2000.com\/ca\/terapies-alternatives\/\",\"url\":\"https:\/\/hebe2000.com\/ca\/terapies-alternatives\/\",\"name\":\"Ter\u00e0pies alternatives i naturals a Figueres - Hebe 2000\",\"isPartOf\":{\"@id\":\"https:\/\/hebe2000.com\/es\/#website\"},\"primaryImageOfPage\":{\"@id\":\"https:\/\/hebe2000.com\/ca\/terapies-alternatives\/#primaryimage\"},\"image\":{\"@id\":\"https:\/\/hebe2000.com\/ca\/terapies-alternatives\/#primaryimage\"},\"thumbnailUrl\":\"https:\/\/hebe2000.com\/wp-content\/uploads\/2019\/10\/saama-768x344.jpg\",\"datePublished\":\"2020-03-16T14:53:16+00:00\",\"dateModified\":\"2022-06-16T09:41:57+00:00\",\"description\":\"Les millors ter\u00e0pies alternatives i naturals a Figueres. Fem saama i reiki presencial i a dist\u00e0ncia. Tinguis el problema que tinguis t'ajudarem.\",\"breadcrumb\":{\"@id\":\"https:\/\/hebe2000.com\/ca\/terapies-alternatives\/#breadcrumb\"},\"inLanguage\":\"ca\",\"potentialAction\":[{\"@type\":\"ReadAction\",\"target\":[\"https:\/\/hebe2000.com\/ca\/terapies-alternatives\/\"]}]},{\"@type\":\"ImageObject\",\"inLanguage\":\"ca\",\"@id\":\"https:\/\/hebe2000.com\/ca\/terapies-alternatives\/#primaryimage\",\"url\":\"https:\/\/hebe2000.com\/wp-content\/uploads\/2019\/10\/saama-768x344.jpg\",\"contentUrl\":\"https:\/\/hebe2000.com\/wp-content\/uploads\/2019\/10\/saama-768x344.jpg\"},{\"@type\":\"BreadcrumbList\",\"@id\":\"https:\/\/hebe2000.com\/ca\/terapies-alternatives\/#breadcrumb\",\"itemListElement\":[{\"@type\":\"ListItem\",\"position\":1,\"name\":\"Portada\",\"item\":\"https:\/\/hebe2000.com\/ca\/inici\/\"},{\"@type\":\"ListItem\",\"position\":2,\"name\":\"Ter\u00e0pies alternatives\"}]},{\"@type\":\"WebSite\",\"@id\":\"https:\/\/hebe2000.com\/es\/#website\",\"url\":\"https:\/\/hebe2000.com\/es\/\",\"name\":\"Hebe 2000\",\"description\":\"Centro de est\u00e9tica\",\"publisher\":{\"@id\":\"https:\/\/hebe2000.com\/es\/#organization\"},\"potentialAction\":[{\"@type\":\"SearchAction\",\"target\":{\"@type\":\"EntryPoint\",\"urlTemplate\":\"https:\/\/hebe2000.com\/es\/?s={search_term_string}\"},\"query-input\":{\"@type\":\"PropertyValueSpecification\",\"valueRequired\":true,\"valueName\":\"search_term_string\"}}],\"inLanguage\":\"ca\"},{\"@type\":\"Organization\",\"@id\":\"https:\/\/hebe2000.com\/es\/#organization\",\"name\":\"Hebe 2000\",\"url\":\"https:\/\/hebe2000.com\/es\/\",\"logo\":{\"@type\":\"ImageObject\",\"inLanguage\":\"ca\",\"@id\":\"https:\/\/hebe2000.com\/es\/#\/schema\/logo\/image\/\",\"url\":\"https:\/\/hebe2000.com\/wp-content\/uploads\/2022\/08\/LOGOhebe11.png\",\"contentUrl\":\"https:\/\/hebe2000.com\/wp-content\/uploads\/2022\/08\/LOGOhebe11.png\",\"width\":500,\"height\":250,\"caption\":\"Hebe 2000\"},\"image\":{\"@id\":\"https:\/\/hebe2000.com\/es\/#\/schema\/logo\/image\/\"}}]}<\/script>\n<!-- \/ Yoast SEO plugin. -->","yoast_head_json":{"title":"Ter\u00e0pies alternatives i naturals a Figueres - Hebe 2000","description":"Les millors ter\u00e0pies alternatives i naturals a Figueres. Fem saama i reiki presencial i a dist\u00e0ncia. Tinguis el problema que tinguis t'ajudarem.","robots":{"index":"index","follow":"follow","max-snippet":"max-snippet:-1","max-image-preview":"max-image-preview:large","max-video-preview":"max-video-preview:-1"},"canonical":"https:\/\/hebe2000.com\/ca\/terapies-alternatives\/","og_locale":"ca_ES","og_type":"article","og_title":"Ter\u00e0pies alternatives i naturals a Figueres - Hebe 2000","og_description":"Les millors ter\u00e0pies alternatives i naturals a Figueres. Fem saama i reiki presencial i a dist\u00e0ncia. Tinguis el problema que tinguis t'ajudarem.","og_url":"https:\/\/hebe2000.com\/ca\/terapies-alternatives\/","og_site_name":"Hebe 2000","article_modified_time":"2022-06-16T09:41:57+00:00","og_image":[{"url":"https:\/\/hebe2000.com\/wp-content\/uploads\/2019\/10\/saama-768x344.jpg","type":"","width":"","height":""}],"twitter_card":"summary_large_image","twitter_misc":{"Temps estimat de lectura":"1 minut"},"schema":{"@context":"https:\/\/schema.org","@graph":[{"@type":"WebPage","@id":"https:\/\/hebe2000.com\/ca\/terapies-alternatives\/","url":"https:\/\/hebe2000.com\/ca\/terapies-alternatives\/","name":"Ter\u00e0pies alternatives i naturals a Figueres - Hebe 2000","isPartOf":{"@id":"https:\/\/hebe2000.com\/es\/#website"},"primaryImageOfPage":{"@id":"https:\/\/hebe2000.com\/ca\/terapies-alternatives\/#primaryimage"},"image":{"@id":"https:\/\/hebe2000.com\/ca\/terapies-alternatives\/#primaryimage"},"thumbnailUrl":"https:\/\/hebe2000.com\/wp-content\/uploads\/2019\/10\/saama-768x344.jpg","datePublished":"2020-03-16T14:53:16+00:00","dateModified":"2022-06-16T09:41:57+00:00","description":"Les millors ter\u00e0pies alternatives i naturals a Figueres. Fem saama i reiki presencial i a dist\u00e0ncia. Tinguis el problema que tinguis t'ajudarem.","breadcrumb":{"@id":"https:\/\/hebe2000.com\/ca\/terapies-alternatives\/#breadcrumb"},"inLanguage":"ca","potentialAction":[{"@type":"ReadAction","target":["https:\/\/hebe2000.com\/ca\/terapies-alternatives\/"]}]},{"@type":"ImageObject","inLanguage":"ca","@id":"https:\/\/hebe2000.com\/ca\/terapies-alternatives\/#primaryimage","url":"https:\/\/hebe2000.com\/wp-content\/uploads\/2019\/10\/saama-768x344.jpg","contentUrl":"https:\/\/hebe2000.com\/wp-content\/uploads\/2019\/10\/saama-768x344.jpg"},{"@type":"BreadcrumbList","@id":"https:\/\/hebe2000.com\/ca\/terapies-alternatives\/#breadcrumb","itemListElement":[{"@type":"ListItem","position":1,"name":"Portada","item":"https:\/\/hebe2000.com\/ca\/inici\/"},{"@type":"ListItem","position":2,"name":"Ter\u00e0pies alternatives"}]},{"@type":"WebSite","@id":"https:\/\/hebe2000.com\/es\/#website","url":"https:\/\/hebe2000.com\/es\/","name":"Hebe 2000","description":"Centro de est\u00e9tica","publisher":{"@id":"https:\/\/hebe2000.com\/es\/#organization"},"potentialAction":[{"@type":"SearchAction","target":{"@type":"EntryPoint","urlTemplate":"https:\/\/hebe2000.com\/es\/?s={search_term_string}"},"query-input":{"@type":"PropertyValueSpecification","valueRequired":true,"valueName":"search_term_string"}}],"inLanguage":"ca"},{"@type":"Organization","@id":"https:\/\/hebe2000.com\/es\/#organization","name":"Hebe 2000","url":"https:\/\/hebe2000.com\/es\/","logo":{"@type":"ImageObject","inLanguage":"ca","@id":"https:\/\/hebe2000.com\/es\/#\/schema\/logo\/image\/","url":"https:\/\/hebe2000.com\/wp-content\/uploads\/2022\/08\/LOGOhebe11.png","contentUrl":"https:\/\/hebe2000.com\/wp-content\/uploads\/2022\/08\/LOGOhebe11.png","width":500,"height":250,"caption":"Hebe 2000"},"image":{"@id":"https:\/\/hebe2000.com\/es\/#\/schema\/logo\/image\/"}}]}},"_links":{"self":[{"href":"https:\/\/hebe2000.com\/ca\/wp-json\/wp\/v2\/pages\/14711","targetHints":{"allow":["GET"]}}],"collection":[{"href":"https:\/\/hebe2000.com\/ca\/wp-json\/wp\/v2\/pages"}],"about":[{"href":"https:\/\/hebe2000.com\/ca\/wp-json\/wp\/v2\/types\/page"}],"author":[{"embeddable":true,"href":"https:\/\/hebe2000.com\/ca\/wp-json\/wp\/v2\/users\/1"}],"replies":[{"embeddable":true,"href":"https:\/\/hebe2000.com\/ca\/wp-json\/wp\/v2\/comments?post=14711"}],"version-history":[{"count":2,"href":"https:\/\/hebe2000.com\/ca\/wp-json\/wp\/v2\/pages\/14711\/revisions"}],"predecessor-version":[{"id":15570,"href":"https:\/\/hebe2000.com\/ca\/wp-json\/wp\/v2\/pages\/14711\/revisions\/15570"}],"wp:attachment":[{"href":"https:\/\/hebe2000.com\/ca\/wp-json\/wp\/v2\/media?parent=14711"}],"curies":[{"name":"wp","href":"https:\/\/api.w.org\/{rel}","templated":true}]}}