{"id":15860,"date":"2024-09-02T13:41:11","date_gmt":"2024-09-02T11:41:11","guid":{"rendered":"https:\/\/hebe2000.com\/pressoterapia-cames-i-abdomen\/"},"modified":"2024-09-02T13:41:11","modified_gmt":"2024-09-02T11:41:11","slug":"pressoterapia-cames-i-abdomen","status":"publish","type":"page","link":"https:\/\/hebe2000.com\/ca\/pressoterapia-cames-i-abdomen\/","title":{"rendered":"Pressoter\u00e0pia cames i abdomen"},"content":{"rendered":"\t\t<div data-elementor-type=\"wp-page\" data-elementor-id=\"15860\" class=\"elementor elementor-15860 elementor-15832\" data-elementor-post-type=\"page\">\n\t\t\t\t\t\t<section class=\"has_eae_slider elementor-section elementor-top-section elementor-element elementor-element-17878db2 elementor-section-height-min-height elementor-section-boxed elementor-section-height-default elementor-section-items-middle\" data-eae-slider=\"92593\" data-id=\"17878db2\" data-element_type=\"section\" data-settings=\"{&quot;background_background&quot;:&quot;classic&quot;}\">\n\t\t\t\t\t\t\t<div class=\"elementor-background-overlay\"><\/div>\n\t\t\t\t\t\t\t<div class=\"elementor-container elementor-column-gap-default\">\n\t\t\t\t\t<div class=\"has_eae_slider elementor-column elementor-col-100 elementor-top-column elementor-element elementor-element-69883010\" data-eae-slider=\"53922\" data-id=\"69883010\" data-element_type=\"column\">\n\t\t\t<div class=\"elementor-widget-wrap elementor-element-populated\">\n\t\t\t\t\t\t<div class=\"elementor-element elementor-element-2eaa094c elementor-widget elementor-widget-heading\" data-id=\"2eaa094c\" data-element_type=\"widget\" data-widget_type=\"heading.default\">\n\t\t\t\t<div class=\"elementor-widget-container\">\n\t\t\t\t\t<h1 class=\"elementor-heading-title elementor-size-default\">PRESSOTER\u00c0PIA CAMES I ABDOMEN<\/h1>\t\t\t\t<\/div>\n\t\t\t\t<\/div>\n\t\t\t\t\t<\/div>\n\t\t<\/div>\n\t\t\t\t\t<\/div>\n\t\t<\/section>\n\t\t\t\t<section class=\"has_eae_slider elementor-section elementor-top-section elementor-element elementor-element-2af3c63 elementor-section-full_width elementor-section-height-default elementor-section-height-default\" data-eae-slider=\"82190\" data-id=\"2af3c63\" data-element_type=\"section\">\n\t\t\t\t\t\t<div class=\"elementor-container elementor-column-gap-default\">\n\t\t\t\t\t<div class=\"has_eae_slider elementor-column elementor-col-100 elementor-top-column elementor-element elementor-element-8ffbfb0\" data-eae-slider=\"33928\" data-id=\"8ffbfb0\" data-element_type=\"column\">\n\t\t\t<div class=\"elementor-widget-wrap elementor-element-populated\">\n\t\t\t\t\t\t<section class=\"has_eae_slider elementor-section elementor-inner-section elementor-element elementor-element-e570547 elementor-section-boxed elementor-section-height-default elementor-section-height-default\" data-eae-slider=\"76132\" data-id=\"e570547\" data-element_type=\"section\">\n\t\t\t\t\t\t<div class=\"elementor-container elementor-column-gap-default\">\n\t\t\t\t\t<div class=\"has_eae_slider elementor-column elementor-col-50 elementor-inner-column elementor-element elementor-element-400d761 elementor-hidden-phone\" data-eae-slider=\"4337\" data-id=\"400d761\" data-element_type=\"column\">\n\t\t\t<div class=\"elementor-widget-wrap\">\n\t\t\t\t\t\t\t<\/div>\n\t\t<\/div>\n\t\t\t\t<div class=\"has_eae_slider elementor-column elementor-col-50 elementor-inner-column elementor-element elementor-element-e666917\" data-eae-slider=\"41217\" data-id=\"e666917\" data-element_type=\"column\">\n\t\t\t<div class=\"elementor-widget-wrap elementor-element-populated\">\n\t\t\t\t\t\t<div class=\"elementor-element elementor-element-19261b7 animated-slow elementor-invisible elementor-widget elementor-widget-heading\" data-id=\"19261b7\" data-element_type=\"widget\" data-settings=\"{&quot;_animation&quot;:&quot;slideInDown&quot;}\" data-widget_type=\"heading.default\">\n\t\t\t\t<div class=\"elementor-widget-container\">\n\t\t\t\t\t<h2 class=\"elementor-heading-title elementor-size-default\">Pressoterapia cames i abdomen<\/h2>\t\t\t\t<\/div>\n\t\t\t\t<\/div>\n\t\t\t\t\t<\/div>\n\t\t<\/div>\n\t\t\t\t\t<\/div>\n\t\t<\/section>\n\t\t\t\t<section class=\"has_eae_slider elementor-section elementor-inner-section elementor-element elementor-element-280fa1a elementor-reverse-mobile elementor-section-boxed elementor-section-height-default elementor-section-height-default\" data-eae-slider=\"52725\" data-id=\"280fa1a\" data-element_type=\"section\">\n\t\t\t\t\t\t<div class=\"elementor-container elementor-column-gap-default\">\n\t\t\t\t\t<div class=\"has_eae_slider elementor-column elementor-col-50 elementor-inner-column elementor-element elementor-element-dc0a98c\" data-eae-slider=\"35148\" data-id=\"dc0a98c\" data-element_type=\"column\">\n\t\t\t<div class=\"elementor-widget-wrap elementor-element-populated\">\n\t\t\t\t\t\t<div class=\"elementor-element elementor-element-e770cd3 elementor-widget elementor-widget-text-editor\" data-id=\"e770cd3\" data-element_type=\"widget\" data-widget_type=\"text-editor.default\">\n\t\t\t\t<div class=\"elementor-widget-container\">\n\t\t\t\t\t\t\t\t\t<p>Tractaments per a cames i abdomen<\/p>\n\t\t\t\t\t\t\t\t<\/div>\n\t\t\t\t<\/div>\n\t\t\t\t<div class=\"elementor-element elementor-element-a93a064 elementor-widget elementor-widget-accordion\" data-id=\"a93a064\" data-element_type=\"widget\" data-widget_type=\"accordion.default\">\n\t\t\t\t<div class=\"elementor-widget-container\">\n\t\t\t\t\t\t\t<div class=\"elementor-accordion\">\n\t\t\t\t\t\t\t<div class=\"elementor-accordion-item\">\n\t\t\t\t\t<div id=\"elementor-tab-title-1771\" class=\"elementor-tab-title\" data-tab=\"1\" role=\"button\" aria-controls=\"elementor-tab-content-1771\" aria-expanded=\"false\">\n\t\t\t\t\t\t\t\t\t\t\t\t\t<span class=\"elementor-accordion-icon elementor-accordion-icon-left\" aria-hidden=\"true\">\n\t\t\t\t\t\t\t\t\t\t\t\t\t\t\t<span class=\"elementor-accordion-icon-closed\"><i class=\"fas fa-plus\"><\/i><\/span>\n\t\t\t\t\t\t\t\t<span class=\"elementor-accordion-icon-opened\"><i class=\"fas fa-minus\"><\/i><\/span>\n\t\t\t\t\t\t\t\t\t\t\t\t\t\t<\/span>\n\t\t\t\t\t\t\t\t\t\t\t\t<a class=\"elementor-accordion-title\" tabindex=\"0\">Qu\u00e9 millora?<\/a>\n\t\t\t\t\t<\/div>\n\t\t\t\t\t<div id=\"elementor-tab-content-1771\" class=\"elementor-tab-content elementor-clearfix\" data-tab=\"1\" role=\"region\" aria-labelledby=\"elementor-tab-title-1771\"><p>La pressoter\u00e0pia redueix les cames inflades degut a l\u2019estacament de l\u00edquids, alleuja el dolor i redueix l\u2019abdomen causat pel linfedema, i afavoreix la recuperaci\u00f3 muscular despr\u00e9s <br \/>d\u2018esfor\u00e7os musculars excessius, com per exemple : <br \/>Passar moltes hores de peu o actividad esportiva intensa.<\/p>\n<\/div>\n\t\t\t\t<\/div>\n\t\t\t\t\t\t\t<div class=\"elementor-accordion-item\">\n\t\t\t\t\t<div id=\"elementor-tab-title-1772\" class=\"elementor-tab-title\" data-tab=\"2\" role=\"button\" aria-controls=\"elementor-tab-content-1772\" aria-expanded=\"false\">\n\t\t\t\t\t\t\t\t\t\t\t\t\t<span class=\"elementor-accordion-icon elementor-accordion-icon-left\" aria-hidden=\"true\">\n\t\t\t\t\t\t\t\t\t\t\t\t\t\t\t<span class=\"elementor-accordion-icon-closed\"><i class=\"fas fa-plus\"><\/i><\/span>\n\t\t\t\t\t\t\t\t<span class=\"elementor-accordion-icon-opened\"><i class=\"fas fa-minus\"><\/i><\/span>\n\t\t\t\t\t\t\t\t\t\t\t\t\t\t<\/span>\n\t\t\t\t\t\t\t\t\t\t\t\t<a class=\"elementor-accordion-title\" tabindex=\"0\">Quin \u00e9s l'ojectiu?<\/a>\n\t\t\t\t\t<\/div>\n\t\t\t\t\t<div id=\"elementor-tab-content-1772\" class=\"elementor-tab-content elementor-clearfix\" data-tab=\"2\" role=\"region\" aria-labelledby=\"elementor-tab-title-1772\"><p>L&#8217;objectiu \u00e9s estimular el drenatge limf\u00e0tic per eliminar toxines i l\u00edquids, i reduir el volum de la cel.lulitis millorant tamb\u00e9 la circulaci\u00f3.<\/p>\n<\/div>\n\t\t\t\t<\/div>\n\t\t\t\t\t\t\t<div class=\"elementor-accordion-item\">\n\t\t\t\t\t<div id=\"elementor-tab-title-1773\" class=\"elementor-tab-title\" data-tab=\"3\" role=\"button\" aria-controls=\"elementor-tab-content-1773\" aria-expanded=\"false\">\n\t\t\t\t\t\t\t\t\t\t\t\t\t<span class=\"elementor-accordion-icon elementor-accordion-icon-left\" aria-hidden=\"true\">\n\t\t\t\t\t\t\t\t\t\t\t\t\t\t\t<span class=\"elementor-accordion-icon-closed\"><i class=\"fas fa-plus\"><\/i><\/span>\n\t\t\t\t\t\t\t\t<span class=\"elementor-accordion-icon-opened\"><i class=\"fas fa-minus\"><\/i><\/span>\n\t\t\t\t\t\t\t\t\t\t\t\t\t\t<\/span>\n\t\t\t\t\t\t\t\t\t\t\t\t<a class=\"elementor-accordion-title\" tabindex=\"0\">Como ho fa?<\/a>\n\t\t\t\t\t<\/div>\n\t\t\t\t\t<div id=\"elementor-tab-content-1773\" class=\"elementor-tab-content elementor-clearfix\" data-tab=\"3\" role=\"region\" aria-labelledby=\"elementor-tab-title-1773\"><p>A trav\u00e9s de pressi\u00f3 normalment ascendent, tot i que varia dependent del programa triat<\/p>\n<\/div>\n\t\t\t\t<\/div>\n\t\t\t\t\t\t\t<div class=\"elementor-accordion-item\">\n\t\t\t\t\t<div id=\"elementor-tab-title-1774\" class=\"elementor-tab-title\" data-tab=\"4\" role=\"button\" aria-controls=\"elementor-tab-content-1774\" aria-expanded=\"false\">\n\t\t\t\t\t\t\t\t\t\t\t\t\t<span class=\"elementor-accordion-icon elementor-accordion-icon-left\" aria-hidden=\"true\">\n\t\t\t\t\t\t\t\t\t\t\t\t\t\t\t<span class=\"elementor-accordion-icon-closed\"><i class=\"fas fa-plus\"><\/i><\/span>\n\t\t\t\t\t\t\t\t<span class=\"elementor-accordion-icon-opened\"><i class=\"fas fa-minus\"><\/i><\/span>\n\t\t\t\t\t\t\t\t\t\t\t\t\t\t<\/span>\n\t\t\t\t\t\t\t\t\t\t\t\t<a class=\"elementor-accordion-title\" tabindex=\"0\">Qu\u00e8 pots notar?<\/a>\n\t\t\t\t\t<\/div>\n\t\t\t\t\t<div id=\"elementor-tab-content-1774\" class=\"elementor-tab-content elementor-clearfix\" data-tab=\"4\" role=\"region\" aria-labelledby=\"elementor-tab-title-1774\"><p>Un cop finalitzada la sessi\u00f3, en el moment sentir\u00e0s lleugueresa i relaxaci\u00f3 a les cames a m\u00e9s de potenciar qualsevol tractament que s\u2019hagi fet a cabina.<\/p>\n<\/div>\n\t\t\t\t<\/div>\n\t\t\t\t\t\t\t<div class=\"elementor-accordion-item\">\n\t\t\t\t\t<div id=\"elementor-tab-title-1775\" class=\"elementor-tab-title\" data-tab=\"5\" role=\"button\" aria-controls=\"elementor-tab-content-1775\" aria-expanded=\"false\">\n\t\t\t\t\t\t\t\t\t\t\t\t\t<span class=\"elementor-accordion-icon elementor-accordion-icon-left\" aria-hidden=\"true\">\n\t\t\t\t\t\t\t\t\t\t\t\t\t\t\t<span class=\"elementor-accordion-icon-closed\"><i class=\"fas fa-plus\"><\/i><\/span>\n\t\t\t\t\t\t\t\t<span class=\"elementor-accordion-icon-opened\"><i class=\"fas fa-minus\"><\/i><\/span>\n\t\t\t\t\t\t\t\t\t\t\t\t\t\t<\/span>\n\t\t\t\t\t\t\t\t\t\t\t\t<a class=\"elementor-accordion-title\" tabindex=\"0\">Amb quina freq\u00fc\u00e8ncia s'ha de fer ?<\/a>\n\t\t\t\t\t<\/div>\n\t\t\t\t\t<div id=\"elementor-tab-content-1775\" class=\"elementor-tab-content elementor-clearfix\" data-tab=\"5\" role=\"region\" aria-labelledby=\"elementor-tab-title-1775\"><p>Depenent de cada cas, ja que personalitzem amb cada persona segons el problema que presenti. <br \/>Tot i aix\u00ed es recomana de 2 a 3 vegades a la setmana, com a tractament m\u00e9s intens. <br \/>I un vegada a la setmana com a manteniment <\/p>\n<p>Recomanem el pack de 10 sessions<\/p>\n<p>Recomendamos el pack de 10 sesiones<\/p>\n<\/div>\n\t\t\t\t<\/div>\n\t\t\t\t\t\t\t\t<\/div>\n\t\t\t\t\t\t<\/div>\n\t\t\t\t<\/div>\n\t\t\t\t\t<\/div>\n\t\t<\/div>\n\t\t\t\t<div class=\"has_eae_slider elementor-column elementor-col-50 elementor-inner-column elementor-element elementor-element-16ce40e\" data-eae-slider=\"35180\" data-id=\"16ce40e\" data-element_type=\"column\">\n\t\t\t<div class=\"elementor-widget-wrap elementor-element-populated\">\n\t\t\t\t\t\t<div class=\"elementor-element elementor-element-8fc9e9e elementor-widget elementor-widget-image\" data-id=\"8fc9e9e\" data-element_type=\"widget\" data-widget_type=\"image.default\">\n\t\t\t\t<div class=\"elementor-widget-container\">\n\t\t\t\t\t\t\t\t\t\t\t\t\t\t\t<img fetchpriority=\"high\" decoding=\"async\" width=\"1600\" height=\"1072\" src=\"https:\/\/hebe2000.com\/wp-content\/uploads\/2024\/09\/Pressoterapia.jpg\" class=\"attachment-full size-full wp-image-15836\" alt=\"\" srcset=\"https:\/\/hebe2000.com\/wp-content\/uploads\/2024\/09\/Pressoterapia.jpg 1600w, https:\/\/hebe2000.com\/wp-content\/uploads\/2024\/09\/Pressoterapia-300x201.jpg 300w, https:\/\/hebe2000.com\/wp-content\/uploads\/2024\/09\/Pressoterapia-1024x686.jpg 1024w, https:\/\/hebe2000.com\/wp-content\/uploads\/2024\/09\/Pressoterapia-768x515.jpg 768w, https:\/\/hebe2000.com\/wp-content\/uploads\/2024\/09\/Pressoterapia-1536x1029.jpg 1536w, https:\/\/hebe2000.com\/wp-content\/uploads\/2024\/09\/Pressoterapia-600x402.jpg 600w\" sizes=\"(max-width: 1600px) 100vw, 1600px\" \/>\t\t\t\t\t\t\t\t\t\t\t\t\t\t\t<\/div>\n\t\t\t\t<\/div>\n\t\t\t\t\t<\/div>\n\t\t<\/div>\n\t\t\t\t\t<\/div>\n\t\t<\/section>\n\t\t\t\t\t<\/div>\n\t\t<\/div>\n\t\t\t\t\t<\/div>\n\t\t<\/section>\n\t\t\t\t<\/div>\n\t\t","protected":false},"excerpt":{"rendered":"<p>PRESSOTER\u00c0PIA CAMES I ABDOMEN Pressoterapia cames i abdomen Tractaments per a cames i abdomen Qu\u00e9 millora? La pressoter\u00e0pia redueix les cames inflades degut a l\u2019estacament de l\u00edquids, alleuja el dolor i redueix l\u2019abdomen causat pel linfedema, i afavoreix la recuperaci\u00f3 muscular despr\u00e9s d\u2018esfor\u00e7os musculars excessius, com per exemple : Passar moltes hores de peu o &#8230; <a title=\"Pressoter\u00e0pia cames i abdomen\" class=\"read-more\" href=\"https:\/\/hebe2000.com\/ca\/pressoterapia-cames-i-abdomen\/\" aria-label=\"M\u00e9s informaci\u00f3 sobre Pressoter\u00e0pia cames i abdomen\">Read more<\/a><\/p>\n","protected":false},"author":1,"featured_media":0,"parent":0,"menu_order":0,"comment_status":"closed","ping_status":"closed","template":"","meta":{"_monsterinsights_skip_tracking":false,"_monsterinsights_sitenote_active":false,"_monsterinsights_sitenote_note":"","_monsterinsights_sitenote_category":0,"footnotes":""},"class_list":{"0":"post-15860","1":"page","2":"type-page","3":"status-publish","5":"no-featured-image-padding"},"yoast_head":"<!-- This site is optimized with the Yoast SEO plugin v26.6 - https:\/\/yoast.com\/wordpress\/plugins\/seo\/ -->\n<title>Tractament Pressoter\u00e0pia cames i abdomen de centre d&#039;est\u00e8tica - Hebe 2000<\/title>\n<meta name=\"description\" content=\"Tractament cames de centre de bellesa. Tractament de Peeling, Higiene Facial, Hidrataci\u00f3, Antiarrugas, etc. Per homes i dones.\" \/>\n<meta name=\"robots\" content=\"index, follow, max-snippet:-1, max-image-preview:large, max-video-preview:-1\" \/>\n<link rel=\"canonical\" href=\"https:\/\/hebe2000.com\/ca\/pressoterapia-cames-i-abdomen\/\" \/>\n<meta property=\"og:locale\" content=\"ca_ES\" \/>\n<meta property=\"og:type\" content=\"article\" \/>\n<meta property=\"og:title\" content=\"Tractament Pressoter\u00e0pia cames i abdomen de centre d&#039;est\u00e8tica - Hebe 2000\" \/>\n<meta property=\"og:description\" content=\"Tractament cames de centre de bellesa. Tractament de Peeling, Higiene Facial, Hidrataci\u00f3, Antiarrugas, etc. Per homes i dones.\" \/>\n<meta property=\"og:url\" content=\"https:\/\/hebe2000.com\/ca\/pressoterapia-cames-i-abdomen\/\" \/>\n<meta property=\"og:site_name\" content=\"Hebe 2000\" \/>\n<meta property=\"og:image\" content=\"https:\/\/hebe2000.com\/wp-content\/uploads\/2024\/09\/Pressoterapia.jpg\" \/>\n<meta name=\"twitter:card\" content=\"summary_large_image\" \/>\n<meta name=\"twitter:label1\" content=\"Temps estimat de lectura\" \/>\n\t<meta name=\"twitter:data1\" content=\"1 minut\" \/>\n<script type=\"application\/ld+json\" class=\"yoast-schema-graph\">{\"@context\":\"https:\/\/schema.org\",\"@graph\":[{\"@type\":\"WebPage\",\"@id\":\"https:\/\/hebe2000.com\/ca\/pressoterapia-cames-i-abdomen\/\",\"url\":\"https:\/\/hebe2000.com\/ca\/pressoterapia-cames-i-abdomen\/\",\"name\":\"Tractament Pressoter\u00e0pia cames i abdomen de centre d'est\u00e8tica - Hebe 2000\",\"isPartOf\":{\"@id\":\"https:\/\/hebe2000.com\/es\/#website\"},\"primaryImageOfPage\":{\"@id\":\"https:\/\/hebe2000.com\/ca\/pressoterapia-cames-i-abdomen\/#primaryimage\"},\"image\":{\"@id\":\"https:\/\/hebe2000.com\/ca\/pressoterapia-cames-i-abdomen\/#primaryimage\"},\"thumbnailUrl\":\"https:\/\/hebe2000.com\/wp-content\/uploads\/2024\/09\/Pressoterapia.jpg\",\"datePublished\":\"2024-09-02T11:41:11+00:00\",\"description\":\"Tractament cames de centre de bellesa. Tractament de Peeling, Higiene Facial, Hidrataci\u00f3, Antiarrugas, etc. Per homes i dones.\",\"breadcrumb\":{\"@id\":\"https:\/\/hebe2000.com\/ca\/pressoterapia-cames-i-abdomen\/#breadcrumb\"},\"inLanguage\":\"ca\",\"potentialAction\":[{\"@type\":\"ReadAction\",\"target\":[\"https:\/\/hebe2000.com\/ca\/pressoterapia-cames-i-abdomen\/\"]}]},{\"@type\":\"ImageObject\",\"inLanguage\":\"ca\",\"@id\":\"https:\/\/hebe2000.com\/ca\/pressoterapia-cames-i-abdomen\/#primaryimage\",\"url\":\"https:\/\/hebe2000.com\/wp-content\/uploads\/2024\/09\/Pressoterapia.jpg\",\"contentUrl\":\"https:\/\/hebe2000.com\/wp-content\/uploads\/2024\/09\/Pressoterapia.jpg\"},{\"@type\":\"BreadcrumbList\",\"@id\":\"https:\/\/hebe2000.com\/ca\/pressoterapia-cames-i-abdomen\/#breadcrumb\",\"itemListElement\":[{\"@type\":\"ListItem\",\"position\":1,\"name\":\"Portada\",\"item\":\"https:\/\/hebe2000.com\/ca\/inici\/\"},{\"@type\":\"ListItem\",\"position\":2,\"name\":\"Pressoter\u00e0pia cames i abdomen\"}]},{\"@type\":\"WebSite\",\"@id\":\"https:\/\/hebe2000.com\/es\/#website\",\"url\":\"https:\/\/hebe2000.com\/es\/\",\"name\":\"Hebe 2000\",\"description\":\"Centro de est\u00e9tica\",\"publisher\":{\"@id\":\"https:\/\/hebe2000.com\/es\/#organization\"},\"potentialAction\":[{\"@type\":\"SearchAction\",\"target\":{\"@type\":\"EntryPoint\",\"urlTemplate\":\"https:\/\/hebe2000.com\/es\/?s={search_term_string}\"},\"query-input\":{\"@type\":\"PropertyValueSpecification\",\"valueRequired\":true,\"valueName\":\"search_term_string\"}}],\"inLanguage\":\"ca\"},{\"@type\":\"Organization\",\"@id\":\"https:\/\/hebe2000.com\/es\/#organization\",\"name\":\"Hebe 2000\",\"url\":\"https:\/\/hebe2000.com\/es\/\",\"logo\":{\"@type\":\"ImageObject\",\"inLanguage\":\"ca\",\"@id\":\"https:\/\/hebe2000.com\/es\/#\/schema\/logo\/image\/\",\"url\":\"https:\/\/hebe2000.com\/wp-content\/uploads\/2022\/08\/LOGOhebe11.png\",\"contentUrl\":\"https:\/\/hebe2000.com\/wp-content\/uploads\/2022\/08\/LOGOhebe11.png\",\"width\":500,\"height\":250,\"caption\":\"Hebe 2000\"},\"image\":{\"@id\":\"https:\/\/hebe2000.com\/es\/#\/schema\/logo\/image\/\"}}]}<\/script>\n<!-- \/ Yoast SEO plugin. -->","yoast_head_json":{"title":"Tractament Pressoter\u00e0pia cames i abdomen de centre d'est\u00e8tica - Hebe 2000","description":"Tractament cames de centre de bellesa. Tractament de Peeling, Higiene Facial, Hidrataci\u00f3, Antiarrugas, etc. Per homes i dones.","robots":{"index":"index","follow":"follow","max-snippet":"max-snippet:-1","max-image-preview":"max-image-preview:large","max-video-preview":"max-video-preview:-1"},"canonical":"https:\/\/hebe2000.com\/ca\/pressoterapia-cames-i-abdomen\/","og_locale":"ca_ES","og_type":"article","og_title":"Tractament Pressoter\u00e0pia cames i abdomen de centre d'est\u00e8tica - Hebe 2000","og_description":"Tractament cames de centre de bellesa. Tractament de Peeling, Higiene Facial, Hidrataci\u00f3, Antiarrugas, etc. Per homes i dones.","og_url":"https:\/\/hebe2000.com\/ca\/pressoterapia-cames-i-abdomen\/","og_site_name":"Hebe 2000","og_image":[{"url":"https:\/\/hebe2000.com\/wp-content\/uploads\/2024\/09\/Pressoterapia.jpg","type":"","width":"","height":""}],"twitter_card":"summary_large_image","twitter_misc":{"Temps estimat de lectura":"1 minut"},"schema":{"@context":"https:\/\/schema.org","@graph":[{"@type":"WebPage","@id":"https:\/\/hebe2000.com\/ca\/pressoterapia-cames-i-abdomen\/","url":"https:\/\/hebe2000.com\/ca\/pressoterapia-cames-i-abdomen\/","name":"Tractament Pressoter\u00e0pia cames i abdomen de centre d'est\u00e8tica - Hebe 2000","isPartOf":{"@id":"https:\/\/hebe2000.com\/es\/#website"},"primaryImageOfPage":{"@id":"https:\/\/hebe2000.com\/ca\/pressoterapia-cames-i-abdomen\/#primaryimage"},"image":{"@id":"https:\/\/hebe2000.com\/ca\/pressoterapia-cames-i-abdomen\/#primaryimage"},"thumbnailUrl":"https:\/\/hebe2000.com\/wp-content\/uploads\/2024\/09\/Pressoterapia.jpg","datePublished":"2024-09-02T11:41:11+00:00","description":"Tractament cames de centre de bellesa. Tractament de Peeling, Higiene Facial, Hidrataci\u00f3, Antiarrugas, etc. Per homes i dones.","breadcrumb":{"@id":"https:\/\/hebe2000.com\/ca\/pressoterapia-cames-i-abdomen\/#breadcrumb"},"inLanguage":"ca","potentialAction":[{"@type":"ReadAction","target":["https:\/\/hebe2000.com\/ca\/pressoterapia-cames-i-abdomen\/"]}]},{"@type":"ImageObject","inLanguage":"ca","@id":"https:\/\/hebe2000.com\/ca\/pressoterapia-cames-i-abdomen\/#primaryimage","url":"https:\/\/hebe2000.com\/wp-content\/uploads\/2024\/09\/Pressoterapia.jpg","contentUrl":"https:\/\/hebe2000.com\/wp-content\/uploads\/2024\/09\/Pressoterapia.jpg"},{"@type":"BreadcrumbList","@id":"https:\/\/hebe2000.com\/ca\/pressoterapia-cames-i-abdomen\/#breadcrumb","itemListElement":[{"@type":"ListItem","position":1,"name":"Portada","item":"https:\/\/hebe2000.com\/ca\/inici\/"},{"@type":"ListItem","position":2,"name":"Pressoter\u00e0pia cames i abdomen"}]},{"@type":"WebSite","@id":"https:\/\/hebe2000.com\/es\/#website","url":"https:\/\/hebe2000.com\/es\/","name":"Hebe 2000","description":"Centro de est\u00e9tica","publisher":{"@id":"https:\/\/hebe2000.com\/es\/#organization"},"potentialAction":[{"@type":"SearchAction","target":{"@type":"EntryPoint","urlTemplate":"https:\/\/hebe2000.com\/es\/?s={search_term_string}"},"query-input":{"@type":"PropertyValueSpecification","valueRequired":true,"valueName":"search_term_string"}}],"inLanguage":"ca"},{"@type":"Organization","@id":"https:\/\/hebe2000.com\/es\/#organization","name":"Hebe 2000","url":"https:\/\/hebe2000.com\/es\/","logo":{"@type":"ImageObject","inLanguage":"ca","@id":"https:\/\/hebe2000.com\/es\/#\/schema\/logo\/image\/","url":"https:\/\/hebe2000.com\/wp-content\/uploads\/2022\/08\/LOGOhebe11.png","contentUrl":"https:\/\/hebe2000.com\/wp-content\/uploads\/2022\/08\/LOGOhebe11.png","width":500,"height":250,"caption":"Hebe 2000"},"image":{"@id":"https:\/\/hebe2000.com\/es\/#\/schema\/logo\/image\/"}}]}},"_links":{"self":[{"href":"https:\/\/hebe2000.com\/ca\/wp-json\/wp\/v2\/pages\/15860","targetHints":{"allow":["GET"]}}],"collection":[{"href":"https:\/\/hebe2000.com\/ca\/wp-json\/wp\/v2\/pages"}],"about":[{"href":"https:\/\/hebe2000.com\/ca\/wp-json\/wp\/v2\/types\/page"}],"author":[{"embeddable":true,"href":"https:\/\/hebe2000.com\/ca\/wp-json\/wp\/v2\/users\/1"}],"replies":[{"embeddable":true,"href":"https:\/\/hebe2000.com\/ca\/wp-json\/wp\/v2\/comments?post=15860"}],"version-history":[{"count":1,"href":"https:\/\/hebe2000.com\/ca\/wp-json\/wp\/v2\/pages\/15860\/revisions"}],"predecessor-version":[{"id":15861,"href":"https:\/\/hebe2000.com\/ca\/wp-json\/wp\/v2\/pages\/15860\/revisions\/15861"}],"wp:attachment":[{"href":"https:\/\/hebe2000.com\/ca\/wp-json\/wp\/v2\/media?parent=15860"}],"curies":[{"name":"wp","href":"https:\/\/api.w.org\/{rel}","templated":true}]}}