{"id":15862,"date":"2024-09-02T13:48:25","date_gmt":"2024-09-02T11:48:25","guid":{"rendered":"https:\/\/hebe2000.com\/tecnologia-leds\/"},"modified":"2024-09-02T13:48:26","modified_gmt":"2024-09-02T11:48:26","slug":"tecnologia-leds","status":"publish","type":"page","link":"https:\/\/hebe2000.com\/ca\/tecnologia-leds\/","title":{"rendered":"Tecnologia Leds"},"content":{"rendered":"\t\t<div data-elementor-type=\"wp-page\" data-elementor-id=\"15862\" class=\"elementor elementor-15862 elementor-15822\" data-elementor-post-type=\"page\">\n\t\t\t\t\t\t<section class=\"has_eae_slider elementor-section elementor-top-section elementor-element elementor-element-17878db2 elementor-section-height-min-height elementor-section-boxed elementor-section-height-default elementor-section-items-middle\" data-eae-slider=\"5831\" data-id=\"17878db2\" data-element_type=\"section\" data-settings=\"{&quot;background_background&quot;:&quot;classic&quot;}\">\n\t\t\t\t\t\t\t<div class=\"elementor-background-overlay\"><\/div>\n\t\t\t\t\t\t\t<div class=\"elementor-container elementor-column-gap-default\">\n\t\t\t\t\t<div class=\"has_eae_slider elementor-column elementor-col-100 elementor-top-column elementor-element elementor-element-69883010\" data-eae-slider=\"72980\" data-id=\"69883010\" data-element_type=\"column\">\n\t\t\t<div class=\"elementor-widget-wrap elementor-element-populated\">\n\t\t\t\t\t\t<div class=\"elementor-element elementor-element-2eaa094c elementor-widget elementor-widget-heading\" data-id=\"2eaa094c\" data-element_type=\"widget\" data-widget_type=\"heading.default\">\n\t\t\t\t<div class=\"elementor-widget-container\">\n\t\t\t\t\t<h1 class=\"elementor-heading-title elementor-size-default\">TRACTAMENTS PER L\u2019ENVELLIMENT\/FLACIDESA\/\u00c0CNE<\/h1>\t\t\t\t<\/div>\n\t\t\t\t<\/div>\n\t\t\t\t\t<\/div>\n\t\t<\/div>\n\t\t\t\t\t<\/div>\n\t\t<\/section>\n\t\t\t\t<section class=\"has_eae_slider elementor-section elementor-top-section elementor-element elementor-element-2af3c63 elementor-section-full_width elementor-section-height-default elementor-section-height-default\" data-eae-slider=\"34750\" data-id=\"2af3c63\" data-element_type=\"section\">\n\t\t\t\t\t\t<div class=\"elementor-container elementor-column-gap-default\">\n\t\t\t\t\t<div class=\"has_eae_slider elementor-column elementor-col-100 elementor-top-column elementor-element elementor-element-8ffbfb0\" data-eae-slider=\"34775\" data-id=\"8ffbfb0\" data-element_type=\"column\">\n\t\t\t<div class=\"elementor-widget-wrap elementor-element-populated\">\n\t\t\t\t\t\t<section class=\"has_eae_slider elementor-section elementor-inner-section elementor-element elementor-element-e570547 elementor-section-boxed elementor-section-height-default elementor-section-height-default\" data-eae-slider=\"5233\" data-id=\"e570547\" data-element_type=\"section\">\n\t\t\t\t\t\t<div class=\"elementor-container elementor-column-gap-default\">\n\t\t\t\t\t<div class=\"has_eae_slider elementor-column elementor-col-50 elementor-inner-column elementor-element elementor-element-400d761 elementor-hidden-phone\" data-eae-slider=\"29533\" data-id=\"400d761\" data-element_type=\"column\">\n\t\t\t<div class=\"elementor-widget-wrap\">\n\t\t\t\t\t\t\t<\/div>\n\t\t<\/div>\n\t\t\t\t<div class=\"has_eae_slider elementor-column elementor-col-50 elementor-inner-column elementor-element elementor-element-e666917\" data-eae-slider=\"49900\" data-id=\"e666917\" data-element_type=\"column\">\n\t\t\t<div class=\"elementor-widget-wrap elementor-element-populated\">\n\t\t\t\t\t\t<div class=\"elementor-element elementor-element-19261b7 animated-slow elementor-invisible elementor-widget elementor-widget-heading\" data-id=\"19261b7\" data-element_type=\"widget\" data-settings=\"{&quot;_animation&quot;:&quot;slideInDown&quot;}\" data-widget_type=\"heading.default\">\n\t\t\t\t<div class=\"elementor-widget-container\">\n\t\t\t\t\t<h2 class=\"elementor-heading-title elementor-size-default\">Tecnolog\u00eda amb Leds<\/h2>\t\t\t\t<\/div>\n\t\t\t\t<\/div>\n\t\t\t\t\t<\/div>\n\t\t<\/div>\n\t\t\t\t\t<\/div>\n\t\t<\/section>\n\t\t\t\t<section class=\"has_eae_slider elementor-section elementor-inner-section elementor-element elementor-element-280fa1a elementor-reverse-mobile elementor-section-boxed elementor-section-height-default elementor-section-height-default\" data-eae-slider=\"92154\" data-id=\"280fa1a\" data-element_type=\"section\">\n\t\t\t\t\t\t<div class=\"elementor-container elementor-column-gap-default\">\n\t\t\t\t\t<div class=\"has_eae_slider elementor-column elementor-col-50 elementor-inner-column elementor-element elementor-element-dc0a98c\" data-eae-slider=\"31310\" data-id=\"dc0a98c\" data-element_type=\"column\">\n\t\t\t<div class=\"elementor-widget-wrap elementor-element-populated\">\n\t\t\t\t\t\t<div class=\"elementor-element elementor-element-e770cd3 elementor-widget elementor-widget-text-editor\" data-id=\"e770cd3\" data-element_type=\"widget\" data-widget_type=\"text-editor.default\">\n\t\t\t\t<div class=\"elementor-widget-container\">\n\t\t\t\t\t\t\t\t\t<p>Tractaments per l&#8217;envelliment , flacidessa, acn\u00e9<\/p>\n\t\t\t\t\t\t\t\t<\/div>\n\t\t\t\t<\/div>\n\t\t\t\t<div class=\"elementor-element elementor-element-a93a064 elementor-widget elementor-widget-accordion\" data-id=\"a93a064\" data-element_type=\"widget\" data-widget_type=\"accordion.default\">\n\t\t\t\t<div class=\"elementor-widget-container\">\n\t\t\t\t\t\t\t<div class=\"elementor-accordion\">\n\t\t\t\t\t\t\t<div class=\"elementor-accordion-item\">\n\t\t\t\t\t<div id=\"elementor-tab-title-1771\" class=\"elementor-tab-title\" data-tab=\"1\" role=\"button\" aria-controls=\"elementor-tab-content-1771\" aria-expanded=\"false\">\n\t\t\t\t\t\t\t\t\t\t\t\t\t<span class=\"elementor-accordion-icon elementor-accordion-icon-left\" aria-hidden=\"true\">\n\t\t\t\t\t\t\t\t\t\t\t\t\t\t\t<span class=\"elementor-accordion-icon-closed\"><i class=\"fas fa-plus\"><\/i><\/span>\n\t\t\t\t\t\t\t\t<span class=\"elementor-accordion-icon-opened\"><i class=\"fas fa-minus\"><\/i><\/span>\n\t\t\t\t\t\t\t\t\t\t\t\t\t\t<\/span>\n\t\t\t\t\t\t\t\t\t\t\t\t<a class=\"elementor-accordion-title\" tabindex=\"0\">Qu\u00e9 millora?<\/a>\n\t\t\t\t\t<\/div>\n\t\t\t\t\t<div id=\"elementor-tab-content-1771\" class=\"elementor-tab-content elementor-clearfix\" data-tab=\"1\" role=\"region\" aria-labelledby=\"elementor-tab-title-1771\"><p>\u00c9s un tipus de tractament per la pell facial que millora notablament els s\u00edmptomes de l\u2019envelliment, la flaccidesa i l\u2019\u00e0cne. Ideal tamb\u00e9 per aquelles pells apagades, aportant il.luminaci\u00f3 i deixant una pell fresca i maca alhora. <\/p>\n<\/div>\n\t\t\t\t<\/div>\n\t\t\t\t\t\t\t<div class=\"elementor-accordion-item\">\n\t\t\t\t\t<div id=\"elementor-tab-title-1772\" class=\"elementor-tab-title\" data-tab=\"2\" role=\"button\" aria-controls=\"elementor-tab-content-1772\" aria-expanded=\"false\">\n\t\t\t\t\t\t\t\t\t\t\t\t\t<span class=\"elementor-accordion-icon elementor-accordion-icon-left\" aria-hidden=\"true\">\n\t\t\t\t\t\t\t\t\t\t\t\t\t\t\t<span class=\"elementor-accordion-icon-closed\"><i class=\"fas fa-plus\"><\/i><\/span>\n\t\t\t\t\t\t\t\t<span class=\"elementor-accordion-icon-opened\"><i class=\"fas fa-minus\"><\/i><\/span>\n\t\t\t\t\t\t\t\t\t\t\t\t\t\t<\/span>\n\t\t\t\t\t\t\t\t\t\t\t\t<a class=\"elementor-accordion-title\" tabindex=\"0\">Quin \u00e9s l'ojectiu?<\/a>\n\t\t\t\t\t<\/div>\n\t\t\t\t\t<div id=\"elementor-tab-content-1772\" class=\"elementor-tab-content elementor-clearfix\" data-tab=\"2\" role=\"region\" aria-labelledby=\"elementor-tab-title-1772\"><p>Redu\u00eer les l\u00ednees d\u2019expressi\u00f3 i arrugues m\u00e9s profundes <br \/>Augmentar significativament la fermesa de la pell <br \/>Augmentar l\u2019elasticitat de la pell <br \/>Redu\u00eer l\u2019\u00e0cne notablement<\/p>\n<\/div>\n\t\t\t\t<\/div>\n\t\t\t\t\t\t\t<div class=\"elementor-accordion-item\">\n\t\t\t\t\t<div id=\"elementor-tab-title-1773\" class=\"elementor-tab-title\" data-tab=\"3\" role=\"button\" aria-controls=\"elementor-tab-content-1773\" aria-expanded=\"false\">\n\t\t\t\t\t\t\t\t\t\t\t\t\t<span class=\"elementor-accordion-icon elementor-accordion-icon-left\" aria-hidden=\"true\">\n\t\t\t\t\t\t\t\t\t\t\t\t\t\t\t<span class=\"elementor-accordion-icon-closed\"><i class=\"fas fa-plus\"><\/i><\/span>\n\t\t\t\t\t\t\t\t<span class=\"elementor-accordion-icon-opened\"><i class=\"fas fa-minus\"><\/i><\/span>\n\t\t\t\t\t\t\t\t\t\t\t\t\t\t<\/span>\n\t\t\t\t\t\t\t\t\t\t\t\t<a class=\"elementor-accordion-title\" tabindex=\"0\">Como ho fa?<\/a>\n\t\t\t\t\t<\/div>\n\t\t\t\t\t<div id=\"elementor-tab-content-1773\" class=\"elementor-tab-content elementor-clearfix\" data-tab=\"3\" role=\"region\" aria-labelledby=\"elementor-tab-title-1773\"><p>\u00c9s una m\u00e0scara de silicona que s\u2019adapta perfectament a la cara, amb m\u00e9s de 600 punts de led per arribar b\u00e9 a tot arreu.<br \/>Els leds emeten fotons de llum de diferents colors, amb un tipus d\u2019ondes que penetra a la profunditat de la pell estimulant els fibroplasts, i aixi potenciant la producci\u00f3 de col.l\u00e0gen i enfortint les diferentes capes de la pell .<\/p>\n<\/div>\n\t\t\t\t<\/div>\n\t\t\t\t\t\t\t<div class=\"elementor-accordion-item\">\n\t\t\t\t\t<div id=\"elementor-tab-title-1774\" class=\"elementor-tab-title\" data-tab=\"4\" role=\"button\" aria-controls=\"elementor-tab-content-1774\" aria-expanded=\"false\">\n\t\t\t\t\t\t\t\t\t\t\t\t\t<span class=\"elementor-accordion-icon elementor-accordion-icon-left\" aria-hidden=\"true\">\n\t\t\t\t\t\t\t\t\t\t\t\t\t\t\t<span class=\"elementor-accordion-icon-closed\"><i class=\"fas fa-plus\"><\/i><\/span>\n\t\t\t\t\t\t\t\t<span class=\"elementor-accordion-icon-opened\"><i class=\"fas fa-minus\"><\/i><\/span>\n\t\t\t\t\t\t\t\t\t\t\t\t\t\t<\/span>\n\t\t\t\t\t\t\t\t\t\t\t\t<a class=\"elementor-accordion-title\" tabindex=\"0\">Qu\u00e8 pots notar?<\/a>\n\t\t\t\t\t<\/div>\n\t\t\t\t\t<div id=\"elementor-tab-content-1774\" class=\"elementor-tab-content elementor-clearfix\" data-tab=\"4\" role=\"region\" aria-labelledby=\"elementor-tab-title-1774\"><p>Mentre es fa el tractament absolutament res, no fa ni fred ni calor perqu\u00e8 no emet canvis de temperatura. Aix\u00f2 ens permet treballar amb pells molt sensibles que de vegades tan sols tocar-les ja reaccionen. <br \/>A mesura que es vagin fent les sessions veur\u00e0s els evidents resultats. <\/p>\n<\/div>\n\t\t\t\t<\/div>\n\t\t\t\t\t\t\t<div class=\"elementor-accordion-item\">\n\t\t\t\t\t<div id=\"elementor-tab-title-1775\" class=\"elementor-tab-title\" data-tab=\"5\" role=\"button\" aria-controls=\"elementor-tab-content-1775\" aria-expanded=\"false\">\n\t\t\t\t\t\t\t\t\t\t\t\t\t<span class=\"elementor-accordion-icon elementor-accordion-icon-left\" aria-hidden=\"true\">\n\t\t\t\t\t\t\t\t\t\t\t\t\t\t\t<span class=\"elementor-accordion-icon-closed\"><i class=\"fas fa-plus\"><\/i><\/span>\n\t\t\t\t\t\t\t\t<span class=\"elementor-accordion-icon-opened\"><i class=\"fas fa-minus\"><\/i><\/span>\n\t\t\t\t\t\t\t\t\t\t\t\t\t\t<\/span>\n\t\t\t\t\t\t\t\t\t\t\t\t<a class=\"elementor-accordion-title\" tabindex=\"0\">Quant dura la sessi\u00f3?<\/a>\n\t\t\t\t\t<\/div>\n\t\t\t\t\t<div id=\"elementor-tab-content-1775\" class=\"elementor-tab-content elementor-clearfix\" data-tab=\"5\" role=\"region\" aria-labelledby=\"elementor-tab-title-1775\"><p>Cada sessi\u00f3 dura 15minuts que disfrutar\u00e0s com un moment de pau i tranquil.litat acompanyat de m\u00fasica relaxant.<\/p>\n<\/div>\n\t\t\t\t<\/div>\n\t\t\t\t\t\t\t<div class=\"elementor-accordion-item\">\n\t\t\t\t\t<div id=\"elementor-tab-title-1776\" class=\"elementor-tab-title\" data-tab=\"6\" role=\"button\" aria-controls=\"elementor-tab-content-1776\" aria-expanded=\"false\">\n\t\t\t\t\t\t\t\t\t\t\t\t\t<span class=\"elementor-accordion-icon elementor-accordion-icon-left\" aria-hidden=\"true\">\n\t\t\t\t\t\t\t\t\t\t\t\t\t\t\t<span class=\"elementor-accordion-icon-closed\"><i class=\"fas fa-plus\"><\/i><\/span>\n\t\t\t\t\t\t\t\t<span class=\"elementor-accordion-icon-opened\"><i class=\"fas fa-minus\"><\/i><\/span>\n\t\t\t\t\t\t\t\t\t\t\t\t\t\t<\/span>\n\t\t\t\t\t\t\t\t\t\t\t\t<a class=\"elementor-accordion-title\" tabindex=\"0\">Amb quina freq\u00fc\u00e8ncia s'ha de fer ?<\/a>\n\t\t\t\t\t<\/div>\n\t\t\t\t\t<div id=\"elementor-tab-content-1776\" class=\"elementor-tab-content elementor-clearfix\" data-tab=\"6\" role=\"region\" aria-labelledby=\"elementor-tab-title-1776\"><p>Depenent de cada cas, ja que personalitzem amb cada persona segons el problema que presenti. <br \/>Tot i aix\u00ed es recomana de 2 a 3 vegades a la setmana con a tractament m\u00e9s intens. <br \/>I un vegada a la setmana com a manteniment<\/p>\n<p>Recomanem el pack de 10 sessions<\/p>\n<\/div>\n\t\t\t\t<\/div>\n\t\t\t\t\t\t\t\t<\/div>\n\t\t\t\t\t\t<\/div>\n\t\t\t\t<\/div>\n\t\t\t\t\t<\/div>\n\t\t<\/div>\n\t\t\t\t<div class=\"has_eae_slider elementor-column elementor-col-50 elementor-inner-column elementor-element elementor-element-16ce40e\" data-eae-slider=\"76399\" data-id=\"16ce40e\" data-element_type=\"column\">\n\t\t\t<div class=\"elementor-widget-wrap elementor-element-populated\">\n\t\t\t\t\t\t<div class=\"elementor-element elementor-element-8fc9e9e elementor-widget elementor-widget-image\" data-id=\"8fc9e9e\" data-element_type=\"widget\" data-widget_type=\"image.default\">\n\t\t\t\t<div class=\"elementor-widget-container\">\n\t\t\t\t\t\t\t\t\t\t\t\t\t\t\t<img fetchpriority=\"high\" decoding=\"async\" width=\"1600\" height=\"1064\" src=\"https:\/\/hebe2000.com\/wp-content\/uploads\/2024\/09\/mascareta_facial_leds.jpg\" class=\"attachment-full size-full wp-image-15826\" alt=\"\" srcset=\"https:\/\/hebe2000.com\/wp-content\/uploads\/2024\/09\/mascareta_facial_leds.jpg 1600w, https:\/\/hebe2000.com\/wp-content\/uploads\/2024\/09\/mascareta_facial_leds-300x200.jpg 300w, https:\/\/hebe2000.com\/wp-content\/uploads\/2024\/09\/mascareta_facial_leds-1024x681.jpg 1024w, https:\/\/hebe2000.com\/wp-content\/uploads\/2024\/09\/mascareta_facial_leds-768x511.jpg 768w, https:\/\/hebe2000.com\/wp-content\/uploads\/2024\/09\/mascareta_facial_leds-1536x1021.jpg 1536w, https:\/\/hebe2000.com\/wp-content\/uploads\/2024\/09\/mascareta_facial_leds-600x399.jpg 600w\" sizes=\"(max-width: 1600px) 100vw, 1600px\" \/>\t\t\t\t\t\t\t\t\t\t\t\t\t\t\t<\/div>\n\t\t\t\t<\/div>\n\t\t\t\t\t<\/div>\n\t\t<\/div>\n\t\t\t\t\t<\/div>\n\t\t<\/section>\n\t\t\t\t\t<\/div>\n\t\t<\/div>\n\t\t\t\t\t<\/div>\n\t\t<\/section>\n\t\t\t\t<\/div>\n\t\t","protected":false},"excerpt":{"rendered":"<p>TRACTAMENTS PER L\u2019ENVELLIMENT\/FLACIDESA\/\u00c0CNE Tecnolog\u00eda amb Leds Tractaments per l&#8217;envelliment , flacidessa, acn\u00e9 Qu\u00e9 millora? \u00c9s un tipus de tractament per la pell facial que millora notablament els s\u00edmptomes de l\u2019envelliment, la flaccidesa i l\u2019\u00e0cne. Ideal tamb\u00e9 per aquelles pells apagades, aportant il.luminaci\u00f3 i deixant una pell fresca i maca alhora. Quin \u00e9s l&#8217;ojectiu? Redu\u00eer les &#8230; <a title=\"Tecnologia Leds\" class=\"read-more\" href=\"https:\/\/hebe2000.com\/ca\/tecnologia-leds\/\" aria-label=\"M\u00e9s informaci\u00f3 sobre Tecnologia Leds\">Read more<\/a><\/p>\n","protected":false},"author":1,"featured_media":0,"parent":0,"menu_order":0,"comment_status":"closed","ping_status":"closed","template":"","meta":{"_monsterinsights_skip_tracking":false,"_monsterinsights_sitenote_active":false,"_monsterinsights_sitenote_note":"","_monsterinsights_sitenote_category":0,"footnotes":""},"class_list":{"0":"post-15862","1":"page","2":"type-page","3":"status-publish","5":"no-featured-image-padding"},"yoast_head":"<!-- This site is optimized with the Yoast SEO plugin v26.6 - https:\/\/yoast.com\/wordpress\/plugins\/seo\/ -->\n<title>Tractament Tecnologia Leds de centre d&#039;est\u00e8tica - Hebe 2000<\/title>\n<meta name=\"description\" content=\"Tractament TECONOLOGIA AMB LEDS PER L\u2019ENVELLIMENT\/FLACIDESA\/\u00c0CNE Tractament TECONOLOGIA AMB LEDS Per homes i dones.\" \/>\n<meta name=\"robots\" content=\"index, follow, max-snippet:-1, max-image-preview:large, max-video-preview:-1\" \/>\n<link rel=\"canonical\" href=\"https:\/\/hebe2000.com\/ca\/tecnologia-leds\/\" \/>\n<meta property=\"og:locale\" content=\"ca_ES\" \/>\n<meta property=\"og:type\" content=\"article\" \/>\n<meta property=\"og:title\" content=\"Tractament Tecnologia Leds de centre d&#039;est\u00e8tica - Hebe 2000\" \/>\n<meta property=\"og:description\" content=\"Tractament TECONOLOGIA AMB LEDS PER L\u2019ENVELLIMENT\/FLACIDESA\/\u00c0CNE Tractament TECONOLOGIA AMB LEDS Per homes i dones.\" \/>\n<meta property=\"og:url\" content=\"https:\/\/hebe2000.com\/ca\/tecnologia-leds\/\" \/>\n<meta property=\"og:site_name\" content=\"Hebe 2000\" \/>\n<meta property=\"article:modified_time\" content=\"2024-09-02T11:48:26+00:00\" \/>\n<meta property=\"og:image\" content=\"https:\/\/hebe2000.com\/wp-content\/uploads\/2024\/09\/mascareta_facial_leds.jpg\" \/>\n<meta name=\"twitter:card\" content=\"summary_large_image\" \/>\n<meta name=\"twitter:label1\" content=\"Temps estimat de lectura\" \/>\n\t<meta name=\"twitter:data1\" content=\"1 minut\" \/>\n<script type=\"application\/ld+json\" class=\"yoast-schema-graph\">{\"@context\":\"https:\/\/schema.org\",\"@graph\":[{\"@type\":\"WebPage\",\"@id\":\"https:\/\/hebe2000.com\/ca\/tecnologia-leds\/\",\"url\":\"https:\/\/hebe2000.com\/ca\/tecnologia-leds\/\",\"name\":\"Tractament Tecnologia Leds de centre d'est\u00e8tica - Hebe 2000\",\"isPartOf\":{\"@id\":\"https:\/\/hebe2000.com\/es\/#website\"},\"primaryImageOfPage\":{\"@id\":\"https:\/\/hebe2000.com\/ca\/tecnologia-leds\/#primaryimage\"},\"image\":{\"@id\":\"https:\/\/hebe2000.com\/ca\/tecnologia-leds\/#primaryimage\"},\"thumbnailUrl\":\"https:\/\/hebe2000.com\/wp-content\/uploads\/2024\/09\/mascareta_facial_leds.jpg\",\"datePublished\":\"2024-09-02T11:48:25+00:00\",\"dateModified\":\"2024-09-02T11:48:26+00:00\",\"description\":\"Tractament TECONOLOGIA AMB LEDS PER L\u2019ENVELLIMENT\/FLACIDESA\/\u00c0CNE Tractament TECONOLOGIA AMB LEDS Per homes i dones.\",\"breadcrumb\":{\"@id\":\"https:\/\/hebe2000.com\/ca\/tecnologia-leds\/#breadcrumb\"},\"inLanguage\":\"ca\",\"potentialAction\":[{\"@type\":\"ReadAction\",\"target\":[\"https:\/\/hebe2000.com\/ca\/tecnologia-leds\/\"]}]},{\"@type\":\"ImageObject\",\"inLanguage\":\"ca\",\"@id\":\"https:\/\/hebe2000.com\/ca\/tecnologia-leds\/#primaryimage\",\"url\":\"https:\/\/hebe2000.com\/wp-content\/uploads\/2024\/09\/mascareta_facial_leds.jpg\",\"contentUrl\":\"https:\/\/hebe2000.com\/wp-content\/uploads\/2024\/09\/mascareta_facial_leds.jpg\"},{\"@type\":\"BreadcrumbList\",\"@id\":\"https:\/\/hebe2000.com\/ca\/tecnologia-leds\/#breadcrumb\",\"itemListElement\":[{\"@type\":\"ListItem\",\"position\":1,\"name\":\"Portada\",\"item\":\"https:\/\/hebe2000.com\/ca\/inici\/\"},{\"@type\":\"ListItem\",\"position\":2,\"name\":\"Tecnologia Leds\"}]},{\"@type\":\"WebSite\",\"@id\":\"https:\/\/hebe2000.com\/es\/#website\",\"url\":\"https:\/\/hebe2000.com\/es\/\",\"name\":\"Hebe 2000\",\"description\":\"Centro de est\u00e9tica\",\"publisher\":{\"@id\":\"https:\/\/hebe2000.com\/es\/#organization\"},\"potentialAction\":[{\"@type\":\"SearchAction\",\"target\":{\"@type\":\"EntryPoint\",\"urlTemplate\":\"https:\/\/hebe2000.com\/es\/?s={search_term_string}\"},\"query-input\":{\"@type\":\"PropertyValueSpecification\",\"valueRequired\":true,\"valueName\":\"search_term_string\"}}],\"inLanguage\":\"ca\"},{\"@type\":\"Organization\",\"@id\":\"https:\/\/hebe2000.com\/es\/#organization\",\"name\":\"Hebe 2000\",\"url\":\"https:\/\/hebe2000.com\/es\/\",\"logo\":{\"@type\":\"ImageObject\",\"inLanguage\":\"ca\",\"@id\":\"https:\/\/hebe2000.com\/es\/#\/schema\/logo\/image\/\",\"url\":\"https:\/\/hebe2000.com\/wp-content\/uploads\/2022\/08\/LOGOhebe11.png\",\"contentUrl\":\"https:\/\/hebe2000.com\/wp-content\/uploads\/2022\/08\/LOGOhebe11.png\",\"width\":500,\"height\":250,\"caption\":\"Hebe 2000\"},\"image\":{\"@id\":\"https:\/\/hebe2000.com\/es\/#\/schema\/logo\/image\/\"}}]}<\/script>\n<!-- \/ Yoast SEO plugin. -->","yoast_head_json":{"title":"Tractament Tecnologia Leds de centre d'est\u00e8tica - Hebe 2000","description":"Tractament TECONOLOGIA AMB LEDS PER L\u2019ENVELLIMENT\/FLACIDESA\/\u00c0CNE Tractament TECONOLOGIA AMB LEDS Per homes i dones.","robots":{"index":"index","follow":"follow","max-snippet":"max-snippet:-1","max-image-preview":"max-image-preview:large","max-video-preview":"max-video-preview:-1"},"canonical":"https:\/\/hebe2000.com\/ca\/tecnologia-leds\/","og_locale":"ca_ES","og_type":"article","og_title":"Tractament Tecnologia Leds de centre d'est\u00e8tica - Hebe 2000","og_description":"Tractament TECONOLOGIA AMB LEDS PER L\u2019ENVELLIMENT\/FLACIDESA\/\u00c0CNE Tractament TECONOLOGIA AMB LEDS Per homes i dones.","og_url":"https:\/\/hebe2000.com\/ca\/tecnologia-leds\/","og_site_name":"Hebe 2000","article_modified_time":"2024-09-02T11:48:26+00:00","og_image":[{"url":"https:\/\/hebe2000.com\/wp-content\/uploads\/2024\/09\/mascareta_facial_leds.jpg","type":"","width":"","height":""}],"twitter_card":"summary_large_image","twitter_misc":{"Temps estimat de lectura":"1 minut"},"schema":{"@context":"https:\/\/schema.org","@graph":[{"@type":"WebPage","@id":"https:\/\/hebe2000.com\/ca\/tecnologia-leds\/","url":"https:\/\/hebe2000.com\/ca\/tecnologia-leds\/","name":"Tractament Tecnologia Leds de centre d'est\u00e8tica - Hebe 2000","isPartOf":{"@id":"https:\/\/hebe2000.com\/es\/#website"},"primaryImageOfPage":{"@id":"https:\/\/hebe2000.com\/ca\/tecnologia-leds\/#primaryimage"},"image":{"@id":"https:\/\/hebe2000.com\/ca\/tecnologia-leds\/#primaryimage"},"thumbnailUrl":"https:\/\/hebe2000.com\/wp-content\/uploads\/2024\/09\/mascareta_facial_leds.jpg","datePublished":"2024-09-02T11:48:25+00:00","dateModified":"2024-09-02T11:48:26+00:00","description":"Tractament TECONOLOGIA AMB LEDS PER L\u2019ENVELLIMENT\/FLACIDESA\/\u00c0CNE Tractament TECONOLOGIA AMB LEDS Per homes i dones.","breadcrumb":{"@id":"https:\/\/hebe2000.com\/ca\/tecnologia-leds\/#breadcrumb"},"inLanguage":"ca","potentialAction":[{"@type":"ReadAction","target":["https:\/\/hebe2000.com\/ca\/tecnologia-leds\/"]}]},{"@type":"ImageObject","inLanguage":"ca","@id":"https:\/\/hebe2000.com\/ca\/tecnologia-leds\/#primaryimage","url":"https:\/\/hebe2000.com\/wp-content\/uploads\/2024\/09\/mascareta_facial_leds.jpg","contentUrl":"https:\/\/hebe2000.com\/wp-content\/uploads\/2024\/09\/mascareta_facial_leds.jpg"},{"@type":"BreadcrumbList","@id":"https:\/\/hebe2000.com\/ca\/tecnologia-leds\/#breadcrumb","itemListElement":[{"@type":"ListItem","position":1,"name":"Portada","item":"https:\/\/hebe2000.com\/ca\/inici\/"},{"@type":"ListItem","position":2,"name":"Tecnologia Leds"}]},{"@type":"WebSite","@id":"https:\/\/hebe2000.com\/es\/#website","url":"https:\/\/hebe2000.com\/es\/","name":"Hebe 2000","description":"Centro de est\u00e9tica","publisher":{"@id":"https:\/\/hebe2000.com\/es\/#organization"},"potentialAction":[{"@type":"SearchAction","target":{"@type":"EntryPoint","urlTemplate":"https:\/\/hebe2000.com\/es\/?s={search_term_string}"},"query-input":{"@type":"PropertyValueSpecification","valueRequired":true,"valueName":"search_term_string"}}],"inLanguage":"ca"},{"@type":"Organization","@id":"https:\/\/hebe2000.com\/es\/#organization","name":"Hebe 2000","url":"https:\/\/hebe2000.com\/es\/","logo":{"@type":"ImageObject","inLanguage":"ca","@id":"https:\/\/hebe2000.com\/es\/#\/schema\/logo\/image\/","url":"https:\/\/hebe2000.com\/wp-content\/uploads\/2022\/08\/LOGOhebe11.png","contentUrl":"https:\/\/hebe2000.com\/wp-content\/uploads\/2022\/08\/LOGOhebe11.png","width":500,"height":250,"caption":"Hebe 2000"},"image":{"@id":"https:\/\/hebe2000.com\/es\/#\/schema\/logo\/image\/"}}]}},"_links":{"self":[{"href":"https:\/\/hebe2000.com\/ca\/wp-json\/wp\/v2\/pages\/15862","targetHints":{"allow":["GET"]}}],"collection":[{"href":"https:\/\/hebe2000.com\/ca\/wp-json\/wp\/v2\/pages"}],"about":[{"href":"https:\/\/hebe2000.com\/ca\/wp-json\/wp\/v2\/types\/page"}],"author":[{"embeddable":true,"href":"https:\/\/hebe2000.com\/ca\/wp-json\/wp\/v2\/users\/1"}],"replies":[{"embeddable":true,"href":"https:\/\/hebe2000.com\/ca\/wp-json\/wp\/v2\/comments?post=15862"}],"version-history":[{"count":1,"href":"https:\/\/hebe2000.com\/ca\/wp-json\/wp\/v2\/pages\/15862\/revisions"}],"predecessor-version":[{"id":15863,"href":"https:\/\/hebe2000.com\/ca\/wp-json\/wp\/v2\/pages\/15862\/revisions\/15863"}],"wp:attachment":[{"href":"https:\/\/hebe2000.com\/ca\/wp-json\/wp\/v2\/media?parent=15862"}],"curies":[{"name":"wp","href":"https:\/\/api.w.org\/{rel}","templated":true}]}}