{"id":16073,"date":"2025-08-26T11:50:07","date_gmt":"2025-08-26T09:50:07","guid":{"rendered":"https:\/\/hebe2000.com\/osteopatia-metode-poyet\/"},"modified":"2025-08-26T11:50:08","modified_gmt":"2025-08-26T09:50:08","slug":"osteopatia-metode-poyet","status":"publish","type":"page","link":"https:\/\/hebe2000.com\/ca\/osteopatia-metode-poyet\/","title":{"rendered":"Osteopatia M\u00e8tode Poyet"},"content":{"rendered":"\t\t<div data-elementor-type=\"wp-page\" data-elementor-id=\"16073\" class=\"elementor elementor-16073 elementor-13977\" data-elementor-post-type=\"page\">\n\t\t\t\t\t\t<section class=\"has_eae_slider elementor-section elementor-top-section elementor-element elementor-element-7b74e66a elementor-section-height-min-height elementor-section-boxed elementor-section-height-default elementor-section-items-middle\" data-eae-slider=\"96737\" data-id=\"7b74e66a\" data-element_type=\"section\" data-settings=\"{&quot;background_background&quot;:&quot;classic&quot;}\">\n\t\t\t\t\t\t\t<div class=\"elementor-background-overlay\"><\/div>\n\t\t\t\t\t\t\t<div class=\"elementor-container elementor-column-gap-default\">\n\t\t\t\t\t<div class=\"has_eae_slider elementor-column elementor-col-100 elementor-top-column elementor-element elementor-element-63c3e1d7\" data-eae-slider=\"7384\" data-id=\"63c3e1d7\" data-element_type=\"column\">\n\t\t\t<div class=\"elementor-widget-wrap elementor-element-populated\">\n\t\t\t\t\t\t<div class=\"elementor-element elementor-element-789c402b elementor-widget elementor-widget-heading\" data-id=\"789c402b\" data-element_type=\"widget\" data-widget_type=\"heading.default\">\n\t\t\t\t<div class=\"elementor-widget-container\">\n\t\t\t\t\t<h1 class=\"elementor-heading-title elementor-size-default\">Osteopatia M\u00e8tode Poyet  <\/h1>\t\t\t\t<\/div>\n\t\t\t\t<\/div>\n\t\t\t\t<div class=\"elementor-element elementor-element-333dc9e elementor-widget elementor-widget-heading\" data-id=\"333dc9e\" data-element_type=\"widget\" data-widget_type=\"heading.default\">\n\t\t\t\t<div class=\"elementor-widget-container\">\n\t\t\t\t\t<p class=\"elementor-heading-title elementor-size-default\">Osteopatia m\u00e8tode poyet, una de les millors maneres de combatre el dolar lumbar, en la cr\u00edtica, etc.  <\/p>\t\t\t\t<\/div>\n\t\t\t\t<\/div>\n\t\t\t\t\t<\/div>\n\t\t<\/div>\n\t\t\t\t\t<\/div>\n\t\t<\/section>\n\t\t\t\t<section class=\"has_eae_slider elementor-section elementor-top-section elementor-element elementor-element-0de6df2 elementor-section-boxed elementor-section-height-default elementor-section-height-default\" data-eae-slider=\"23640\" data-id=\"0de6df2\" data-element_type=\"section\">\n\t\t\t\t\t\t<div class=\"elementor-container elementor-column-gap-default\">\n\t\t\t\t\t<div class=\"has_eae_slider elementor-column elementor-col-100 elementor-top-column elementor-element elementor-element-ceffd63\" data-eae-slider=\"19542\" data-id=\"ceffd63\" data-element_type=\"column\">\n\t\t\t<div class=\"elementor-widget-wrap elementor-element-populated\">\n\t\t\t\t\t\t<section class=\"has_eae_slider elementor-section elementor-inner-section elementor-element elementor-element-38f7d1f elementor-section-boxed elementor-section-height-default elementor-section-height-default\" data-eae-slider=\"55428\" data-id=\"38f7d1f\" data-element_type=\"section\">\n\t\t\t\t\t\t<div class=\"elementor-container elementor-column-gap-default\">\n\t\t\t\t\t<div class=\"has_eae_slider elementor-column elementor-col-25 elementor-inner-column elementor-element elementor-element-730bd50\" data-eae-slider=\"40559\" data-id=\"730bd50\" data-element_type=\"column\">\n\t\t\t<div class=\"elementor-widget-wrap\">\n\t\t\t\t\t\t\t<\/div>\n\t\t<\/div>\n\t\t\t\t<div class=\"has_eae_slider elementor-column elementor-col-25 elementor-inner-column elementor-element elementor-element-3bae0ce\" data-eae-slider=\"9601\" data-id=\"3bae0ce\" data-element_type=\"column\">\n\t\t\t<div class=\"elementor-widget-wrap elementor-element-populated\">\n\t\t\t\t\t\t<div class=\"elementor-element elementor-element-925755b elementor-widget elementor-widget-text-editor\" data-id=\"925755b\" data-element_type=\"widget\" data-widget_type=\"text-editor.default\">\n\t\t\t\t<div class=\"elementor-widget-container\">\n\t\t\t\t\t\t\t\t\t<p>La ter\u00e0pia sacrocranial del M\u00e8tode Poyet \u00e9s un procediment que s&#8217;engloba dins la ter\u00e0pia manual.<\/p><p>Resultat de la cerca del seu creador Maurice Raymond Poyet, fisioterapeuta, oste\u00f2pata i acupuntor franc\u00e8s, que al llarg de la seva carrera desenvolupar\u00e0 aquesta nova i revolucion\u00e0ria metodologia de treball.<\/p>\t\t\t\t\t\t\t\t<\/div>\n\t\t\t\t<\/div>\n\t\t\t\t\t<\/div>\n\t\t<\/div>\n\t\t\t\t<div class=\"has_eae_slider elementor-column elementor-col-25 elementor-inner-column elementor-element elementor-element-6032c19\" data-eae-slider=\"88297\" data-id=\"6032c19\" data-element_type=\"column\">\n\t\t\t<div class=\"elementor-widget-wrap elementor-element-populated\">\n\t\t\t\t\t\t<div class=\"elementor-element elementor-element-f2cc520 elementor-widget elementor-widget-image\" data-id=\"f2cc520\" data-element_type=\"widget\" data-widget_type=\"image.default\">\n\t\t\t\t<div class=\"elementor-widget-container\">\n\t\t\t\t\t\t\t\t\t\t\t\t\t\t\t<img decoding=\"async\" src=\"https:\/\/hebe2000.com\/wp-content\/uploads\/2019\/10\/AdobeStock_145193722_Preview-1.jpeg\" title=\"\" alt=\"\" loading=\"lazy\" \/>\t\t\t\t\t\t\t\t\t\t\t\t\t\t\t<\/div>\n\t\t\t\t<\/div>\n\t\t\t\t\t<\/div>\n\t\t<\/div>\n\t\t\t\t<div class=\"has_eae_slider elementor-column elementor-col-25 elementor-inner-column elementor-element elementor-element-2eba9f5\" data-eae-slider=\"85326\" data-id=\"2eba9f5\" data-element_type=\"column\">\n\t\t\t<div class=\"elementor-widget-wrap\">\n\t\t\t\t\t\t\t<\/div>\n\t\t<\/div>\n\t\t\t\t\t<\/div>\n\t\t<\/section>\n\t\t\t\t\t<\/div>\n\t\t<\/div>\n\t\t\t\t\t<\/div>\n\t\t<\/section>\n\t\t\t\t<section class=\"has_eae_slider elementor-section elementor-top-section elementor-element elementor-element-680084b elementor-section-boxed elementor-section-height-default elementor-section-height-default\" data-eae-slider=\"9847\" data-id=\"680084b\" data-element_type=\"section\">\n\t\t\t\t\t\t<div class=\"elementor-container elementor-column-gap-default\">\n\t\t\t\t\t<div class=\"has_eae_slider elementor-column elementor-col-16 elementor-top-column elementor-element elementor-element-b9dca71\" data-eae-slider=\"7076\" data-id=\"b9dca71\" data-element_type=\"column\">\n\t\t\t<div class=\"elementor-widget-wrap\">\n\t\t\t\t\t\t\t<\/div>\n\t\t<\/div>\n\t\t\t\t<div class=\"has_eae_slider elementor-column elementor-col-66 elementor-top-column elementor-element elementor-element-330845c\" data-eae-slider=\"4560\" data-id=\"330845c\" data-element_type=\"column\">\n\t\t\t<div class=\"elementor-widget-wrap elementor-element-populated\">\n\t\t\t\t\t\t<div class=\"elementor-element elementor-element-d43382b elementor-widget elementor-widget-text-editor\" data-id=\"d43382b\" data-element_type=\"widget\" data-widget_type=\"text-editor.default\">\n\t\t\t\t<div class=\"elementor-widget-container\">\n\t\t\t\t\t\t\t\t\t<p>Treballa sobre el sistema (motor) muscular i esquel\u00e8tic que compr\u00e8n els ossos el conjunt per articular: i les espatlles i f\u00e0scies.<\/p><p>Es realitza un diagn\u00f2stic a trav\u00e9s dels ossos de la cara i c\u00e0rnia gr\u00e0cies a la somatotropina i seguidament es realitza la correcci\u00f3 a nivell del sacre, cosa que permet una harmonitzaci\u00f3 global de tot el cos. Sense oblidar el treball local, cosa que permet aportar un equilibri individual a cada persona. <\/p><p>\u00c9s una t\u00e8cnica respectuosa, no manipulativa, mitjan\u00e7ant uns gestos suaus i precisos es d\u00f3na la informaci\u00f3 de la direcci\u00f3 correcta donant pas a l&#8217;equilibri estructural.<\/p><p>&#8220;Per fer l&#8217;escolta correcta de qualsevol estructura, la pressi\u00f3 de la nostra m\u00e0 no ha de ser superior que la d&#8217;una papallona quan es posa sobre una flor&#8221; Maurice Raymond Poyet<\/p><p>\u00c9s un m\u00e8tode apropiat en casos de:<\/p><ul><li>Ci\u00e0tica<\/li><li>Lumb\u00e0lgies<\/li><li>Migranyes<\/li><li>Tendinitis<\/li><li>Dolors en general<\/li><\/ul>\t\t\t\t\t\t\t\t<\/div>\n\t\t\t\t<\/div>\n\t\t\t\t\t<\/div>\n\t\t<\/div>\n\t\t\t\t<div class=\"has_eae_slider elementor-column elementor-col-16 elementor-top-column elementor-element elementor-element-60541b0\" data-eae-slider=\"4444\" data-id=\"60541b0\" data-element_type=\"column\">\n\t\t\t<div class=\"elementor-widget-wrap\">\n\t\t\t\t\t\t\t<\/div>\n\t\t<\/div>\n\t\t\t\t\t<\/div>\n\t\t<\/section>\n\t\t\t\t<\/div>\n\t\t","protected":false},"excerpt":{"rendered":"<p>Osteopatia M\u00e8tode Poyet Osteopatia m\u00e8tode poyet, una de les millors maneres de combatre el dolar lumbar, en la cr\u00edtica, etc. La ter\u00e0pia sacrocranial del M\u00e8tode Poyet \u00e9s un procediment que s&#8217;engloba dins la ter\u00e0pia manual. Resultat de la cerca del seu creador Maurice Raymond Poyet, fisioterapeuta, oste\u00f2pata i acupuntor franc\u00e8s, que al llarg de la &#8230; <a title=\"Osteopatia M\u00e8tode Poyet\" class=\"read-more\" href=\"https:\/\/hebe2000.com\/ca\/osteopatia-metode-poyet\/\" aria-label=\"M\u00e9s informaci\u00f3 sobre Osteopatia M\u00e8tode Poyet\">Read more<\/a><\/p>\n","protected":false},"author":1,"featured_media":0,"parent":0,"menu_order":0,"comment_status":"closed","ping_status":"closed","template":"","meta":{"_monsterinsights_skip_tracking":false,"_monsterinsights_sitenote_active":false,"_monsterinsights_sitenote_note":"","_monsterinsights_sitenote_category":0,"footnotes":""},"class_list":{"0":"post-16073","1":"page","2":"type-page","3":"status-publish","5":"no-featured-image-padding"},"yoast_head":"<!-- This site is optimized with the Yoast SEO plugin v26.6 - https:\/\/yoast.com\/wordpress\/plugins\/seo\/ -->\n<title>Osteopatia M\u00e8tode Poyet a Figueres Hebe 2000<\/title>\n<meta name=\"description\" content=\"L&#039;osteopatia, especialment el m\u00e8tode poyet, \u00e9s un dels millors remeis per mitigar i fins i tot eliminar el mal de lumbar, migranyes, etc.\" \/>\n<meta name=\"robots\" content=\"index, follow, max-snippet:-1, max-image-preview:large, max-video-preview:-1\" \/>\n<link rel=\"canonical\" href=\"https:\/\/hebe2000.com\/ca\/osteopatia-metode-poyet\/\" \/>\n<meta property=\"og:locale\" content=\"ca_ES\" \/>\n<meta property=\"og:type\" content=\"article\" \/>\n<meta property=\"og:title\" content=\"Osteopatia M\u00e8tode Poyet a Figueres Hebe 2000\" \/>\n<meta property=\"og:description\" content=\"L&#039;osteopatia, especialment el m\u00e8tode poyet, \u00e9s un dels millors remeis per mitigar i fins i tot eliminar el mal de lumbar, migranyes, etc.\" \/>\n<meta property=\"og:url\" content=\"https:\/\/hebe2000.com\/ca\/osteopatia-metode-poyet\/\" \/>\n<meta property=\"og:site_name\" content=\"Hebe 2000\" \/>\n<meta property=\"article:modified_time\" content=\"2025-08-26T09:50:08+00:00\" \/>\n<meta property=\"og:image\" content=\"https:\/\/hebe2000.com\/wp-content\/uploads\/2019\/10\/AdobeStock_145193722_Preview-1.jpeg\" \/>\n<meta name=\"twitter:card\" content=\"summary_large_image\" \/>\n<meta name=\"twitter:label1\" content=\"Temps estimat de lectura\" \/>\n\t<meta name=\"twitter:data1\" content=\"1 minut\" \/>\n<script type=\"application\/ld+json\" class=\"yoast-schema-graph\">{\"@context\":\"https:\/\/schema.org\",\"@graph\":[{\"@type\":\"WebPage\",\"@id\":\"https:\/\/hebe2000.com\/ca\/osteopatia-metode-poyet\/\",\"url\":\"https:\/\/hebe2000.com\/ca\/osteopatia-metode-poyet\/\",\"name\":\"Osteopatia M\u00e8tode Poyet a Figueres Hebe 2000\",\"isPartOf\":{\"@id\":\"https:\/\/hebe2000.com\/es\/#website\"},\"primaryImageOfPage\":{\"@id\":\"https:\/\/hebe2000.com\/ca\/osteopatia-metode-poyet\/#primaryimage\"},\"image\":{\"@id\":\"https:\/\/hebe2000.com\/ca\/osteopatia-metode-poyet\/#primaryimage\"},\"thumbnailUrl\":\"https:\/\/hebe2000.com\/wp-content\/uploads\/2019\/10\/AdobeStock_145193722_Preview-1.jpeg\",\"datePublished\":\"2025-08-26T09:50:07+00:00\",\"dateModified\":\"2025-08-26T09:50:08+00:00\",\"description\":\"L'osteopatia, especialment el m\u00e8tode poyet, \u00e9s un dels millors remeis per mitigar i fins i tot eliminar el mal de lumbar, migranyes, etc.\",\"breadcrumb\":{\"@id\":\"https:\/\/hebe2000.com\/ca\/osteopatia-metode-poyet\/#breadcrumb\"},\"inLanguage\":\"ca\",\"potentialAction\":[{\"@type\":\"ReadAction\",\"target\":[\"https:\/\/hebe2000.com\/ca\/osteopatia-metode-poyet\/\"]}]},{\"@type\":\"ImageObject\",\"inLanguage\":\"ca\",\"@id\":\"https:\/\/hebe2000.com\/ca\/osteopatia-metode-poyet\/#primaryimage\",\"url\":\"https:\/\/hebe2000.com\/wp-content\/uploads\/2019\/10\/AdobeStock_145193722_Preview-1.jpeg\",\"contentUrl\":\"https:\/\/hebe2000.com\/wp-content\/uploads\/2019\/10\/AdobeStock_145193722_Preview-1.jpeg\"},{\"@type\":\"BreadcrumbList\",\"@id\":\"https:\/\/hebe2000.com\/ca\/osteopatia-metode-poyet\/#breadcrumb\",\"itemListElement\":[{\"@type\":\"ListItem\",\"position\":1,\"name\":\"Portada\",\"item\":\"https:\/\/hebe2000.com\/ca\/inici\/\"},{\"@type\":\"ListItem\",\"position\":2,\"name\":\"Osteopatia M\u00e8tode Poyet\"}]},{\"@type\":\"WebSite\",\"@id\":\"https:\/\/hebe2000.com\/es\/#website\",\"url\":\"https:\/\/hebe2000.com\/es\/\",\"name\":\"Hebe 2000\",\"description\":\"Centro de est\u00e9tica\",\"publisher\":{\"@id\":\"https:\/\/hebe2000.com\/es\/#organization\"},\"potentialAction\":[{\"@type\":\"SearchAction\",\"target\":{\"@type\":\"EntryPoint\",\"urlTemplate\":\"https:\/\/hebe2000.com\/es\/?s={search_term_string}\"},\"query-input\":{\"@type\":\"PropertyValueSpecification\",\"valueRequired\":true,\"valueName\":\"search_term_string\"}}],\"inLanguage\":\"ca\"},{\"@type\":\"Organization\",\"@id\":\"https:\/\/hebe2000.com\/es\/#organization\",\"name\":\"Hebe 2000\",\"url\":\"https:\/\/hebe2000.com\/es\/\",\"logo\":{\"@type\":\"ImageObject\",\"inLanguage\":\"ca\",\"@id\":\"https:\/\/hebe2000.com\/es\/#\/schema\/logo\/image\/\",\"url\":\"https:\/\/hebe2000.com\/wp-content\/uploads\/2022\/08\/LOGOhebe11.png\",\"contentUrl\":\"https:\/\/hebe2000.com\/wp-content\/uploads\/2022\/08\/LOGOhebe11.png\",\"width\":500,\"height\":250,\"caption\":\"Hebe 2000\"},\"image\":{\"@id\":\"https:\/\/hebe2000.com\/es\/#\/schema\/logo\/image\/\"}}]}<\/script>\n<!-- \/ Yoast SEO plugin. -->","yoast_head_json":{"title":"Osteopatia M\u00e8tode Poyet a Figueres Hebe 2000","description":"L'osteopatia, especialment el m\u00e8tode poyet, \u00e9s un dels millors remeis per mitigar i fins i tot eliminar el mal de lumbar, migranyes, etc.","robots":{"index":"index","follow":"follow","max-snippet":"max-snippet:-1","max-image-preview":"max-image-preview:large","max-video-preview":"max-video-preview:-1"},"canonical":"https:\/\/hebe2000.com\/ca\/osteopatia-metode-poyet\/","og_locale":"ca_ES","og_type":"article","og_title":"Osteopatia M\u00e8tode Poyet a Figueres Hebe 2000","og_description":"L'osteopatia, especialment el m\u00e8tode poyet, \u00e9s un dels millors remeis per mitigar i fins i tot eliminar el mal de lumbar, migranyes, etc.","og_url":"https:\/\/hebe2000.com\/ca\/osteopatia-metode-poyet\/","og_site_name":"Hebe 2000","article_modified_time":"2025-08-26T09:50:08+00:00","og_image":[{"url":"https:\/\/hebe2000.com\/wp-content\/uploads\/2019\/10\/AdobeStock_145193722_Preview-1.jpeg","type":"","width":"","height":""}],"twitter_card":"summary_large_image","twitter_misc":{"Temps estimat de lectura":"1 minut"},"schema":{"@context":"https:\/\/schema.org","@graph":[{"@type":"WebPage","@id":"https:\/\/hebe2000.com\/ca\/osteopatia-metode-poyet\/","url":"https:\/\/hebe2000.com\/ca\/osteopatia-metode-poyet\/","name":"Osteopatia M\u00e8tode Poyet a Figueres Hebe 2000","isPartOf":{"@id":"https:\/\/hebe2000.com\/es\/#website"},"primaryImageOfPage":{"@id":"https:\/\/hebe2000.com\/ca\/osteopatia-metode-poyet\/#primaryimage"},"image":{"@id":"https:\/\/hebe2000.com\/ca\/osteopatia-metode-poyet\/#primaryimage"},"thumbnailUrl":"https:\/\/hebe2000.com\/wp-content\/uploads\/2019\/10\/AdobeStock_145193722_Preview-1.jpeg","datePublished":"2025-08-26T09:50:07+00:00","dateModified":"2025-08-26T09:50:08+00:00","description":"L'osteopatia, especialment el m\u00e8tode poyet, \u00e9s un dels millors remeis per mitigar i fins i tot eliminar el mal de lumbar, migranyes, etc.","breadcrumb":{"@id":"https:\/\/hebe2000.com\/ca\/osteopatia-metode-poyet\/#breadcrumb"},"inLanguage":"ca","potentialAction":[{"@type":"ReadAction","target":["https:\/\/hebe2000.com\/ca\/osteopatia-metode-poyet\/"]}]},{"@type":"ImageObject","inLanguage":"ca","@id":"https:\/\/hebe2000.com\/ca\/osteopatia-metode-poyet\/#primaryimage","url":"https:\/\/hebe2000.com\/wp-content\/uploads\/2019\/10\/AdobeStock_145193722_Preview-1.jpeg","contentUrl":"https:\/\/hebe2000.com\/wp-content\/uploads\/2019\/10\/AdobeStock_145193722_Preview-1.jpeg"},{"@type":"BreadcrumbList","@id":"https:\/\/hebe2000.com\/ca\/osteopatia-metode-poyet\/#breadcrumb","itemListElement":[{"@type":"ListItem","position":1,"name":"Portada","item":"https:\/\/hebe2000.com\/ca\/inici\/"},{"@type":"ListItem","position":2,"name":"Osteopatia M\u00e8tode Poyet"}]},{"@type":"WebSite","@id":"https:\/\/hebe2000.com\/es\/#website","url":"https:\/\/hebe2000.com\/es\/","name":"Hebe 2000","description":"Centro de est\u00e9tica","publisher":{"@id":"https:\/\/hebe2000.com\/es\/#organization"},"potentialAction":[{"@type":"SearchAction","target":{"@type":"EntryPoint","urlTemplate":"https:\/\/hebe2000.com\/es\/?s={search_term_string}"},"query-input":{"@type":"PropertyValueSpecification","valueRequired":true,"valueName":"search_term_string"}}],"inLanguage":"ca"},{"@type":"Organization","@id":"https:\/\/hebe2000.com\/es\/#organization","name":"Hebe 2000","url":"https:\/\/hebe2000.com\/es\/","logo":{"@type":"ImageObject","inLanguage":"ca","@id":"https:\/\/hebe2000.com\/es\/#\/schema\/logo\/image\/","url":"https:\/\/hebe2000.com\/wp-content\/uploads\/2022\/08\/LOGOhebe11.png","contentUrl":"https:\/\/hebe2000.com\/wp-content\/uploads\/2022\/08\/LOGOhebe11.png","width":500,"height":250,"caption":"Hebe 2000"},"image":{"@id":"https:\/\/hebe2000.com\/es\/#\/schema\/logo\/image\/"}}]}},"_links":{"self":[{"href":"https:\/\/hebe2000.com\/ca\/wp-json\/wp\/v2\/pages\/16073","targetHints":{"allow":["GET"]}}],"collection":[{"href":"https:\/\/hebe2000.com\/ca\/wp-json\/wp\/v2\/pages"}],"about":[{"href":"https:\/\/hebe2000.com\/ca\/wp-json\/wp\/v2\/types\/page"}],"author":[{"embeddable":true,"href":"https:\/\/hebe2000.com\/ca\/wp-json\/wp\/v2\/users\/1"}],"replies":[{"embeddable":true,"href":"https:\/\/hebe2000.com\/ca\/wp-json\/wp\/v2\/comments?post=16073"}],"version-history":[{"count":1,"href":"https:\/\/hebe2000.com\/ca\/wp-json\/wp\/v2\/pages\/16073\/revisions"}],"predecessor-version":[{"id":16074,"href":"https:\/\/hebe2000.com\/ca\/wp-json\/wp\/v2\/pages\/16073\/revisions\/16074"}],"wp:attachment":[{"href":"https:\/\/hebe2000.com\/ca\/wp-json\/wp\/v2\/media?parent=16073"}],"curies":[{"name":"wp","href":"https:\/\/api.w.org\/{rel}","templated":true}]}}