{"id":13883,"date":"2019-08-29T13:59:20","date_gmt":"2019-08-29T11:59:20","guid":{"rendered":"https:\/\/hebe2000.com\/?page_id=13883"},"modified":"2022-06-16T09:51:53","modified_gmt":"2022-06-16T07:51:53","slug":"mesoterapia","status":"publish","type":"page","link":"https:\/\/hebe2000.com\/es\/mesoterapia\/","title":{"rendered":"Mesoterapia"},"content":{"rendered":"\t\t<div data-elementor-type=\"wp-page\" data-elementor-id=\"13883\" class=\"elementor elementor-13883\" data-elementor-post-type=\"page\">\n\t\t\t\t\t\t<section class=\"has_eae_slider elementor-section elementor-top-section elementor-element elementor-element-737223f0 elementor-section-height-min-height elementor-section-boxed elementor-section-height-default elementor-section-items-middle\" data-eae-slider=\"15564\" data-id=\"737223f0\" data-element_type=\"section\" data-settings=\"{&quot;background_background&quot;:&quot;classic&quot;}\">\n\t\t\t\t\t\t\t<div class=\"elementor-background-overlay\"><\/div>\n\t\t\t\t\t\t\t<div class=\"elementor-container elementor-column-gap-default\">\n\t\t\t\t\t<div class=\"has_eae_slider elementor-column elementor-col-100 elementor-top-column elementor-element elementor-element-382517bf\" data-eae-slider=\"25277\" data-id=\"382517bf\" data-element_type=\"column\">\n\t\t\t<div class=\"elementor-widget-wrap elementor-element-populated\">\n\t\t\t\t\t\t<div class=\"elementor-element elementor-element-5a47ebc0 elementor-widget elementor-widget-heading\" data-id=\"5a47ebc0\" data-element_type=\"widget\" data-widget_type=\"heading.default\">\n\t\t\t\t<div class=\"elementor-widget-container\">\n\t\t\t\t\t<h1 class=\"elementor-heading-title elementor-size-default\">Mesoterapia<\/h1>\t\t\t\t<\/div>\n\t\t\t\t<\/div>\n\t\t\t\t\t<\/div>\n\t\t<\/div>\n\t\t\t\t\t<\/div>\n\t\t<\/section>\n\t\t\t\t<section class=\"has_eae_slider elementor-section elementor-top-section elementor-element elementor-element-80966f3 elementor-section-boxed elementor-section-height-default elementor-section-height-default\" data-eae-slider=\"55935\" data-id=\"80966f3\" data-element_type=\"section\">\n\t\t\t\t\t\t<div class=\"elementor-container elementor-column-gap-default\">\n\t\t\t\t\t<div class=\"has_eae_slider elementor-column elementor-col-100 elementor-top-column elementor-element elementor-element-2f56a1c\" data-eae-slider=\"48029\" data-id=\"2f56a1c\" data-element_type=\"column\">\n\t\t\t<div class=\"elementor-widget-wrap elementor-element-populated\">\n\t\t\t\t\t\t<div class=\"elementor-element elementor-element-9915f66 elementor-invisible elementor-widget elementor-widget-heading\" data-id=\"9915f66\" data-element_type=\"widget\" data-settings=\"{&quot;_animation&quot;:&quot;slideInDown&quot;}\" data-widget_type=\"heading.default\">\n\t\t\t\t<div class=\"elementor-widget-container\">\n\t\t\t\t\t<h2 class=\"elementor-heading-title elementor-size-default\">Informaci\u00f3n<\/h2>\t\t\t\t<\/div>\n\t\t\t\t<\/div>\n\t\t\t\t<div class=\"elementor-element elementor-element-9387fa4 elementor-widget-divider--view-line elementor-widget elementor-widget-divider\" data-id=\"9387fa4\" data-element_type=\"widget\" data-widget_type=\"divider.default\">\n\t\t\t\t<div class=\"elementor-widget-container\">\n\t\t\t\t\t\t\t<div class=\"elementor-divider\">\n\t\t\t<span class=\"elementor-divider-separator\">\n\t\t\t\t\t\t<\/span>\n\t\t<\/div>\n\t\t\t\t\t\t<\/div>\n\t\t\t\t<\/div>\n\t\t\t\t<div class=\"elementor-element elementor-element-b87a7d6 elementor-widget elementor-widget-text-editor\" data-id=\"b87a7d6\" data-element_type=\"widget\" data-widget_type=\"text-editor.default\">\n\t\t\t\t<div class=\"elementor-widget-container\">\n\t\t\t\t\t\t\t\t\t<p>La mesoterapia es una t\u00e9cnica que consiste en la infiltraci\u00f3n intrad\u00e9rmica de una mezcla de medicamentos, extractos vegetales y vitaminas dise\u00f1adas para acabar con el envejecimiento de la piel o para tratar problemas como la grasa acumulada o celulitis e incluso estr\u00edas o la piel fl\u00e1cida.<\/p><p>Uno de los mayores beneficios de la mesoterapia es que frete a tratamientos como la liposucci\u00f3n no provoca que se acumule grasa en otras zonas y no hay riesgo de empeorar la est\u00e9tica de la persona. Adem\u00e1s los resultados suelen verse bastante r\u00e1pido, la mayor\u00eda de la gente empieza a ver resultados entre la primera y la tercera sesi\u00f3n.<\/p>\t\t\t\t\t\t\t\t<\/div>\n\t\t\t\t<\/div>\n\t\t\t\t<div class=\"elementor-element elementor-element-150f90b elementor-align-center elementor-widget elementor-widget-button\" data-id=\"150f90b\" data-element_type=\"widget\" data-widget_type=\"button.default\">\n\t\t\t\t<div class=\"elementor-widget-container\">\n\t\t\t\t\t\t\t\t\t<div class=\"elementor-button-wrapper\">\n\t\t\t\t\t<a class=\"elementor-button elementor-button-link elementor-size-sm\" href=\"\/agua-kangen\/\">\n\t\t\t\t\t\t<span class=\"elementor-button-content-wrapper\">\n\t\t\t\t\t\t<span class=\"elementor-button-icon\">\n\t\t\t\t<i aria-hidden=\"true\" class=\"fas fa-angle-right\"><\/i>\t\t\t<\/span>\n\t\t\t\t\t\t\t\t\t<span class=\"elementor-button-text\">Agua Kangen<\/span>\n\t\t\t\t\t<\/span>\n\t\t\t\t\t<\/a>\n\t\t\t\t<\/div>\n\t\t\t\t\t\t\t\t<\/div>\n\t\t\t\t<\/div>\n\t\t\t\t\t<\/div>\n\t\t<\/div>\n\t\t\t\t\t<\/div>\n\t\t<\/section>\n\t\t\t\t<section class=\"has_eae_slider elementor-section elementor-top-section elementor-element elementor-element-66d9b7d elementor-section-stretched elementor-section-full_width elementor-section-height-default elementor-section-height-default\" data-eae-slider=\"42946\" data-id=\"66d9b7d\" data-element_type=\"section\" data-settings=\"{&quot;stretch_section&quot;:&quot;section-stretched&quot;,&quot;background_background&quot;:&quot;classic&quot;}\">\n\t\t\t\t\t\t<div class=\"elementor-container elementor-column-gap-no\">\n\t\t\t\t\t<div class=\"has_eae_slider elementor-column elementor-col-50 elementor-top-column elementor-element elementor-element-4e1205f\" data-eae-slider=\"62846\" data-id=\"4e1205f\" data-element_type=\"column\" data-settings=\"{&quot;background_background&quot;:&quot;classic&quot;}\">\n\t\t\t<div class=\"elementor-widget-wrap elementor-element-populated\">\n\t\t\t\t\t\t<div class=\"elementor-element elementor-element-a6edcef elementor-widget elementor-widget-image\" data-id=\"a6edcef\" data-element_type=\"widget\" data-widget_type=\"image.default\">\n\t\t\t\t<div class=\"elementor-widget-container\">\n\t\t\t\t\t\t\t\t\t\t\t\t\t\t\t<img fetchpriority=\"high\" decoding=\"async\" width=\"768\" height=\"522\" src=\"https:\/\/hebe2000.com\/wp-content\/uploads\/2020\/03\/mesoterapia-facial-768x522.jpg\" class=\"attachment-medium_large size-medium_large wp-image-14449\" alt=\"Mujer de blanco a la que le practican una mesoterapia facial\" srcset=\"https:\/\/hebe2000.com\/wp-content\/uploads\/2020\/03\/mesoterapia-facial-768x522.jpg 768w, https:\/\/hebe2000.com\/wp-content\/uploads\/2020\/03\/mesoterapia-facial-600x408.jpg 600w, https:\/\/hebe2000.com\/wp-content\/uploads\/2020\/03\/mesoterapia-facial-300x204.jpg 300w, https:\/\/hebe2000.com\/wp-content\/uploads\/2020\/03\/mesoterapia-facial-1024x697.jpg 1024w, https:\/\/hebe2000.com\/wp-content\/uploads\/2020\/03\/mesoterapia-facial.jpg 1176w\" sizes=\"(max-width: 768px) 100vw, 768px\" \/>\t\t\t\t\t\t\t\t\t\t\t\t\t\t\t<\/div>\n\t\t\t\t<\/div>\n\t\t\t\t\t<\/div>\n\t\t<\/div>\n\t\t\t\t<div class=\"has_eae_slider elementor-column elementor-col-50 elementor-top-column elementor-element elementor-element-e1af525\" data-eae-slider=\"46422\" data-id=\"e1af525\" data-element_type=\"column\">\n\t\t\t<div class=\"elementor-widget-wrap elementor-element-populated\">\n\t\t\t\t\t\t<div class=\"elementor-element elementor-element-572153c animated-slow elementor-invisible elementor-widget elementor-widget-heading\" data-id=\"572153c\" data-element_type=\"widget\" data-settings=\"{&quot;_animation&quot;:&quot;slideInDown&quot;}\" data-widget_type=\"heading.default\">\n\t\t\t\t<div class=\"elementor-widget-container\">\n\t\t\t\t\t<h2 class=\"elementor-heading-title elementor-size-default\">Mesoterapia facial<\/h2>\t\t\t\t<\/div>\n\t\t\t\t<\/div>\n\t\t\t\t<div class=\"elementor-element elementor-element-207d2b2 elementor-widget elementor-widget-text-editor\" data-id=\"207d2b2\" data-element_type=\"widget\" data-widget_type=\"text-editor.default\">\n\t\t\t\t<div class=\"elementor-widget-container\">\n\t\t\t\t\t\t\t\t\t<p>Provocamos un est\u00edmulo natural de la producci\u00f3n de col\u00e1geno y elastina en nuestra piel.<\/p><p>Se trata de unas microinyecciones indoloras especialmente indicada para las l\u00edneas de expresi\u00f3n, arrugas m\u00e1s pronunciadas y fl\u00e1cidas.<\/p><p>Resultados visibles desde la primera sesi\u00f3n<\/p>\t\t\t\t\t\t\t\t<\/div>\n\t\t\t\t<\/div>\n\t\t\t\t\t<\/div>\n\t\t<\/div>\n\t\t\t\t\t<\/div>\n\t\t<\/section>\n\t\t\t\t<section class=\"has_eae_slider elementor-section elementor-top-section elementor-element elementor-element-546fa8c elementor-section-stretched elementor-section-full_width elementor-reverse-tablet elementor-reverse-mobile elementor-section-height-default elementor-section-height-default\" data-eae-slider=\"11289\" data-id=\"546fa8c\" data-element_type=\"section\" data-settings=\"{&quot;stretch_section&quot;:&quot;section-stretched&quot;,&quot;background_background&quot;:&quot;classic&quot;}\">\n\t\t\t\t\t\t<div class=\"elementor-container elementor-column-gap-no\">\n\t\t\t\t\t<div class=\"has_eae_slider elementor-column elementor-col-50 elementor-top-column elementor-element elementor-element-ed10e02\" data-eae-slider=\"74104\" data-id=\"ed10e02\" data-element_type=\"column\">\n\t\t\t<div class=\"elementor-widget-wrap elementor-element-populated\">\n\t\t\t\t\t\t<div class=\"elementor-element elementor-element-fb02ca2 animated-slow elementor-invisible elementor-widget elementor-widget-heading\" data-id=\"fb02ca2\" data-element_type=\"widget\" data-settings=\"{&quot;_animation&quot;:&quot;slideInDown&quot;}\" data-widget_type=\"heading.default\">\n\t\t\t\t<div class=\"elementor-widget-container\">\n\t\t\t\t\t<h2 class=\"elementor-heading-title elementor-size-default\">Mesoterapia corporal<\/h2>\t\t\t\t<\/div>\n\t\t\t\t<\/div>\n\t\t\t\t<section class=\"has_eae_slider elementor-section elementor-inner-section elementor-element elementor-element-6b1774e elementor-section-boxed elementor-section-height-default elementor-section-height-default\" data-eae-slider=\"23446\" data-id=\"6b1774e\" data-element_type=\"section\">\n\t\t\t\t\t\t<div class=\"elementor-container elementor-column-gap-wider\">\n\t\t\t\t\t<div class=\"has_eae_slider elementor-column elementor-col-50 elementor-inner-column elementor-element elementor-element-1a706d1\" data-eae-slider=\"24278\" data-id=\"1a706d1\" data-element_type=\"column\">\n\t\t\t<div class=\"elementor-widget-wrap elementor-element-populated\">\n\t\t\t\t\t\t<div class=\"elementor-element elementor-element-b472042 elementor-widget elementor-widget-heading\" data-id=\"b472042\" data-element_type=\"widget\" data-widget_type=\"heading.default\">\n\t\t\t\t<div class=\"elementor-widget-container\">\n\t\t\t\t\t<h3 class=\"elementor-heading-title elementor-size-default\">Anticelul\u00edtico<\/h3>\t\t\t\t<\/div>\n\t\t\t\t<\/div>\n\t\t\t\t<div class=\"elementor-element elementor-element-69f0ae8 elementor-widget elementor-widget-text-editor\" data-id=\"69f0ae8\" data-element_type=\"widget\" data-widget_type=\"text-editor.default\">\n\t\t\t\t<div class=\"elementor-widget-container\">\n\t\t\t\t\t\t\t\t\t<p>Especialmente indicado para personas con problemas de grasa acumulada o flacidez localizada.<\/p><p>Se recomiendo sobre todo despu\u00e9s de haber seguido una dieta y todav\u00eda persistan zonas afectadas o para personas sin problemas de sobrepeso, pero con tendencia a acumular grasa en zonas concretas.<\/p><p>Consiste en peque\u00f1as inyecciones subcut\u00e1neas con una soluci\u00f3n homeop\u00e1tica.<\/p><p>Permite ahorrar tiempo, porque cada sesi\u00f3n combina rapidez con eficacia.<\/p>\t\t\t\t\t\t\t\t<\/div>\n\t\t\t\t<\/div>\n\t\t\t\t\t<\/div>\n\t\t<\/div>\n\t\t\t\t<div class=\"has_eae_slider elementor-column elementor-col-50 elementor-inner-column elementor-element elementor-element-d827c02\" data-eae-slider=\"93211\" data-id=\"d827c02\" data-element_type=\"column\">\n\t\t\t<div class=\"elementor-widget-wrap elementor-element-populated\">\n\t\t\t\t\t\t<div class=\"elementor-element elementor-element-ee593ad elementor-widget elementor-widget-heading\" data-id=\"ee593ad\" data-element_type=\"widget\" data-widget_type=\"heading.default\">\n\t\t\t\t<div class=\"elementor-widget-container\">\n\t\t\t\t\t<h3 class=\"elementor-heading-title elementor-size-default\">Mala circulaci\u00f3n<\/h3>\t\t\t\t<\/div>\n\t\t\t\t<\/div>\n\t\t\t\t<div class=\"elementor-element elementor-element-a7c14d2 elementor-widget elementor-widget-text-editor\" data-id=\"a7c14d2\" data-element_type=\"widget\" data-widget_type=\"text-editor.default\">\n\t\t\t\t<div class=\"elementor-widget-container\">\n\t\t\t\t\t\t\t\t\t<p>Este tratamiento activa el drenaje linf\u00e1tico reduciendo la acumulaci\u00f3n de l\u00edquidos y aumento de volumen mejorando la mala circulaci\u00f3n.<\/p><p>Tambi\u00e9n intermediarios m\u00e1xima eficacia.<\/p><p>\u00a0<\/p><p><strong>Es necesaria una visita previa para analizar el caso, valorar la conveniencia y la durada del tratamiento.<\/strong><\/p>\t\t\t\t\t\t\t\t<\/div>\n\t\t\t\t<\/div>\n\t\t\t\t\t<\/div>\n\t\t<\/div>\n\t\t\t\t\t<\/div>\n\t\t<\/section>\n\t\t\t\t\t<\/div>\n\t\t<\/div>\n\t\t\t\t<div class=\"has_eae_slider elementor-column elementor-col-50 elementor-top-column elementor-element elementor-element-fdff355\" data-eae-slider=\"75009\" data-id=\"fdff355\" data-element_type=\"column\" data-settings=\"{&quot;background_background&quot;:&quot;classic&quot;}\">\n\t\t\t<div class=\"elementor-widget-wrap elementor-element-populated\">\n\t\t\t\t\t\t<div class=\"elementor-element elementor-element-0650073 elementor-widget elementor-widget-image\" data-id=\"0650073\" data-element_type=\"widget\" data-widget_type=\"image.default\">\n\t\t\t\t<div class=\"elementor-widget-container\">\n\t\t\t\t\t\t\t\t\t\t\t\t\t\t\t<img decoding=\"async\" width=\"432\" height=\"278\" src=\"https:\/\/hebe2000.com\/wp-content\/uploads\/2019\/09\/Mesoterapia_anticelulitis-1.jpg\" class=\"attachment-full size-full wp-image-14104\" alt=\"Mujer delgada posando en la playa con una falda despu\u00e9s de una mesoterapia corporal\" srcset=\"https:\/\/hebe2000.com\/wp-content\/uploads\/2019\/09\/Mesoterapia_anticelulitis-1.jpg 432w, https:\/\/hebe2000.com\/wp-content\/uploads\/2019\/09\/Mesoterapia_anticelulitis-1-300x193.jpg 300w\" sizes=\"(max-width: 432px) 100vw, 432px\" \/>\t\t\t\t\t\t\t\t\t\t\t\t\t\t\t<\/div>\n\t\t\t\t<\/div>\n\t\t\t\t\t<\/div>\n\t\t<\/div>\n\t\t\t\t\t<\/div>\n\t\t<\/section>\n\t\t\t\t<\/div>\n\t\t","protected":false},"excerpt":{"rendered":"<p>Mesoterapia Informaci\u00f3n La mesoterapia es una t\u00e9cnica que consiste en la infiltraci\u00f3n intrad\u00e9rmica de una mezcla de medicamentos, extractos vegetales y vitaminas dise\u00f1adas para acabar con el envejecimiento de la piel o para tratar problemas como la grasa acumulada o celulitis e incluso estr\u00edas o la piel fl\u00e1cida. Uno de los mayores beneficios de la &#8230; <a title=\"Mesoterapia\" class=\"read-more\" href=\"https:\/\/hebe2000.com\/es\/mesoterapia\/\" aria-label=\"Leer m\u00e1s sobre Mesoterapia\">Read more<\/a><\/p>\n","protected":false},"author":1,"featured_media":0,"parent":0,"menu_order":0,"comment_status":"closed","ping_status":"closed","template":"","meta":{"_monsterinsights_skip_tracking":false,"_monsterinsights_sitenote_active":false,"_monsterinsights_sitenote_note":"","_monsterinsights_sitenote_category":0,"footnotes":""},"class_list":{"0":"post-13883","1":"page","2":"type-page","3":"status-publish","5":"no-featured-image-padding"},"yoast_head":"<!-- This site is optimized with the Yoast SEO plugin v26.6 - https:\/\/yoast.com\/wordpress\/plugins\/seo\/ -->\n<title>Mesoterapia para celulitis, tratamiento en Figueres - Hebe 2000<\/title>\n<meta name=\"description\" content=\"Gracias a la mesoterapia tratamos problemas con la grasa acumulada. Di adi\u00f3s a la celulitis gracias a nuestros tratamientos echos por expertos.\" \/>\n<meta name=\"robots\" content=\"index, follow, max-snippet:-1, max-image-preview:large, max-video-preview:-1\" \/>\n<link rel=\"canonical\" href=\"https:\/\/hebe2000.com\/es\/mesoterapia\/\" \/>\n<meta property=\"og:locale\" content=\"es_ES\" \/>\n<meta property=\"og:type\" content=\"article\" \/>\n<meta property=\"og:title\" content=\"Mesoterapia para celulitis, tratamiento en Figueres - Hebe 2000\" \/>\n<meta property=\"og:description\" content=\"Gracias a la mesoterapia tratamos problemas con la grasa acumulada. Di adi\u00f3s a la celulitis gracias a nuestros tratamientos echos por expertos.\" \/>\n<meta property=\"og:url\" content=\"https:\/\/hebe2000.com\/es\/mesoterapia\/\" \/>\n<meta property=\"og:site_name\" content=\"Hebe 2000\" \/>\n<meta property=\"article:modified_time\" content=\"2022-06-16T07:51:53+00:00\" \/>\n<meta property=\"og:image\" content=\"https:\/\/hebe2000.com\/wp-content\/uploads\/2020\/03\/mesoterapia-facial-768x522.jpg\" \/>\n<meta name=\"twitter:card\" content=\"summary_large_image\" \/>\n<meta name=\"twitter:label1\" content=\"Tiempo de lectura\" \/>\n\t<meta name=\"twitter:data1\" content=\"2 minutos\" \/>\n<script type=\"application\/ld+json\" class=\"yoast-schema-graph\">{\"@context\":\"https:\/\/schema.org\",\"@graph\":[{\"@type\":\"WebPage\",\"@id\":\"https:\/\/hebe2000.com\/es\/mesoterapia\/\",\"url\":\"https:\/\/hebe2000.com\/es\/mesoterapia\/\",\"name\":\"Mesoterapia para celulitis, tratamiento en Figueres - Hebe 2000\",\"isPartOf\":{\"@id\":\"https:\/\/hebe2000.com\/es\/#website\"},\"primaryImageOfPage\":{\"@id\":\"https:\/\/hebe2000.com\/es\/mesoterapia\/#primaryimage\"},\"image\":{\"@id\":\"https:\/\/hebe2000.com\/es\/mesoterapia\/#primaryimage\"},\"thumbnailUrl\":\"https:\/\/hebe2000.com\/wp-content\/uploads\/2020\/03\/mesoterapia-facial-768x522.jpg\",\"datePublished\":\"2019-08-29T11:59:20+00:00\",\"dateModified\":\"2022-06-16T07:51:53+00:00\",\"description\":\"Gracias a la mesoterapia tratamos problemas con la grasa acumulada. Di adi\u00f3s a la celulitis gracias a nuestros tratamientos echos por expertos.\",\"breadcrumb\":{\"@id\":\"https:\/\/hebe2000.com\/es\/mesoterapia\/#breadcrumb\"},\"inLanguage\":\"es\",\"potentialAction\":[{\"@type\":\"ReadAction\",\"target\":[\"https:\/\/hebe2000.com\/es\/mesoterapia\/\"]}]},{\"@type\":\"ImageObject\",\"inLanguage\":\"es\",\"@id\":\"https:\/\/hebe2000.com\/es\/mesoterapia\/#primaryimage\",\"url\":\"https:\/\/hebe2000.com\/wp-content\/uploads\/2020\/03\/mesoterapia-facial-768x522.jpg\",\"contentUrl\":\"https:\/\/hebe2000.com\/wp-content\/uploads\/2020\/03\/mesoterapia-facial-768x522.jpg\"},{\"@type\":\"BreadcrumbList\",\"@id\":\"https:\/\/hebe2000.com\/es\/mesoterapia\/#breadcrumb\",\"itemListElement\":[{\"@type\":\"ListItem\",\"position\":1,\"name\":\"Portada\",\"item\":\"https:\/\/hebe2000.com\/es\/\"},{\"@type\":\"ListItem\",\"position\":2,\"name\":\"Mesoterapia\"}]},{\"@type\":\"WebSite\",\"@id\":\"https:\/\/hebe2000.com\/es\/#website\",\"url\":\"https:\/\/hebe2000.com\/es\/\",\"name\":\"Hebe 2000\",\"description\":\"Centro de est\u00e9tica\",\"publisher\":{\"@id\":\"https:\/\/hebe2000.com\/es\/#organization\"},\"potentialAction\":[{\"@type\":\"SearchAction\",\"target\":{\"@type\":\"EntryPoint\",\"urlTemplate\":\"https:\/\/hebe2000.com\/es\/?s={search_term_string}\"},\"query-input\":{\"@type\":\"PropertyValueSpecification\",\"valueRequired\":true,\"valueName\":\"search_term_string\"}}],\"inLanguage\":\"es\"},{\"@type\":\"Organization\",\"@id\":\"https:\/\/hebe2000.com\/es\/#organization\",\"name\":\"Hebe 2000\",\"url\":\"https:\/\/hebe2000.com\/es\/\",\"logo\":{\"@type\":\"ImageObject\",\"inLanguage\":\"es\",\"@id\":\"https:\/\/hebe2000.com\/es\/#\/schema\/logo\/image\/\",\"url\":\"https:\/\/hebe2000.com\/wp-content\/uploads\/2022\/08\/LOGOhebe11.png\",\"contentUrl\":\"https:\/\/hebe2000.com\/wp-content\/uploads\/2022\/08\/LOGOhebe11.png\",\"width\":500,\"height\":250,\"caption\":\"Hebe 2000\"},\"image\":{\"@id\":\"https:\/\/hebe2000.com\/es\/#\/schema\/logo\/image\/\"}}]}<\/script>\n<!-- \/ Yoast SEO plugin. -->","yoast_head_json":{"title":"Mesoterapia para celulitis, tratamiento en Figueres - Hebe 2000","description":"Gracias a la mesoterapia tratamos problemas con la grasa acumulada. Di adi\u00f3s a la celulitis gracias a nuestros tratamientos echos por expertos.","robots":{"index":"index","follow":"follow","max-snippet":"max-snippet:-1","max-image-preview":"max-image-preview:large","max-video-preview":"max-video-preview:-1"},"canonical":"https:\/\/hebe2000.com\/es\/mesoterapia\/","og_locale":"es_ES","og_type":"article","og_title":"Mesoterapia para celulitis, tratamiento en Figueres - Hebe 2000","og_description":"Gracias a la mesoterapia tratamos problemas con la grasa acumulada. Di adi\u00f3s a la celulitis gracias a nuestros tratamientos echos por expertos.","og_url":"https:\/\/hebe2000.com\/es\/mesoterapia\/","og_site_name":"Hebe 2000","article_modified_time":"2022-06-16T07:51:53+00:00","og_image":[{"url":"https:\/\/hebe2000.com\/wp-content\/uploads\/2020\/03\/mesoterapia-facial-768x522.jpg","type":"","width":"","height":""}],"twitter_card":"summary_large_image","twitter_misc":{"Tiempo de lectura":"2 minutos"},"schema":{"@context":"https:\/\/schema.org","@graph":[{"@type":"WebPage","@id":"https:\/\/hebe2000.com\/es\/mesoterapia\/","url":"https:\/\/hebe2000.com\/es\/mesoterapia\/","name":"Mesoterapia para celulitis, tratamiento en Figueres - Hebe 2000","isPartOf":{"@id":"https:\/\/hebe2000.com\/es\/#website"},"primaryImageOfPage":{"@id":"https:\/\/hebe2000.com\/es\/mesoterapia\/#primaryimage"},"image":{"@id":"https:\/\/hebe2000.com\/es\/mesoterapia\/#primaryimage"},"thumbnailUrl":"https:\/\/hebe2000.com\/wp-content\/uploads\/2020\/03\/mesoterapia-facial-768x522.jpg","datePublished":"2019-08-29T11:59:20+00:00","dateModified":"2022-06-16T07:51:53+00:00","description":"Gracias a la mesoterapia tratamos problemas con la grasa acumulada. Di adi\u00f3s a la celulitis gracias a nuestros tratamientos echos por expertos.","breadcrumb":{"@id":"https:\/\/hebe2000.com\/es\/mesoterapia\/#breadcrumb"},"inLanguage":"es","potentialAction":[{"@type":"ReadAction","target":["https:\/\/hebe2000.com\/es\/mesoterapia\/"]}]},{"@type":"ImageObject","inLanguage":"es","@id":"https:\/\/hebe2000.com\/es\/mesoterapia\/#primaryimage","url":"https:\/\/hebe2000.com\/wp-content\/uploads\/2020\/03\/mesoterapia-facial-768x522.jpg","contentUrl":"https:\/\/hebe2000.com\/wp-content\/uploads\/2020\/03\/mesoterapia-facial-768x522.jpg"},{"@type":"BreadcrumbList","@id":"https:\/\/hebe2000.com\/es\/mesoterapia\/#breadcrumb","itemListElement":[{"@type":"ListItem","position":1,"name":"Portada","item":"https:\/\/hebe2000.com\/es\/"},{"@type":"ListItem","position":2,"name":"Mesoterapia"}]},{"@type":"WebSite","@id":"https:\/\/hebe2000.com\/es\/#website","url":"https:\/\/hebe2000.com\/es\/","name":"Hebe 2000","description":"Centro de est\u00e9tica","publisher":{"@id":"https:\/\/hebe2000.com\/es\/#organization"},"potentialAction":[{"@type":"SearchAction","target":{"@type":"EntryPoint","urlTemplate":"https:\/\/hebe2000.com\/es\/?s={search_term_string}"},"query-input":{"@type":"PropertyValueSpecification","valueRequired":true,"valueName":"search_term_string"}}],"inLanguage":"es"},{"@type":"Organization","@id":"https:\/\/hebe2000.com\/es\/#organization","name":"Hebe 2000","url":"https:\/\/hebe2000.com\/es\/","logo":{"@type":"ImageObject","inLanguage":"es","@id":"https:\/\/hebe2000.com\/es\/#\/schema\/logo\/image\/","url":"https:\/\/hebe2000.com\/wp-content\/uploads\/2022\/08\/LOGOhebe11.png","contentUrl":"https:\/\/hebe2000.com\/wp-content\/uploads\/2022\/08\/LOGOhebe11.png","width":500,"height":250,"caption":"Hebe 2000"},"image":{"@id":"https:\/\/hebe2000.com\/es\/#\/schema\/logo\/image\/"}}]}},"_links":{"self":[{"href":"https:\/\/hebe2000.com\/es\/wp-json\/wp\/v2\/pages\/13883","targetHints":{"allow":["GET"]}}],"collection":[{"href":"https:\/\/hebe2000.com\/es\/wp-json\/wp\/v2\/pages"}],"about":[{"href":"https:\/\/hebe2000.com\/es\/wp-json\/wp\/v2\/types\/page"}],"author":[{"embeddable":true,"href":"https:\/\/hebe2000.com\/es\/wp-json\/wp\/v2\/users\/1"}],"replies":[{"embeddable":true,"href":"https:\/\/hebe2000.com\/es\/wp-json\/wp\/v2\/comments?post=13883"}],"version-history":[{"count":5,"href":"https:\/\/hebe2000.com\/es\/wp-json\/wp\/v2\/pages\/13883\/revisions"}],"predecessor-version":[{"id":15505,"href":"https:\/\/hebe2000.com\/es\/wp-json\/wp\/v2\/pages\/13883\/revisions\/15505"}],"wp:attachment":[{"href":"https:\/\/hebe2000.com\/es\/wp-json\/wp\/v2\/media?parent=13883"}],"curies":[{"name":"wp","href":"https:\/\/api.w.org\/{rel}","templated":true}]}}