{"id":13887,"date":"2019-08-29T14:14:56","date_gmt":"2019-08-29T12:14:56","guid":{"rendered":"https:\/\/hebe2000.com\/?page_id=13887"},"modified":"2022-06-16T09:52:33","modified_gmt":"2022-06-16T07:52:33","slug":"gimnasio-en-figueres","status":"publish","type":"page","link":"https:\/\/hebe2000.com\/es\/gimnasio-en-figueres\/","title":{"rendered":"Gimnasio"},"content":{"rendered":"\t\t<div data-elementor-type=\"wp-post\" data-elementor-id=\"13887\" class=\"elementor elementor-13887\" data-elementor-post-type=\"page\">\n\t\t\t\t\t\t<section class=\"has_eae_slider elementor-section elementor-top-section elementor-element elementor-element-1bbe997d elementor-section-height-min-height elementor-section-boxed elementor-section-height-default elementor-section-items-middle\" data-eae-slider=\"10011\" data-id=\"1bbe997d\" data-element_type=\"section\" data-settings=\"{&quot;background_background&quot;:&quot;classic&quot;}\">\n\t\t\t\t\t\t\t<div class=\"elementor-background-overlay\"><\/div>\n\t\t\t\t\t\t\t<div class=\"elementor-container elementor-column-gap-default\">\n\t\t\t\t\t<div class=\"has_eae_slider elementor-column elementor-col-100 elementor-top-column elementor-element elementor-element-2bc71535\" data-eae-slider=\"40008\" data-id=\"2bc71535\" data-element_type=\"column\">\n\t\t\t<div class=\"elementor-widget-wrap elementor-element-populated\">\n\t\t\t\t\t\t<div class=\"elementor-element elementor-element-5e9cc053 elementor-widget elementor-widget-heading\" data-id=\"5e9cc053\" data-element_type=\"widget\" data-widget_type=\"heading.default\">\n\t\t\t\t<div class=\"elementor-widget-container\">\n\t\t\t\t\t<h1 class=\"elementor-heading-title elementor-size-default\">Gimnasio<\/h1>\t\t\t\t<\/div>\n\t\t\t\t<\/div>\n\t\t\t\t\t<\/div>\n\t\t<\/div>\n\t\t\t\t\t<\/div>\n\t\t<\/section>\n\t\t\t\t<section class=\"has_eae_slider elementor-section elementor-top-section elementor-element elementor-element-57c6ba6 elementor-section-boxed elementor-section-height-default elementor-section-height-default\" data-eae-slider=\"56834\" data-id=\"57c6ba6\" data-element_type=\"section\">\n\t\t\t\t\t\t<div class=\"elementor-container elementor-column-gap-default\">\n\t\t\t\t\t<div class=\"has_eae_slider elementor-column elementor-col-100 elementor-top-column elementor-element elementor-element-13722c9\" data-eae-slider=\"70961\" data-id=\"13722c9\" data-element_type=\"column\">\n\t\t\t<div class=\"elementor-widget-wrap elementor-element-populated\">\n\t\t\t\t\t\t<div class=\"elementor-element elementor-element-1a9d22b animated-slow elementor-invisible elementor-widget elementor-widget-heading\" data-id=\"1a9d22b\" data-element_type=\"widget\" data-settings=\"{&quot;_animation&quot;:&quot;slideInDown&quot;}\" data-widget_type=\"heading.default\">\n\t\t\t\t<div class=\"elementor-widget-container\">\n\t\t\t\t\t<h2 class=\"elementor-heading-title elementor-size-default\">Informaci\u00f3n<\/h2>\t\t\t\t<\/div>\n\t\t\t\t<\/div>\n\t\t\t\t<div class=\"elementor-element elementor-element-7e54e8e elementor-widget-divider--view-line elementor-widget elementor-widget-divider\" data-id=\"7e54e8e\" data-element_type=\"widget\" data-widget_type=\"divider.default\">\n\t\t\t\t<div class=\"elementor-widget-container\">\n\t\t\t\t\t\t\t<div class=\"elementor-divider\">\n\t\t\t<span class=\"elementor-divider-separator\">\n\t\t\t\t\t\t<\/span>\n\t\t<\/div>\n\t\t\t\t\t\t<\/div>\n\t\t\t\t<\/div>\n\t\t\t\t<div class=\"elementor-element elementor-element-e41c5b0 elementor-widget elementor-widget-text-editor\" data-id=\"e41c5b0\" data-element_type=\"widget\" data-widget_type=\"text-editor.default\">\n\t\t\t\t<div class=\"elementor-widget-container\">\n\t\t\t\t\t\t\t\t\t<p>Te ofrecemos unas clases con grupos muy reducidos para que cuando asistas puedas tener toda la atenci\u00f3n necesaria para poder ayudarte a mejorar en todos tus ejercicios del gimnasio.<\/p><p>Con estos ejercicios del gimnasio podremos ayudarte tanto f\u00edsicamente como a nivel mental para que puedas obtener una mayor concentraci\u00f3n, felicidad y energ\u00eda todos los d\u00edas.<\/p>\t\t\t\t\t\t\t\t<\/div>\n\t\t\t\t<\/div>\n\t\t\t\t<div class=\"elementor-element elementor-element-a483d5b elementor-align-center elementor-widget elementor-widget-button\" data-id=\"a483d5b\" data-element_type=\"widget\" data-widget_type=\"button.default\">\n\t\t\t\t<div class=\"elementor-widget-container\">\n\t\t\t\t\t\t\t\t\t<div class=\"elementor-button-wrapper\">\n\t\t\t\t\t<a class=\"elementor-button elementor-button-link elementor-size-sm\" href=\"\/agua-kangen\/\">\n\t\t\t\t\t\t<span class=\"elementor-button-content-wrapper\">\n\t\t\t\t\t\t<span class=\"elementor-button-icon\">\n\t\t\t\t<i aria-hidden=\"true\" class=\"fas fa-angle-right\"><\/i>\t\t\t<\/span>\n\t\t\t\t\t\t\t\t\t<span class=\"elementor-button-text\">Agua Kangen<\/span>\n\t\t\t\t\t<\/span>\n\t\t\t\t\t<\/a>\n\t\t\t\t<\/div>\n\t\t\t\t\t\t\t\t<\/div>\n\t\t\t\t<\/div>\n\t\t\t\t\t<\/div>\n\t\t<\/div>\n\t\t\t\t\t<\/div>\n\t\t<\/section>\n\t\t\t\t<section class=\"has_eae_slider elementor-section elementor-top-section elementor-element elementor-element-d4d8f33 elementor-section-stretched elementor-section-full_width elementor-section-height-default elementor-section-height-default\" data-eae-slider=\"112\" data-id=\"d4d8f33\" data-element_type=\"section\" data-settings=\"{&quot;stretch_section&quot;:&quot;section-stretched&quot;,&quot;background_background&quot;:&quot;classic&quot;}\">\n\t\t\t\t\t\t<div class=\"elementor-container elementor-column-gap-no\">\n\t\t\t\t\t<div class=\"has_eae_slider elementor-column elementor-col-50 elementor-top-column elementor-element elementor-element-6fadd22\" data-eae-slider=\"65416\" data-id=\"6fadd22\" data-element_type=\"column\" data-settings=\"{&quot;background_background&quot;:&quot;classic&quot;}\">\n\t\t\t<div class=\"elementor-widget-wrap elementor-element-populated\">\n\t\t\t\t\t\t<div class=\"elementor-element elementor-element-aa033a2 elementor-widget elementor-widget-image\" data-id=\"aa033a2\" data-element_type=\"widget\" data-widget_type=\"image.default\">\n\t\t\t\t<div class=\"elementor-widget-container\">\n\t\t\t\t\t\t\t\t\t\t\t\t\t\t\t<img fetchpriority=\"high\" decoding=\"async\" width=\"768\" height=\"512\" src=\"https:\/\/hebe2000.com\/wp-content\/uploads\/2020\/03\/pilates-figueres-768x512.jpg\" class=\"attachment-medium_large size-medium_large wp-image-14493\" alt=\"Conjunto de mujeres practicando respiraciones y posturas encima de las esterillas con la brillante luz que entra por la ventana\" srcset=\"https:\/\/hebe2000.com\/wp-content\/uploads\/2020\/03\/pilates-figueres-768x512.jpg 768w, https:\/\/hebe2000.com\/wp-content\/uploads\/2020\/03\/pilates-figueres-600x400.jpg 600w, https:\/\/hebe2000.com\/wp-content\/uploads\/2020\/03\/pilates-figueres-300x200.jpg 300w, https:\/\/hebe2000.com\/wp-content\/uploads\/2020\/03\/pilates-figueres-1024x683.jpg 1024w, https:\/\/hebe2000.com\/wp-content\/uploads\/2020\/03\/pilates-figueres.jpg 1199w\" sizes=\"(max-width: 768px) 100vw, 768px\" \/>\t\t\t\t\t\t\t\t\t\t\t\t\t\t\t<\/div>\n\t\t\t\t<\/div>\n\t\t\t\t\t<\/div>\n\t\t<\/div>\n\t\t\t\t<div class=\"has_eae_slider elementor-column elementor-col-50 elementor-top-column elementor-element elementor-element-fc3dc27\" data-eae-slider=\"2254\" data-id=\"fc3dc27\" data-element_type=\"column\">\n\t\t\t<div class=\"elementor-widget-wrap elementor-element-populated\">\n\t\t\t\t\t\t<div class=\"elementor-element elementor-element-f08a394 animated-slow elementor-invisible elementor-widget elementor-widget-heading\" data-id=\"f08a394\" data-element_type=\"widget\" data-settings=\"{&quot;_animation&quot;:&quot;slideInDown&quot;}\" data-widget_type=\"heading.default\">\n\t\t\t\t<div class=\"elementor-widget-container\">\n\t\t\t\t\t<h2 class=\"elementor-heading-title elementor-size-large\">Pilates y Gym postural (grupos reducidos)<\/h2>\t\t\t\t<\/div>\n\t\t\t\t<\/div>\n\t\t\t\t<div class=\"elementor-element elementor-element-5e018ea elementor-widget elementor-widget-text-editor\" data-id=\"5e018ea\" data-element_type=\"widget\" data-widget_type=\"text-editor.default\">\n\t\t\t\t<div class=\"elementor-widget-container\">\n\t\t\t\t\t\t\t\t\t<p>Os ofrecemos la oportunidad de asistir a unas clases casi particulares, donde tendr\u00e1s la atenci\u00f3n constante de la profesora para ayudarte a mejorar o corregir cada ejercicio evitando lesiones y fortaleciendo tu cuerpo y tu mente en el proceso.<\/p><p>Los ejercicios pueden ser pactados antes, si hemos hecho una visita previa para determinar mejor el programa, para adaptarlo al m\u00e1ximo, evitar lesiones y facilitando la adherencia, haciendo as\u00ed que no tan solo no te de pereza ir a las clases, sino que te apetezca.<\/p>\t\t\t\t\t\t\t\t<\/div>\n\t\t\t\t<\/div>\n\t\t\t\t\t<\/div>\n\t\t<\/div>\n\t\t\t\t\t<\/div>\n\t\t<\/section>\n\t\t\t\t<section class=\"has_eae_slider elementor-section elementor-top-section elementor-element elementor-element-4adbcc1 elementor-section-stretched elementor-section-full_width elementor-reverse-mobile elementor-section-height-default elementor-section-height-default\" data-eae-slider=\"92908\" data-id=\"4adbcc1\" data-element_type=\"section\" data-settings=\"{&quot;stretch_section&quot;:&quot;section-stretched&quot;,&quot;background_background&quot;:&quot;classic&quot;}\">\n\t\t\t\t\t\t<div class=\"elementor-container elementor-column-gap-no\">\n\t\t\t\t\t<div class=\"has_eae_slider elementor-column elementor-col-50 elementor-top-column elementor-element elementor-element-52e0c7d\" data-eae-slider=\"81839\" data-id=\"52e0c7d\" data-element_type=\"column\">\n\t\t\t<div class=\"elementor-widget-wrap elementor-element-populated\">\n\t\t\t\t\t\t<div class=\"elementor-element elementor-element-4a6af0a animated-slow elementor-invisible elementor-widget elementor-widget-heading\" data-id=\"4a6af0a\" data-element_type=\"widget\" data-settings=\"{&quot;_animation&quot;:&quot;slideInDown&quot;}\" data-widget_type=\"heading.default\">\n\t\t\t\t<div class=\"elementor-widget-container\">\n\t\t\t\t\t<h2 class=\"elementor-heading-title elementor-size-default\">Yoga Kundalini, m\u00e1s que gimnasia<\/h2>\t\t\t\t<\/div>\n\t\t\t\t<\/div>\n\t\t\t\t<div class=\"elementor-element elementor-element-190d4c0 elementor-widget elementor-widget-text-editor\" data-id=\"190d4c0\" data-element_type=\"widget\" data-widget_type=\"text-editor.default\">\n\t\t\t\t<div class=\"elementor-widget-container\">\n\t\t\t\t\t\t\t\t\t<p>Trabajamos la energ\u00eda del KUNDALINI, que recorre toda la espalda des del sacro\/coxis hasta las cervicales y m\u00e1s arriba, pasando por los 7 chakras. Esto te aportar\u00e1 mucha m\u00e1s vitalidad y equilibrio.<br \/>A nivel mental, aprendemos a controlar esta energ\u00eda a trav\u00e9s de la meditaci\u00f3n, obteniendo una concentraci\u00f3n mucho mejor en tu d\u00eda a d\u00eda siendo m\u00e1s productivo y feliz.<br \/>Con ejercicios de respiraci\u00f3n nos beneficiamos de ox\u00edgeno extra, que enseguida notaremos en nuestras c\u00e9lulas.\u00a0<\/p>\t\t\t\t\t\t\t\t<\/div>\n\t\t\t\t<\/div>\n\t\t\t\t\t<\/div>\n\t\t<\/div>\n\t\t\t\t<div class=\"has_eae_slider elementor-column elementor-col-50 elementor-top-column elementor-element elementor-element-cea8555\" data-eae-slider=\"34575\" data-id=\"cea8555\" data-element_type=\"column\" data-settings=\"{&quot;background_background&quot;:&quot;classic&quot;}\">\n\t\t\t<div class=\"elementor-widget-wrap elementor-element-populated\">\n\t\t\t\t\t\t<div class=\"elementor-element elementor-element-898b847 elementor-widget elementor-widget-image\" data-id=\"898b847\" data-element_type=\"widget\" data-widget_type=\"image.default\">\n\t\t\t\t<div class=\"elementor-widget-container\">\n\t\t\t\t\t\t\t\t\t\t\t\t\t\t\t<img decoding=\"async\" width=\"768\" height=\"512\" src=\"https:\/\/hebe2000.com\/wp-content\/uploads\/2020\/03\/yoga-figueres-768x512.jpg\" class=\"attachment-medium_large size-medium_large wp-image-14495\" alt=\"Grupo de 4 persona haciendo la plancha abdominal en cima de una esterilla azul en el gimnasio\" srcset=\"https:\/\/hebe2000.com\/wp-content\/uploads\/2020\/03\/yoga-figueres-768x512.jpg 768w, https:\/\/hebe2000.com\/wp-content\/uploads\/2020\/03\/yoga-figueres-600x400.jpg 600w, https:\/\/hebe2000.com\/wp-content\/uploads\/2020\/03\/yoga-figueres-300x200.jpg 300w, https:\/\/hebe2000.com\/wp-content\/uploads\/2020\/03\/yoga-figueres-1024x683.jpg 1024w, https:\/\/hebe2000.com\/wp-content\/uploads\/2020\/03\/yoga-figueres.jpg 1200w\" sizes=\"(max-width: 768px) 100vw, 768px\" \/>\t\t\t\t\t\t\t\t\t\t\t\t\t\t\t<\/div>\n\t\t\t\t<\/div>\n\t\t\t\t\t<\/div>\n\t\t<\/div>\n\t\t\t\t\t<\/div>\n\t\t<\/section>\n\t\t\t\t<\/div>\n\t\t","protected":false},"excerpt":{"rendered":"<p>Gimnasio Informaci\u00f3n Te ofrecemos unas clases con grupos muy reducidos para que cuando asistas puedas tener toda la atenci\u00f3n necesaria para poder ayudarte a mejorar en todos tus ejercicios del gimnasio. Con estos ejercicios del gimnasio podremos ayudarte tanto f\u00edsicamente como a nivel mental para que puedas obtener una mayor concentraci\u00f3n, felicidad y energ\u00eda todos &#8230; <a title=\"Gimnasio\" class=\"read-more\" href=\"https:\/\/hebe2000.com\/es\/gimnasio-en-figueres\/\" aria-label=\"Leer m\u00e1s sobre Gimnasio\">Read more<\/a><\/p>\n","protected":false},"author":1,"featured_media":0,"parent":0,"menu_order":0,"comment_status":"closed","ping_status":"closed","template":"","meta":{"_monsterinsights_skip_tracking":false,"_monsterinsights_sitenote_active":false,"_monsterinsights_sitenote_note":"","_monsterinsights_sitenote_category":0,"footnotes":""},"class_list":{"0":"post-13887","1":"page","2":"type-page","3":"status-publish","5":"no-featured-image-padding"},"yoast_head":"<!-- This site is optimized with the Yoast SEO plugin v26.6 - https:\/\/yoast.com\/wordpress\/plugins\/seo\/ -->\n<title>Gimnasio de yoga y pilates en Figueres- Hebe 2000<\/title>\n<meta name=\"description\" content=\"Gimnasio situado en Figueres. Ponte en forma con pilates, yoga y gym postural, todas nuestras clases est\u00e1n impartidas por profesionales. \u00a1Apuntate ya!\" \/>\n<meta name=\"robots\" content=\"index, follow, max-snippet:-1, max-image-preview:large, max-video-preview:-1\" \/>\n<link rel=\"canonical\" href=\"https:\/\/hebe2000.com\/es\/gimnasio-en-figueres\/\" \/>\n<meta property=\"og:locale\" content=\"es_ES\" \/>\n<meta property=\"og:type\" content=\"article\" \/>\n<meta property=\"og:title\" content=\"Gimnasio de yoga y pilates en Figueres- Hebe 2000\" \/>\n<meta property=\"og:description\" content=\"Gimnasio situado en Figueres. Ponte en forma con pilates, yoga y gym postural, todas nuestras clases est\u00e1n impartidas por profesionales. \u00a1Apuntate ya!\" \/>\n<meta property=\"og:url\" content=\"https:\/\/hebe2000.com\/es\/gimnasio-en-figueres\/\" \/>\n<meta property=\"og:site_name\" content=\"Hebe 2000\" \/>\n<meta property=\"article:modified_time\" content=\"2022-06-16T07:52:33+00:00\" \/>\n<meta property=\"og:image\" content=\"https:\/\/hebe2000.com\/wp-content\/uploads\/2020\/03\/pilates-figueres-768x512.jpg\" \/>\n<meta name=\"twitter:card\" content=\"summary_large_image\" \/>\n<meta name=\"twitter:label1\" content=\"Tiempo de lectura\" \/>\n\t<meta name=\"twitter:data1\" content=\"2 minutos\" \/>\n<script type=\"application\/ld+json\" class=\"yoast-schema-graph\">{\"@context\":\"https:\/\/schema.org\",\"@graph\":[{\"@type\":\"WebPage\",\"@id\":\"https:\/\/hebe2000.com\/es\/gimnasio-en-figueres\/\",\"url\":\"https:\/\/hebe2000.com\/es\/gimnasio-en-figueres\/\",\"name\":\"Gimnasio de yoga y pilates en Figueres- Hebe 2000\",\"isPartOf\":{\"@id\":\"https:\/\/hebe2000.com\/es\/#website\"},\"primaryImageOfPage\":{\"@id\":\"https:\/\/hebe2000.com\/es\/gimnasio-en-figueres\/#primaryimage\"},\"image\":{\"@id\":\"https:\/\/hebe2000.com\/es\/gimnasio-en-figueres\/#primaryimage\"},\"thumbnailUrl\":\"https:\/\/hebe2000.com\/wp-content\/uploads\/2020\/03\/pilates-figueres-768x512.jpg\",\"datePublished\":\"2019-08-29T12:14:56+00:00\",\"dateModified\":\"2022-06-16T07:52:33+00:00\",\"description\":\"Gimnasio situado en Figueres. Ponte en forma con pilates, yoga y gym postural, todas nuestras clases est\u00e1n impartidas por profesionales. \u00a1Apuntate ya!\",\"breadcrumb\":{\"@id\":\"https:\/\/hebe2000.com\/es\/gimnasio-en-figueres\/#breadcrumb\"},\"inLanguage\":\"es\",\"potentialAction\":[{\"@type\":\"ReadAction\",\"target\":[\"https:\/\/hebe2000.com\/es\/gimnasio-en-figueres\/\"]}]},{\"@type\":\"ImageObject\",\"inLanguage\":\"es\",\"@id\":\"https:\/\/hebe2000.com\/es\/gimnasio-en-figueres\/#primaryimage\",\"url\":\"https:\/\/hebe2000.com\/wp-content\/uploads\/2020\/03\/pilates-figueres-768x512.jpg\",\"contentUrl\":\"https:\/\/hebe2000.com\/wp-content\/uploads\/2020\/03\/pilates-figueres-768x512.jpg\"},{\"@type\":\"BreadcrumbList\",\"@id\":\"https:\/\/hebe2000.com\/es\/gimnasio-en-figueres\/#breadcrumb\",\"itemListElement\":[{\"@type\":\"ListItem\",\"position\":1,\"name\":\"Portada\",\"item\":\"https:\/\/hebe2000.com\/es\/\"},{\"@type\":\"ListItem\",\"position\":2,\"name\":\"Gimnasio\"}]},{\"@type\":\"WebSite\",\"@id\":\"https:\/\/hebe2000.com\/es\/#website\",\"url\":\"https:\/\/hebe2000.com\/es\/\",\"name\":\"Hebe 2000\",\"description\":\"Centro de est\u00e9tica\",\"publisher\":{\"@id\":\"https:\/\/hebe2000.com\/es\/#organization\"},\"potentialAction\":[{\"@type\":\"SearchAction\",\"target\":{\"@type\":\"EntryPoint\",\"urlTemplate\":\"https:\/\/hebe2000.com\/es\/?s={search_term_string}\"},\"query-input\":{\"@type\":\"PropertyValueSpecification\",\"valueRequired\":true,\"valueName\":\"search_term_string\"}}],\"inLanguage\":\"es\"},{\"@type\":\"Organization\",\"@id\":\"https:\/\/hebe2000.com\/es\/#organization\",\"name\":\"Hebe 2000\",\"url\":\"https:\/\/hebe2000.com\/es\/\",\"logo\":{\"@type\":\"ImageObject\",\"inLanguage\":\"es\",\"@id\":\"https:\/\/hebe2000.com\/es\/#\/schema\/logo\/image\/\",\"url\":\"https:\/\/hebe2000.com\/wp-content\/uploads\/2022\/08\/LOGOhebe11.png\",\"contentUrl\":\"https:\/\/hebe2000.com\/wp-content\/uploads\/2022\/08\/LOGOhebe11.png\",\"width\":500,\"height\":250,\"caption\":\"Hebe 2000\"},\"image\":{\"@id\":\"https:\/\/hebe2000.com\/es\/#\/schema\/logo\/image\/\"}}]}<\/script>\n<!-- \/ Yoast SEO plugin. -->","yoast_head_json":{"title":"Gimnasio de yoga y pilates en Figueres- Hebe 2000","description":"Gimnasio situado en Figueres. Ponte en forma con pilates, yoga y gym postural, todas nuestras clases est\u00e1n impartidas por profesionales. \u00a1Apuntate ya!","robots":{"index":"index","follow":"follow","max-snippet":"max-snippet:-1","max-image-preview":"max-image-preview:large","max-video-preview":"max-video-preview:-1"},"canonical":"https:\/\/hebe2000.com\/es\/gimnasio-en-figueres\/","og_locale":"es_ES","og_type":"article","og_title":"Gimnasio de yoga y pilates en Figueres- Hebe 2000","og_description":"Gimnasio situado en Figueres. Ponte en forma con pilates, yoga y gym postural, todas nuestras clases est\u00e1n impartidas por profesionales. \u00a1Apuntate ya!","og_url":"https:\/\/hebe2000.com\/es\/gimnasio-en-figueres\/","og_site_name":"Hebe 2000","article_modified_time":"2022-06-16T07:52:33+00:00","og_image":[{"url":"https:\/\/hebe2000.com\/wp-content\/uploads\/2020\/03\/pilates-figueres-768x512.jpg","type":"","width":"","height":""}],"twitter_card":"summary_large_image","twitter_misc":{"Tiempo de lectura":"2 minutos"},"schema":{"@context":"https:\/\/schema.org","@graph":[{"@type":"WebPage","@id":"https:\/\/hebe2000.com\/es\/gimnasio-en-figueres\/","url":"https:\/\/hebe2000.com\/es\/gimnasio-en-figueres\/","name":"Gimnasio de yoga y pilates en Figueres- Hebe 2000","isPartOf":{"@id":"https:\/\/hebe2000.com\/es\/#website"},"primaryImageOfPage":{"@id":"https:\/\/hebe2000.com\/es\/gimnasio-en-figueres\/#primaryimage"},"image":{"@id":"https:\/\/hebe2000.com\/es\/gimnasio-en-figueres\/#primaryimage"},"thumbnailUrl":"https:\/\/hebe2000.com\/wp-content\/uploads\/2020\/03\/pilates-figueres-768x512.jpg","datePublished":"2019-08-29T12:14:56+00:00","dateModified":"2022-06-16T07:52:33+00:00","description":"Gimnasio situado en Figueres. Ponte en forma con pilates, yoga y gym postural, todas nuestras clases est\u00e1n impartidas por profesionales. \u00a1Apuntate ya!","breadcrumb":{"@id":"https:\/\/hebe2000.com\/es\/gimnasio-en-figueres\/#breadcrumb"},"inLanguage":"es","potentialAction":[{"@type":"ReadAction","target":["https:\/\/hebe2000.com\/es\/gimnasio-en-figueres\/"]}]},{"@type":"ImageObject","inLanguage":"es","@id":"https:\/\/hebe2000.com\/es\/gimnasio-en-figueres\/#primaryimage","url":"https:\/\/hebe2000.com\/wp-content\/uploads\/2020\/03\/pilates-figueres-768x512.jpg","contentUrl":"https:\/\/hebe2000.com\/wp-content\/uploads\/2020\/03\/pilates-figueres-768x512.jpg"},{"@type":"BreadcrumbList","@id":"https:\/\/hebe2000.com\/es\/gimnasio-en-figueres\/#breadcrumb","itemListElement":[{"@type":"ListItem","position":1,"name":"Portada","item":"https:\/\/hebe2000.com\/es\/"},{"@type":"ListItem","position":2,"name":"Gimnasio"}]},{"@type":"WebSite","@id":"https:\/\/hebe2000.com\/es\/#website","url":"https:\/\/hebe2000.com\/es\/","name":"Hebe 2000","description":"Centro de est\u00e9tica","publisher":{"@id":"https:\/\/hebe2000.com\/es\/#organization"},"potentialAction":[{"@type":"SearchAction","target":{"@type":"EntryPoint","urlTemplate":"https:\/\/hebe2000.com\/es\/?s={search_term_string}"},"query-input":{"@type":"PropertyValueSpecification","valueRequired":true,"valueName":"search_term_string"}}],"inLanguage":"es"},{"@type":"Organization","@id":"https:\/\/hebe2000.com\/es\/#organization","name":"Hebe 2000","url":"https:\/\/hebe2000.com\/es\/","logo":{"@type":"ImageObject","inLanguage":"es","@id":"https:\/\/hebe2000.com\/es\/#\/schema\/logo\/image\/","url":"https:\/\/hebe2000.com\/wp-content\/uploads\/2022\/08\/LOGOhebe11.png","contentUrl":"https:\/\/hebe2000.com\/wp-content\/uploads\/2022\/08\/LOGOhebe11.png","width":500,"height":250,"caption":"Hebe 2000"},"image":{"@id":"https:\/\/hebe2000.com\/es\/#\/schema\/logo\/image\/"}}]}},"_links":{"self":[{"href":"https:\/\/hebe2000.com\/es\/wp-json\/wp\/v2\/pages\/13887","targetHints":{"allow":["GET"]}}],"collection":[{"href":"https:\/\/hebe2000.com\/es\/wp-json\/wp\/v2\/pages"}],"about":[{"href":"https:\/\/hebe2000.com\/es\/wp-json\/wp\/v2\/types\/page"}],"author":[{"embeddable":true,"href":"https:\/\/hebe2000.com\/es\/wp-json\/wp\/v2\/users\/1"}],"replies":[{"embeddable":true,"href":"https:\/\/hebe2000.com\/es\/wp-json\/wp\/v2\/comments?post=13887"}],"version-history":[{"count":5,"href":"https:\/\/hebe2000.com\/es\/wp-json\/wp\/v2\/pages\/13887\/revisions"}],"predecessor-version":[{"id":15508,"href":"https:\/\/hebe2000.com\/es\/wp-json\/wp\/v2\/pages\/13887\/revisions\/15508"}],"wp:attachment":[{"href":"https:\/\/hebe2000.com\/es\/wp-json\/wp\/v2\/media?parent=13887"}],"curies":[{"name":"wp","href":"https:\/\/api.w.org\/{rel}","templated":true}]}}