{"id":13891,"date":"2019-08-29T14:18:47","date_gmt":"2019-08-29T12:18:47","guid":{"rendered":"https:\/\/hebe2000.com\/?page_id=13891"},"modified":"2022-06-16T10:01:45","modified_gmt":"2022-06-16T08:01:45","slug":"reiki-en-figueres","status":"publish","type":"page","link":"https:\/\/hebe2000.com\/es\/reiki-en-figueres\/","title":{"rendered":"Reiki"},"content":{"rendered":"\t\t<div data-elementor-type=\"wp-post\" data-elementor-id=\"13891\" class=\"elementor elementor-13891\" data-elementor-post-type=\"page\">\n\t\t\t\t\t\t<section class=\"has_eae_slider elementor-section elementor-top-section elementor-element elementor-element-504541d2 elementor-section-height-min-height elementor-section-boxed elementor-section-height-default elementor-section-items-middle\" data-eae-slider=\"6303\" data-id=\"504541d2\" data-element_type=\"section\" data-settings=\"{&quot;background_background&quot;:&quot;classic&quot;}\">\n\t\t\t\t\t\t\t<div class=\"elementor-background-overlay\"><\/div>\n\t\t\t\t\t\t\t<div class=\"elementor-container elementor-column-gap-default\">\n\t\t\t\t\t<div class=\"has_eae_slider elementor-column elementor-col-100 elementor-top-column elementor-element elementor-element-6e22ff07\" data-eae-slider=\"85980\" data-id=\"6e22ff07\" data-element_type=\"column\">\n\t\t\t<div class=\"elementor-widget-wrap elementor-element-populated\">\n\t\t\t\t\t\t<div class=\"elementor-element elementor-element-2128b1e8 elementor-widget elementor-widget-heading\" data-id=\"2128b1e8\" data-element_type=\"widget\" data-widget_type=\"heading.default\">\n\t\t\t\t<div class=\"elementor-widget-container\">\n\t\t\t\t\t<h1 class=\"elementor-heading-title elementor-size-default\">Reiki en Figueres<\/h1>\t\t\t\t<\/div>\n\t\t\t\t<\/div>\n\t\t\t\t\t<\/div>\n\t\t<\/div>\n\t\t\t\t\t<\/div>\n\t\t<\/section>\n\t\t\t\t<section class=\"has_eae_slider elementor-section elementor-top-section elementor-element elementor-element-746d3a4 elementor-section-boxed elementor-section-height-default elementor-section-height-default\" data-eae-slider=\"59311\" data-id=\"746d3a4\" data-element_type=\"section\">\n\t\t\t\t\t\t<div class=\"elementor-container elementor-column-gap-default\">\n\t\t\t\t\t<div class=\"has_eae_slider elementor-column elementor-col-50 elementor-top-column elementor-element elementor-element-4926191\" data-eae-slider=\"8865\" data-id=\"4926191\" data-element_type=\"column\">\n\t\t\t<div class=\"elementor-widget-wrap elementor-element-populated\">\n\t\t\t\t\t\t<div class=\"elementor-element elementor-element-be264a4 elementor-widget elementor-widget-text-editor\" data-id=\"be264a4\" data-element_type=\"widget\" data-widget_type=\"text-editor.default\">\n\t\t\t\t<div class=\"elementor-widget-container\">\n\t\t\t\t\t\t\t\t\t<h2>Reiki a distancia y a presencial<\/h2><p>El Reiki consiste en un tratamiento energ\u00e9tico de la energia vital que trabaja los 7 chakras, detectando los m\u00e1s bajos de energ\u00eda para equilibrarlos.<\/p><p>Cada chakra est\u00e1 vinculado con unos \u00f3rganos de nuestro cuerpo, unos tipos de emociones y unos colores determinados.<\/p><p>Esto nos da mucha informaci\u00f3n de lo que est\u00e1 pasando por dentro, y a la vez se expresa por fuera.<\/p><p>La sensaci\u00f3n es sutil. Hay quien lo nota m\u00e1s r\u00e1pido que los otros, aunque la faena sea la misma, y siempre hay cambios.<\/p><p>Este tratamiento nos permite poderlo hacer a distancia.<\/p>\t\t\t\t\t\t\t\t<\/div>\n\t\t\t\t<\/div>\n\t\t\t\t\t<\/div>\n\t\t<\/div>\n\t\t\t\t<div class=\"has_eae_slider elementor-column elementor-col-50 elementor-top-column elementor-element elementor-element-a17d79a\" data-eae-slider=\"30370\" data-id=\"a17d79a\" data-element_type=\"column\">\n\t\t\t<div class=\"elementor-widget-wrap elementor-element-populated\">\n\t\t\t\t\t\t<div class=\"elementor-element elementor-element-393a896 elementor-widget elementor-widget-image\" data-id=\"393a896\" data-element_type=\"widget\" data-widget_type=\"image.default\">\n\t\t\t\t<div class=\"elementor-widget-container\">\n\t\t\t\t\t\t\t\t\t\t\t\t\t\t\t<img fetchpriority=\"high\" decoding=\"async\" width=\"768\" height=\"512\" src=\"https:\/\/hebe2000.com\/wp-content\/uploads\/2020\/03\/reiki-figueres-768x512.jpg\" class=\"attachment-medium_large size-medium_large wp-image-14500\" alt=\"Manos concentrando energ\u00eda vital dorada del reiki en su centro\" srcset=\"https:\/\/hebe2000.com\/wp-content\/uploads\/2020\/03\/reiki-figueres-768x512.jpg 768w, https:\/\/hebe2000.com\/wp-content\/uploads\/2020\/03\/reiki-figueres-600x400.jpg 600w, https:\/\/hebe2000.com\/wp-content\/uploads\/2020\/03\/reiki-figueres-300x200.jpg 300w, https:\/\/hebe2000.com\/wp-content\/uploads\/2020\/03\/reiki-figueres-1024x683.jpg 1024w, https:\/\/hebe2000.com\/wp-content\/uploads\/2020\/03\/reiki-figueres.jpg 1200w\" sizes=\"(max-width: 768px) 100vw, 768px\" \/>\t\t\t\t\t\t\t\t\t\t\t\t\t\t\t<\/div>\n\t\t\t\t<\/div>\n\t\t\t\t\t<\/div>\n\t\t<\/div>\n\t\t\t\t\t<\/div>\n\t\t<\/section>\n\t\t\t\t<\/div>\n\t\t","protected":false},"excerpt":{"rendered":"<p>Reiki en Figueres Reiki a distancia y a presencial El Reiki consiste en un tratamiento energ\u00e9tico de la energia vital que trabaja los 7 chakras, detectando los m\u00e1s bajos de energ\u00eda para equilibrarlos. Cada chakra est\u00e1 vinculado con unos \u00f3rganos de nuestro cuerpo, unos tipos de emociones y unos colores determinados. Esto nos da mucha &#8230; <a title=\"Reiki\" class=\"read-more\" href=\"https:\/\/hebe2000.com\/es\/reiki-en-figueres\/\" aria-label=\"Leer m\u00e1s sobre Reiki\">Read more<\/a><\/p>\n","protected":false},"author":1,"featured_media":0,"parent":0,"menu_order":0,"comment_status":"closed","ping_status":"closed","template":"","meta":{"_monsterinsights_skip_tracking":false,"_monsterinsights_sitenote_active":false,"_monsterinsights_sitenote_note":"","_monsterinsights_sitenote_category":0,"footnotes":""},"class_list":{"0":"post-13891","1":"page","2":"type-page","3":"status-publish","5":"no-featured-image-padding"},"yoast_head":"<!-- This site is optimized with the Yoast SEO plugin v26.6 - https:\/\/yoast.com\/wordpress\/plugins\/seo\/ -->\n<title>Reiki - Hebe 2000<\/title>\n<meta name=\"description\" content=\"Reiki es una terapia energ\u00e9tica que permite trabajar con los 7 chakras en persona o a distancia. Reduce el estr\u00e9s, mejora el rendimiento de las c\u00e9lulas.\" \/>\n<meta name=\"robots\" content=\"index, follow, max-snippet:-1, max-image-preview:large, max-video-preview:-1\" \/>\n<link rel=\"canonical\" href=\"https:\/\/hebe2000.com\/es\/reiki-en-figueres\/\" \/>\n<meta property=\"og:locale\" content=\"es_ES\" \/>\n<meta property=\"og:type\" content=\"article\" \/>\n<meta property=\"og:title\" content=\"Reiki - Hebe 2000\" \/>\n<meta property=\"og:description\" content=\"Reiki es una terapia energ\u00e9tica que permite trabajar con los 7 chakras en persona o a distancia. Reduce el estr\u00e9s, mejora el rendimiento de las c\u00e9lulas.\" \/>\n<meta property=\"og:url\" content=\"https:\/\/hebe2000.com\/es\/reiki-en-figueres\/\" \/>\n<meta property=\"og:site_name\" content=\"Hebe 2000\" \/>\n<meta property=\"article:modified_time\" content=\"2022-06-16T08:01:45+00:00\" \/>\n<meta property=\"og:image\" content=\"https:\/\/hebe2000.com\/wp-content\/uploads\/2020\/03\/reiki-figueres-768x512.jpg\" \/>\n<meta name=\"twitter:card\" content=\"summary_large_image\" \/>\n<meta name=\"twitter:label1\" content=\"Tiempo de lectura\" \/>\n\t<meta name=\"twitter:data1\" content=\"1 minuto\" \/>\n<script type=\"application\/ld+json\" class=\"yoast-schema-graph\">{\"@context\":\"https:\/\/schema.org\",\"@graph\":[{\"@type\":\"WebPage\",\"@id\":\"https:\/\/hebe2000.com\/es\/reiki-en-figueres\/\",\"url\":\"https:\/\/hebe2000.com\/es\/reiki-en-figueres\/\",\"name\":\"Reiki - Hebe 2000\",\"isPartOf\":{\"@id\":\"https:\/\/hebe2000.com\/es\/#website\"},\"primaryImageOfPage\":{\"@id\":\"https:\/\/hebe2000.com\/es\/reiki-en-figueres\/#primaryimage\"},\"image\":{\"@id\":\"https:\/\/hebe2000.com\/es\/reiki-en-figueres\/#primaryimage\"},\"thumbnailUrl\":\"https:\/\/hebe2000.com\/wp-content\/uploads\/2020\/03\/reiki-figueres-768x512.jpg\",\"datePublished\":\"2019-08-29T12:18:47+00:00\",\"dateModified\":\"2022-06-16T08:01:45+00:00\",\"description\":\"Reiki es una terapia energ\u00e9tica que permite trabajar con los 7 chakras en persona o a distancia. Reduce el estr\u00e9s, mejora el rendimiento de las c\u00e9lulas.\",\"breadcrumb\":{\"@id\":\"https:\/\/hebe2000.com\/es\/reiki-en-figueres\/#breadcrumb\"},\"inLanguage\":\"es\",\"potentialAction\":[{\"@type\":\"ReadAction\",\"target\":[\"https:\/\/hebe2000.com\/es\/reiki-en-figueres\/\"]}]},{\"@type\":\"ImageObject\",\"inLanguage\":\"es\",\"@id\":\"https:\/\/hebe2000.com\/es\/reiki-en-figueres\/#primaryimage\",\"url\":\"https:\/\/hebe2000.com\/wp-content\/uploads\/2020\/03\/reiki-figueres-768x512.jpg\",\"contentUrl\":\"https:\/\/hebe2000.com\/wp-content\/uploads\/2020\/03\/reiki-figueres-768x512.jpg\"},{\"@type\":\"BreadcrumbList\",\"@id\":\"https:\/\/hebe2000.com\/es\/reiki-en-figueres\/#breadcrumb\",\"itemListElement\":[{\"@type\":\"ListItem\",\"position\":1,\"name\":\"Portada\",\"item\":\"https:\/\/hebe2000.com\/es\/\"},{\"@type\":\"ListItem\",\"position\":2,\"name\":\"Reiki\"}]},{\"@type\":\"WebSite\",\"@id\":\"https:\/\/hebe2000.com\/es\/#website\",\"url\":\"https:\/\/hebe2000.com\/es\/\",\"name\":\"Hebe 2000\",\"description\":\"Centro de est\u00e9tica\",\"publisher\":{\"@id\":\"https:\/\/hebe2000.com\/es\/#organization\"},\"potentialAction\":[{\"@type\":\"SearchAction\",\"target\":{\"@type\":\"EntryPoint\",\"urlTemplate\":\"https:\/\/hebe2000.com\/es\/?s={search_term_string}\"},\"query-input\":{\"@type\":\"PropertyValueSpecification\",\"valueRequired\":true,\"valueName\":\"search_term_string\"}}],\"inLanguage\":\"es\"},{\"@type\":\"Organization\",\"@id\":\"https:\/\/hebe2000.com\/es\/#organization\",\"name\":\"Hebe 2000\",\"url\":\"https:\/\/hebe2000.com\/es\/\",\"logo\":{\"@type\":\"ImageObject\",\"inLanguage\":\"es\",\"@id\":\"https:\/\/hebe2000.com\/es\/#\/schema\/logo\/image\/\",\"url\":\"https:\/\/hebe2000.com\/wp-content\/uploads\/2022\/08\/LOGOhebe11.png\",\"contentUrl\":\"https:\/\/hebe2000.com\/wp-content\/uploads\/2022\/08\/LOGOhebe11.png\",\"width\":500,\"height\":250,\"caption\":\"Hebe 2000\"},\"image\":{\"@id\":\"https:\/\/hebe2000.com\/es\/#\/schema\/logo\/image\/\"}}]}<\/script>\n<!-- \/ Yoast SEO plugin. -->","yoast_head_json":{"title":"Reiki - Hebe 2000","description":"Reiki es una terapia energ\u00e9tica que permite trabajar con los 7 chakras en persona o a distancia. Reduce el estr\u00e9s, mejora el rendimiento de las c\u00e9lulas.","robots":{"index":"index","follow":"follow","max-snippet":"max-snippet:-1","max-image-preview":"max-image-preview:large","max-video-preview":"max-video-preview:-1"},"canonical":"https:\/\/hebe2000.com\/es\/reiki-en-figueres\/","og_locale":"es_ES","og_type":"article","og_title":"Reiki - Hebe 2000","og_description":"Reiki es una terapia energ\u00e9tica que permite trabajar con los 7 chakras en persona o a distancia. Reduce el estr\u00e9s, mejora el rendimiento de las c\u00e9lulas.","og_url":"https:\/\/hebe2000.com\/es\/reiki-en-figueres\/","og_site_name":"Hebe 2000","article_modified_time":"2022-06-16T08:01:45+00:00","og_image":[{"url":"https:\/\/hebe2000.com\/wp-content\/uploads\/2020\/03\/reiki-figueres-768x512.jpg","type":"","width":"","height":""}],"twitter_card":"summary_large_image","twitter_misc":{"Tiempo de lectura":"1 minuto"},"schema":{"@context":"https:\/\/schema.org","@graph":[{"@type":"WebPage","@id":"https:\/\/hebe2000.com\/es\/reiki-en-figueres\/","url":"https:\/\/hebe2000.com\/es\/reiki-en-figueres\/","name":"Reiki - Hebe 2000","isPartOf":{"@id":"https:\/\/hebe2000.com\/es\/#website"},"primaryImageOfPage":{"@id":"https:\/\/hebe2000.com\/es\/reiki-en-figueres\/#primaryimage"},"image":{"@id":"https:\/\/hebe2000.com\/es\/reiki-en-figueres\/#primaryimage"},"thumbnailUrl":"https:\/\/hebe2000.com\/wp-content\/uploads\/2020\/03\/reiki-figueres-768x512.jpg","datePublished":"2019-08-29T12:18:47+00:00","dateModified":"2022-06-16T08:01:45+00:00","description":"Reiki es una terapia energ\u00e9tica que permite trabajar con los 7 chakras en persona o a distancia. Reduce el estr\u00e9s, mejora el rendimiento de las c\u00e9lulas.","breadcrumb":{"@id":"https:\/\/hebe2000.com\/es\/reiki-en-figueres\/#breadcrumb"},"inLanguage":"es","potentialAction":[{"@type":"ReadAction","target":["https:\/\/hebe2000.com\/es\/reiki-en-figueres\/"]}]},{"@type":"ImageObject","inLanguage":"es","@id":"https:\/\/hebe2000.com\/es\/reiki-en-figueres\/#primaryimage","url":"https:\/\/hebe2000.com\/wp-content\/uploads\/2020\/03\/reiki-figueres-768x512.jpg","contentUrl":"https:\/\/hebe2000.com\/wp-content\/uploads\/2020\/03\/reiki-figueres-768x512.jpg"},{"@type":"BreadcrumbList","@id":"https:\/\/hebe2000.com\/es\/reiki-en-figueres\/#breadcrumb","itemListElement":[{"@type":"ListItem","position":1,"name":"Portada","item":"https:\/\/hebe2000.com\/es\/"},{"@type":"ListItem","position":2,"name":"Reiki"}]},{"@type":"WebSite","@id":"https:\/\/hebe2000.com\/es\/#website","url":"https:\/\/hebe2000.com\/es\/","name":"Hebe 2000","description":"Centro de est\u00e9tica","publisher":{"@id":"https:\/\/hebe2000.com\/es\/#organization"},"potentialAction":[{"@type":"SearchAction","target":{"@type":"EntryPoint","urlTemplate":"https:\/\/hebe2000.com\/es\/?s={search_term_string}"},"query-input":{"@type":"PropertyValueSpecification","valueRequired":true,"valueName":"search_term_string"}}],"inLanguage":"es"},{"@type":"Organization","@id":"https:\/\/hebe2000.com\/es\/#organization","name":"Hebe 2000","url":"https:\/\/hebe2000.com\/es\/","logo":{"@type":"ImageObject","inLanguage":"es","@id":"https:\/\/hebe2000.com\/es\/#\/schema\/logo\/image\/","url":"https:\/\/hebe2000.com\/wp-content\/uploads\/2022\/08\/LOGOhebe11.png","contentUrl":"https:\/\/hebe2000.com\/wp-content\/uploads\/2022\/08\/LOGOhebe11.png","width":500,"height":250,"caption":"Hebe 2000"},"image":{"@id":"https:\/\/hebe2000.com\/es\/#\/schema\/logo\/image\/"}}]}},"_links":{"self":[{"href":"https:\/\/hebe2000.com\/es\/wp-json\/wp\/v2\/pages\/13891","targetHints":{"allow":["GET"]}}],"collection":[{"href":"https:\/\/hebe2000.com\/es\/wp-json\/wp\/v2\/pages"}],"about":[{"href":"https:\/\/hebe2000.com\/es\/wp-json\/wp\/v2\/types\/page"}],"author":[{"embeddable":true,"href":"https:\/\/hebe2000.com\/es\/wp-json\/wp\/v2\/users\/1"}],"replies":[{"embeddable":true,"href":"https:\/\/hebe2000.com\/es\/wp-json\/wp\/v2\/comments?post=13891"}],"version-history":[{"count":3,"href":"https:\/\/hebe2000.com\/es\/wp-json\/wp\/v2\/pages\/13891\/revisions"}],"predecessor-version":[{"id":15524,"href":"https:\/\/hebe2000.com\/es\/wp-json\/wp\/v2\/pages\/13891\/revisions\/15524"}],"wp:attachment":[{"href":"https:\/\/hebe2000.com\/es\/wp-json\/wp\/v2\/media?parent=13891"}],"curies":[{"name":"wp","href":"https:\/\/api.w.org\/{rel}","templated":true}]}}