{"id":13977,"date":"2019-09-17T09:39:59","date_gmt":"2019-09-17T07:39:59","guid":{"rendered":"https:\/\/hebe2000.com\/?page_id=13977"},"modified":"2020-03-16T11:50:04","modified_gmt":"2020-03-16T10:50:04","slug":"osteopatia-metodo-poyet","status":"publish","type":"page","link":"https:\/\/hebe2000.com\/es\/osteopatia-metodo-poyet\/","title":{"rendered":"Osteopat\u00eda M\u00e9todo Poyet"},"content":{"rendered":"\t\t<div data-elementor-type=\"wp-page\" data-elementor-id=\"13977\" class=\"elementor elementor-13977\" data-elementor-post-type=\"page\">\n\t\t\t\t\t\t<section class=\"has_eae_slider elementor-section elementor-top-section elementor-element elementor-element-7b74e66a elementor-section-height-min-height elementor-section-boxed elementor-section-height-default elementor-section-items-middle\" data-eae-slider=\"45963\" data-id=\"7b74e66a\" data-element_type=\"section\" data-settings=\"{&quot;background_background&quot;:&quot;classic&quot;}\">\n\t\t\t\t\t\t\t<div class=\"elementor-background-overlay\"><\/div>\n\t\t\t\t\t\t\t<div class=\"elementor-container elementor-column-gap-default\">\n\t\t\t\t\t<div class=\"has_eae_slider elementor-column elementor-col-100 elementor-top-column elementor-element elementor-element-63c3e1d7\" data-eae-slider=\"76300\" data-id=\"63c3e1d7\" data-element_type=\"column\">\n\t\t\t<div class=\"elementor-widget-wrap elementor-element-populated\">\n\t\t\t\t\t\t<div class=\"elementor-element elementor-element-789c402b elementor-widget elementor-widget-heading\" data-id=\"789c402b\" data-element_type=\"widget\" data-widget_type=\"heading.default\">\n\t\t\t\t<div class=\"elementor-widget-container\">\n\t\t\t\t\t<h1 class=\"elementor-heading-title elementor-size-default\">Osteopat\u00eda M\u00e9todo Poyet <\/h1>\t\t\t\t<\/div>\n\t\t\t\t<\/div>\n\t\t\t\t<div class=\"elementor-element elementor-element-333dc9e elementor-widget elementor-widget-heading\" data-id=\"333dc9e\" data-element_type=\"widget\" data-widget_type=\"heading.default\">\n\t\t\t\t<div class=\"elementor-widget-container\">\n\t\t\t\t\t<p class=\"elementor-heading-title elementor-size-default\">Osteopat\u00eda m\u00e9todo poyet, una de las mejores formas de combatir el dolar lumbar, en la cr\u00edtica, etc. <\/p>\t\t\t\t<\/div>\n\t\t\t\t<\/div>\n\t\t\t\t\t<\/div>\n\t\t<\/div>\n\t\t\t\t\t<\/div>\n\t\t<\/section>\n\t\t\t\t<section class=\"has_eae_slider elementor-section elementor-top-section elementor-element elementor-element-0de6df2 elementor-section-boxed elementor-section-height-default elementor-section-height-default\" data-eae-slider=\"32564\" data-id=\"0de6df2\" data-element_type=\"section\">\n\t\t\t\t\t\t<div class=\"elementor-container elementor-column-gap-default\">\n\t\t\t\t\t<div class=\"has_eae_slider elementor-column elementor-col-100 elementor-top-column elementor-element elementor-element-ceffd63\" data-eae-slider=\"33949\" data-id=\"ceffd63\" data-element_type=\"column\">\n\t\t\t<div class=\"elementor-widget-wrap elementor-element-populated\">\n\t\t\t\t\t\t<section class=\"has_eae_slider elementor-section elementor-inner-section elementor-element elementor-element-38f7d1f elementor-section-boxed elementor-section-height-default elementor-section-height-default\" data-eae-slider=\"99951\" data-id=\"38f7d1f\" data-element_type=\"section\">\n\t\t\t\t\t\t<div class=\"elementor-container elementor-column-gap-default\">\n\t\t\t\t\t<div class=\"has_eae_slider elementor-column elementor-col-25 elementor-inner-column elementor-element elementor-element-730bd50\" data-eae-slider=\"95652\" data-id=\"730bd50\" data-element_type=\"column\">\n\t\t\t<div class=\"elementor-widget-wrap\">\n\t\t\t\t\t\t\t<\/div>\n\t\t<\/div>\n\t\t\t\t<div class=\"has_eae_slider elementor-column elementor-col-25 elementor-inner-column elementor-element elementor-element-3bae0ce\" data-eae-slider=\"68204\" data-id=\"3bae0ce\" data-element_type=\"column\">\n\t\t\t<div class=\"elementor-widget-wrap elementor-element-populated\">\n\t\t\t\t\t\t<div class=\"elementor-element elementor-element-925755b elementor-widget elementor-widget-text-editor\" data-id=\"925755b\" data-element_type=\"widget\" data-widget_type=\"text-editor.default\">\n\t\t\t\t<div class=\"elementor-widget-container\">\n\t\t\t\t\t\t\t\t\t<p>La terapia sacro-craneal del M\u00e9todo Poyet es un procedimiento que se engloba dentro de la terapia manual.<\/p><p>Resultado de la b\u00fasqueda de su creador Maurice Raymond Poyet, fisioterapeuta, oste\u00f3pata y acupuntor franc\u00e9s, quien a lo largo de su carrera desarrollar\u00e1 esta nueva y revolucionaria metodolog\u00eda de trabajo.<\/p>\t\t\t\t\t\t\t\t<\/div>\n\t\t\t\t<\/div>\n\t\t\t\t\t<\/div>\n\t\t<\/div>\n\t\t\t\t<div class=\"has_eae_slider elementor-column elementor-col-25 elementor-inner-column elementor-element elementor-element-6032c19\" data-eae-slider=\"76954\" data-id=\"6032c19\" data-element_type=\"column\">\n\t\t\t<div class=\"elementor-widget-wrap elementor-element-populated\">\n\t\t\t\t\t\t<div class=\"elementor-element elementor-element-f2cc520 elementor-widget elementor-widget-image\" data-id=\"f2cc520\" data-element_type=\"widget\" data-widget_type=\"image.default\">\n\t\t\t\t<div class=\"elementor-widget-container\">\n\t\t\t\t\t\t\t\t\t\t\t\t\t\t\t<img decoding=\"async\" src=\"https:\/\/hebe2000.com\/wp-content\/uploads\/2019\/10\/AdobeStock_145193722_Preview-1.jpeg\" title=\"\" alt=\"\" loading=\"lazy\" \/>\t\t\t\t\t\t\t\t\t\t\t\t\t\t\t<\/div>\n\t\t\t\t<\/div>\n\t\t\t\t\t<\/div>\n\t\t<\/div>\n\t\t\t\t<div class=\"has_eae_slider elementor-column elementor-col-25 elementor-inner-column elementor-element elementor-element-2eba9f5\" data-eae-slider=\"75727\" data-id=\"2eba9f5\" data-element_type=\"column\">\n\t\t\t<div class=\"elementor-widget-wrap\">\n\t\t\t\t\t\t\t<\/div>\n\t\t<\/div>\n\t\t\t\t\t<\/div>\n\t\t<\/section>\n\t\t\t\t\t<\/div>\n\t\t<\/div>\n\t\t\t\t\t<\/div>\n\t\t<\/section>\n\t\t\t\t<section class=\"has_eae_slider elementor-section elementor-top-section elementor-element elementor-element-680084b elementor-section-boxed elementor-section-height-default elementor-section-height-default\" data-eae-slider=\"36190\" data-id=\"680084b\" data-element_type=\"section\">\n\t\t\t\t\t\t<div class=\"elementor-container elementor-column-gap-default\">\n\t\t\t\t\t<div class=\"has_eae_slider elementor-column elementor-col-16 elementor-top-column elementor-element elementor-element-b9dca71\" data-eae-slider=\"38802\" data-id=\"b9dca71\" data-element_type=\"column\">\n\t\t\t<div class=\"elementor-widget-wrap\">\n\t\t\t\t\t\t\t<\/div>\n\t\t<\/div>\n\t\t\t\t<div class=\"has_eae_slider elementor-column elementor-col-66 elementor-top-column elementor-element elementor-element-330845c\" data-eae-slider=\"52383\" data-id=\"330845c\" data-element_type=\"column\">\n\t\t\t<div class=\"elementor-widget-wrap elementor-element-populated\">\n\t\t\t\t\t\t<div class=\"elementor-element elementor-element-d43382b elementor-widget elementor-widget-text-editor\" data-id=\"d43382b\" data-element_type=\"widget\" data-widget_type=\"text-editor.default\">\n\t\t\t\t<div class=\"elementor-widget-container\">\n\t\t\t\t\t\t\t\t\t<p>Trabaja sobre el sistema (motor) muscular y esquel\u00e9tico que comprende los huesos el conjunto para articular: y los hombros y fascias.<\/p><p>Se realiza un diagn\u00f3stico a trav\u00e9s de los huesos de la cara y c\u00e1rnica gracias a la somatotropina y seguidamente se realiza la correcci\u00f3n a nivel del sacro lo que permite una armonizaci\u00f3n global de todo el cuerpo. Sin olvidar el trabajo local lo que permite aportar un equilibrio individual a cada persona.<\/p><p>Es una t\u00e9cnica respetuosa, no manipulativa, a trav\u00e9s de unos gestos suaves y precisos se da la informaci\u00f3n de la direcci\u00f3n correcta dando paso al equilibrio estructural.<\/p><p>\u00abPara realizar la escucha correcta de cualquier estructura, la presi\u00f3n de nuestra mano no debe ser superior que la de una mariposa cuando se pone sobre una flor\u00bb Maurice Raymond Poyet<\/p><p>Es un m\u00e9todo apropiado en casos de:<\/p><ul><li>Ci\u00e1tica<\/li><li>Lumbalgias<\/li><li>Migra\u00f1as<\/li><li>Tendinitis<\/li><li>Dolores en general<\/li><\/ul>\t\t\t\t\t\t\t\t<\/div>\n\t\t\t\t<\/div>\n\t\t\t\t\t<\/div>\n\t\t<\/div>\n\t\t\t\t<div class=\"has_eae_slider elementor-column elementor-col-16 elementor-top-column elementor-element elementor-element-60541b0\" data-eae-slider=\"24397\" data-id=\"60541b0\" data-element_type=\"column\">\n\t\t\t<div class=\"elementor-widget-wrap\">\n\t\t\t\t\t\t\t<\/div>\n\t\t<\/div>\n\t\t\t\t\t<\/div>\n\t\t<\/section>\n\t\t\t\t<\/div>\n\t\t","protected":false},"excerpt":{"rendered":"<p>Osteopat\u00eda M\u00e9todo Poyet Osteopat\u00eda m\u00e9todo poyet, una de las mejores formas de combatir el dolar lumbar, en la cr\u00edtica, etc. La terapia sacro-craneal del M\u00e9todo Poyet es un procedimiento que se engloba dentro de la terapia manual. Resultado de la b\u00fasqueda de su creador Maurice Raymond Poyet, fisioterapeuta, oste\u00f3pata y acupuntor franc\u00e9s, quien a lo &#8230; <a title=\"Osteopat\u00eda M\u00e9todo Poyet\" class=\"read-more\" href=\"https:\/\/hebe2000.com\/es\/osteopatia-metodo-poyet\/\" aria-label=\"Leer m\u00e1s sobre Osteopat\u00eda M\u00e9todo Poyet\">Read more<\/a><\/p>\n","protected":false},"author":1,"featured_media":0,"parent":0,"menu_order":0,"comment_status":"closed","ping_status":"closed","template":"","meta":{"_monsterinsights_skip_tracking":false,"_monsterinsights_sitenote_active":false,"_monsterinsights_sitenote_note":"","_monsterinsights_sitenote_category":0,"footnotes":""},"class_list":{"0":"post-13977","1":"page","2":"type-page","3":"status-publish","5":"no-featured-image-padding"},"yoast_head":"<!-- This site is optimized with the Yoast SEO plugin v26.6 - https:\/\/yoast.com\/wordpress\/plugins\/seo\/ -->\n<title>Osteopat\u00eda M\u00e9todo Poyet en Figueres - Hebe 2000<\/title>\n<meta name=\"description\" content=\"La osteopat\u00eda, en especial el m\u00e9todo poyet, es uno de los mejores remedios para mitigar e incluso eliminar el dolor de lumbar, migra\u00f1as, etc.\" \/>\n<meta name=\"robots\" content=\"index, follow, max-snippet:-1, max-image-preview:large, max-video-preview:-1\" \/>\n<link rel=\"canonical\" href=\"https:\/\/hebe2000.com\/es\/osteopatia-metodo-poyet\/\" \/>\n<meta property=\"og:locale\" content=\"es_ES\" \/>\n<meta property=\"og:type\" content=\"article\" \/>\n<meta property=\"og:title\" content=\"Osteopat\u00eda M\u00e9todo Poyet en Figueres - Hebe 2000\" \/>\n<meta property=\"og:description\" content=\"La osteopat\u00eda, en especial el m\u00e9todo poyet, es uno de los mejores remedios para mitigar e incluso eliminar el dolor de lumbar, migra\u00f1as, etc.\" \/>\n<meta property=\"og:url\" content=\"https:\/\/hebe2000.com\/es\/osteopatia-metodo-poyet\/\" \/>\n<meta property=\"og:site_name\" content=\"Hebe 2000\" \/>\n<meta property=\"article:modified_time\" content=\"2020-03-16T10:50:04+00:00\" \/>\n<meta property=\"og:image\" content=\"https:\/\/hebe2000.com\/wp-content\/uploads\/2019\/10\/AdobeStock_145193722_Preview-1.jpeg\" \/>\n<meta name=\"twitter:card\" content=\"summary_large_image\" \/>\n<meta name=\"twitter:label1\" content=\"Tiempo de lectura\" \/>\n\t<meta name=\"twitter:data1\" content=\"1 minuto\" \/>\n<script type=\"application\/ld+json\" class=\"yoast-schema-graph\">{\"@context\":\"https:\/\/schema.org\",\"@graph\":[{\"@type\":\"WebPage\",\"@id\":\"https:\/\/hebe2000.com\/es\/osteopatia-metodo-poyet\/\",\"url\":\"https:\/\/hebe2000.com\/es\/osteopatia-metodo-poyet\/\",\"name\":\"Osteopat\u00eda M\u00e9todo Poyet en Figueres - Hebe 2000\",\"isPartOf\":{\"@id\":\"https:\/\/hebe2000.com\/es\/#website\"},\"primaryImageOfPage\":{\"@id\":\"https:\/\/hebe2000.com\/es\/osteopatia-metodo-poyet\/#primaryimage\"},\"image\":{\"@id\":\"https:\/\/hebe2000.com\/es\/osteopatia-metodo-poyet\/#primaryimage\"},\"thumbnailUrl\":\"https:\/\/hebe2000.com\/wp-content\/uploads\/2019\/10\/AdobeStock_145193722_Preview-1.jpeg\",\"datePublished\":\"2019-09-17T07:39:59+00:00\",\"dateModified\":\"2020-03-16T10:50:04+00:00\",\"description\":\"La osteopat\u00eda, en especial el m\u00e9todo poyet, es uno de los mejores remedios para mitigar e incluso eliminar el dolor de lumbar, migra\u00f1as, etc.\",\"breadcrumb\":{\"@id\":\"https:\/\/hebe2000.com\/es\/osteopatia-metodo-poyet\/#breadcrumb\"},\"inLanguage\":\"es\",\"potentialAction\":[{\"@type\":\"ReadAction\",\"target\":[\"https:\/\/hebe2000.com\/es\/osteopatia-metodo-poyet\/\"]}]},{\"@type\":\"ImageObject\",\"inLanguage\":\"es\",\"@id\":\"https:\/\/hebe2000.com\/es\/osteopatia-metodo-poyet\/#primaryimage\",\"url\":\"https:\/\/hebe2000.com\/wp-content\/uploads\/2019\/10\/AdobeStock_145193722_Preview-1.jpeg\",\"contentUrl\":\"https:\/\/hebe2000.com\/wp-content\/uploads\/2019\/10\/AdobeStock_145193722_Preview-1.jpeg\"},{\"@type\":\"BreadcrumbList\",\"@id\":\"https:\/\/hebe2000.com\/es\/osteopatia-metodo-poyet\/#breadcrumb\",\"itemListElement\":[{\"@type\":\"ListItem\",\"position\":1,\"name\":\"Portada\",\"item\":\"https:\/\/hebe2000.com\/es\/\"},{\"@type\":\"ListItem\",\"position\":2,\"name\":\"Osteopat\u00eda M\u00e9todo Poyet\"}]},{\"@type\":\"WebSite\",\"@id\":\"https:\/\/hebe2000.com\/es\/#website\",\"url\":\"https:\/\/hebe2000.com\/es\/\",\"name\":\"Hebe 2000\",\"description\":\"Centro de est\u00e9tica\",\"publisher\":{\"@id\":\"https:\/\/hebe2000.com\/es\/#organization\"},\"potentialAction\":[{\"@type\":\"SearchAction\",\"target\":{\"@type\":\"EntryPoint\",\"urlTemplate\":\"https:\/\/hebe2000.com\/es\/?s={search_term_string}\"},\"query-input\":{\"@type\":\"PropertyValueSpecification\",\"valueRequired\":true,\"valueName\":\"search_term_string\"}}],\"inLanguage\":\"es\"},{\"@type\":\"Organization\",\"@id\":\"https:\/\/hebe2000.com\/es\/#organization\",\"name\":\"Hebe 2000\",\"url\":\"https:\/\/hebe2000.com\/es\/\",\"logo\":{\"@type\":\"ImageObject\",\"inLanguage\":\"es\",\"@id\":\"https:\/\/hebe2000.com\/es\/#\/schema\/logo\/image\/\",\"url\":\"https:\/\/hebe2000.com\/wp-content\/uploads\/2022\/08\/LOGOhebe11.png\",\"contentUrl\":\"https:\/\/hebe2000.com\/wp-content\/uploads\/2022\/08\/LOGOhebe11.png\",\"width\":500,\"height\":250,\"caption\":\"Hebe 2000\"},\"image\":{\"@id\":\"https:\/\/hebe2000.com\/es\/#\/schema\/logo\/image\/\"}}]}<\/script>\n<!-- \/ Yoast SEO plugin. -->","yoast_head_json":{"title":"Osteopat\u00eda M\u00e9todo Poyet en Figueres - Hebe 2000","description":"La osteopat\u00eda, en especial el m\u00e9todo poyet, es uno de los mejores remedios para mitigar e incluso eliminar el dolor de lumbar, migra\u00f1as, etc.","robots":{"index":"index","follow":"follow","max-snippet":"max-snippet:-1","max-image-preview":"max-image-preview:large","max-video-preview":"max-video-preview:-1"},"canonical":"https:\/\/hebe2000.com\/es\/osteopatia-metodo-poyet\/","og_locale":"es_ES","og_type":"article","og_title":"Osteopat\u00eda M\u00e9todo Poyet en Figueres - Hebe 2000","og_description":"La osteopat\u00eda, en especial el m\u00e9todo poyet, es uno de los mejores remedios para mitigar e incluso eliminar el dolor de lumbar, migra\u00f1as, etc.","og_url":"https:\/\/hebe2000.com\/es\/osteopatia-metodo-poyet\/","og_site_name":"Hebe 2000","article_modified_time":"2020-03-16T10:50:04+00:00","og_image":[{"url":"https:\/\/hebe2000.com\/wp-content\/uploads\/2019\/10\/AdobeStock_145193722_Preview-1.jpeg","type":"","width":"","height":""}],"twitter_card":"summary_large_image","twitter_misc":{"Tiempo de lectura":"1 minuto"},"schema":{"@context":"https:\/\/schema.org","@graph":[{"@type":"WebPage","@id":"https:\/\/hebe2000.com\/es\/osteopatia-metodo-poyet\/","url":"https:\/\/hebe2000.com\/es\/osteopatia-metodo-poyet\/","name":"Osteopat\u00eda M\u00e9todo Poyet en Figueres - Hebe 2000","isPartOf":{"@id":"https:\/\/hebe2000.com\/es\/#website"},"primaryImageOfPage":{"@id":"https:\/\/hebe2000.com\/es\/osteopatia-metodo-poyet\/#primaryimage"},"image":{"@id":"https:\/\/hebe2000.com\/es\/osteopatia-metodo-poyet\/#primaryimage"},"thumbnailUrl":"https:\/\/hebe2000.com\/wp-content\/uploads\/2019\/10\/AdobeStock_145193722_Preview-1.jpeg","datePublished":"2019-09-17T07:39:59+00:00","dateModified":"2020-03-16T10:50:04+00:00","description":"La osteopat\u00eda, en especial el m\u00e9todo poyet, es uno de los mejores remedios para mitigar e incluso eliminar el dolor de lumbar, migra\u00f1as, etc.","breadcrumb":{"@id":"https:\/\/hebe2000.com\/es\/osteopatia-metodo-poyet\/#breadcrumb"},"inLanguage":"es","potentialAction":[{"@type":"ReadAction","target":["https:\/\/hebe2000.com\/es\/osteopatia-metodo-poyet\/"]}]},{"@type":"ImageObject","inLanguage":"es","@id":"https:\/\/hebe2000.com\/es\/osteopatia-metodo-poyet\/#primaryimage","url":"https:\/\/hebe2000.com\/wp-content\/uploads\/2019\/10\/AdobeStock_145193722_Preview-1.jpeg","contentUrl":"https:\/\/hebe2000.com\/wp-content\/uploads\/2019\/10\/AdobeStock_145193722_Preview-1.jpeg"},{"@type":"BreadcrumbList","@id":"https:\/\/hebe2000.com\/es\/osteopatia-metodo-poyet\/#breadcrumb","itemListElement":[{"@type":"ListItem","position":1,"name":"Portada","item":"https:\/\/hebe2000.com\/es\/"},{"@type":"ListItem","position":2,"name":"Osteopat\u00eda M\u00e9todo Poyet"}]},{"@type":"WebSite","@id":"https:\/\/hebe2000.com\/es\/#website","url":"https:\/\/hebe2000.com\/es\/","name":"Hebe 2000","description":"Centro de est\u00e9tica","publisher":{"@id":"https:\/\/hebe2000.com\/es\/#organization"},"potentialAction":[{"@type":"SearchAction","target":{"@type":"EntryPoint","urlTemplate":"https:\/\/hebe2000.com\/es\/?s={search_term_string}"},"query-input":{"@type":"PropertyValueSpecification","valueRequired":true,"valueName":"search_term_string"}}],"inLanguage":"es"},{"@type":"Organization","@id":"https:\/\/hebe2000.com\/es\/#organization","name":"Hebe 2000","url":"https:\/\/hebe2000.com\/es\/","logo":{"@type":"ImageObject","inLanguage":"es","@id":"https:\/\/hebe2000.com\/es\/#\/schema\/logo\/image\/","url":"https:\/\/hebe2000.com\/wp-content\/uploads\/2022\/08\/LOGOhebe11.png","contentUrl":"https:\/\/hebe2000.com\/wp-content\/uploads\/2022\/08\/LOGOhebe11.png","width":500,"height":250,"caption":"Hebe 2000"},"image":{"@id":"https:\/\/hebe2000.com\/es\/#\/schema\/logo\/image\/"}}]}},"_links":{"self":[{"href":"https:\/\/hebe2000.com\/es\/wp-json\/wp\/v2\/pages\/13977","targetHints":{"allow":["GET"]}}],"collection":[{"href":"https:\/\/hebe2000.com\/es\/wp-json\/wp\/v2\/pages"}],"about":[{"href":"https:\/\/hebe2000.com\/es\/wp-json\/wp\/v2\/types\/page"}],"author":[{"embeddable":true,"href":"https:\/\/hebe2000.com\/es\/wp-json\/wp\/v2\/users\/1"}],"replies":[{"embeddable":true,"href":"https:\/\/hebe2000.com\/es\/wp-json\/wp\/v2\/comments?post=13977"}],"version-history":[{"count":0,"href":"https:\/\/hebe2000.com\/es\/wp-json\/wp\/v2\/pages\/13977\/revisions"}],"wp:attachment":[{"href":"https:\/\/hebe2000.com\/es\/wp-json\/wp\/v2\/media?parent=13977"}],"curies":[{"name":"wp","href":"https:\/\/api.w.org\/{rel}","templated":true}]}}