{"id":15832,"date":"2024-09-02T12:53:55","date_gmt":"2024-09-02T10:53:55","guid":{"rendered":"https:\/\/hebe2000.com\/?page_id=15832"},"modified":"2024-09-02T12:56:13","modified_gmt":"2024-09-02T10:56:13","slug":"presoterapia-piernas-y-abdomen","status":"publish","type":"page","link":"https:\/\/hebe2000.com\/es\/presoterapia-piernas-y-abdomen\/","title":{"rendered":"Presoterapia Piernas y  Abdomen"},"content":{"rendered":"\t\t<div data-elementor-type=\"wp-page\" data-elementor-id=\"15832\" class=\"elementor elementor-15832\" data-elementor-post-type=\"page\">\n\t\t\t\t\t\t<section class=\"has_eae_slider elementor-section elementor-top-section elementor-element elementor-element-17878db2 elementor-section-height-min-height elementor-section-boxed elementor-section-height-default elementor-section-items-middle\" data-eae-slider=\"38872\" data-id=\"17878db2\" data-element_type=\"section\" data-settings=\"{&quot;background_background&quot;:&quot;classic&quot;}\">\n\t\t\t\t\t\t\t<div class=\"elementor-background-overlay\"><\/div>\n\t\t\t\t\t\t\t<div class=\"elementor-container elementor-column-gap-default\">\n\t\t\t\t\t<div class=\"has_eae_slider elementor-column elementor-col-100 elementor-top-column elementor-element elementor-element-69883010\" data-eae-slider=\"51194\" data-id=\"69883010\" data-element_type=\"column\">\n\t\t\t<div class=\"elementor-widget-wrap elementor-element-populated\">\n\t\t\t\t\t\t<div class=\"elementor-element elementor-element-2eaa094c elementor-widget elementor-widget-heading\" data-id=\"2eaa094c\" data-element_type=\"widget\" data-widget_type=\"heading.default\">\n\t\t\t\t<div class=\"elementor-widget-container\">\n\t\t\t\t\t<h1 class=\"elementor-heading-title elementor-size-default\">PRESOTERAPIA PIERNAS Y ABDOMEN<\/h1>\t\t\t\t<\/div>\n\t\t\t\t<\/div>\n\t\t\t\t\t<\/div>\n\t\t<\/div>\n\t\t\t\t\t<\/div>\n\t\t<\/section>\n\t\t\t\t<section class=\"has_eae_slider elementor-section elementor-top-section elementor-element elementor-element-2af3c63 elementor-section-full_width elementor-section-height-default elementor-section-height-default\" data-eae-slider=\"73823\" data-id=\"2af3c63\" data-element_type=\"section\">\n\t\t\t\t\t\t<div class=\"elementor-container elementor-column-gap-default\">\n\t\t\t\t\t<div class=\"has_eae_slider elementor-column elementor-col-100 elementor-top-column elementor-element elementor-element-8ffbfb0\" data-eae-slider=\"32870\" data-id=\"8ffbfb0\" data-element_type=\"column\">\n\t\t\t<div class=\"elementor-widget-wrap elementor-element-populated\">\n\t\t\t\t\t\t<section class=\"has_eae_slider elementor-section elementor-inner-section elementor-element elementor-element-e570547 elementor-section-boxed elementor-section-height-default elementor-section-height-default\" data-eae-slider=\"66380\" data-id=\"e570547\" data-element_type=\"section\">\n\t\t\t\t\t\t<div class=\"elementor-container elementor-column-gap-default\">\n\t\t\t\t\t<div class=\"has_eae_slider elementor-column elementor-col-50 elementor-inner-column elementor-element elementor-element-400d761 elementor-hidden-phone\" data-eae-slider=\"33707\" data-id=\"400d761\" data-element_type=\"column\">\n\t\t\t<div class=\"elementor-widget-wrap\">\n\t\t\t\t\t\t\t<\/div>\n\t\t<\/div>\n\t\t\t\t<div class=\"has_eae_slider elementor-column elementor-col-50 elementor-inner-column elementor-element elementor-element-e666917\" data-eae-slider=\"36606\" data-id=\"e666917\" data-element_type=\"column\">\n\t\t\t<div class=\"elementor-widget-wrap elementor-element-populated\">\n\t\t\t\t\t\t<div class=\"elementor-element elementor-element-19261b7 animated-slow elementor-invisible elementor-widget elementor-widget-heading\" data-id=\"19261b7\" data-element_type=\"widget\" data-settings=\"{&quot;_animation&quot;:&quot;slideInDown&quot;}\" data-widget_type=\"heading.default\">\n\t\t\t\t<div class=\"elementor-widget-container\">\n\t\t\t\t\t<h2 class=\"elementor-heading-title elementor-size-default\">Presoterapia piernas y abdomen<\/h2>\t\t\t\t<\/div>\n\t\t\t\t<\/div>\n\t\t\t\t\t<\/div>\n\t\t<\/div>\n\t\t\t\t\t<\/div>\n\t\t<\/section>\n\t\t\t\t<section class=\"has_eae_slider elementor-section elementor-inner-section elementor-element elementor-element-280fa1a elementor-reverse-mobile elementor-section-boxed elementor-section-height-default elementor-section-height-default\" data-eae-slider=\"95171\" data-id=\"280fa1a\" data-element_type=\"section\">\n\t\t\t\t\t\t<div class=\"elementor-container elementor-column-gap-default\">\n\t\t\t\t\t<div class=\"has_eae_slider elementor-column elementor-col-50 elementor-inner-column elementor-element elementor-element-dc0a98c\" data-eae-slider=\"74000\" data-id=\"dc0a98c\" data-element_type=\"column\">\n\t\t\t<div class=\"elementor-widget-wrap elementor-element-populated\">\n\t\t\t\t\t\t<div class=\"elementor-element elementor-element-e770cd3 elementor-widget elementor-widget-text-editor\" data-id=\"e770cd3\" data-element_type=\"widget\" data-widget_type=\"text-editor.default\">\n\t\t\t\t<div class=\"elementor-widget-container\">\n\t\t\t\t\t\t\t\t\t<p>Tratamientos para piernas y abdomen<br><\/p>\t\t\t\t\t\t\t\t<\/div>\n\t\t\t\t<\/div>\n\t\t\t\t<div class=\"elementor-element elementor-element-a93a064 elementor-widget elementor-widget-accordion\" data-id=\"a93a064\" data-element_type=\"widget\" data-widget_type=\"accordion.default\">\n\t\t\t\t<div class=\"elementor-widget-container\">\n\t\t\t\t\t\t\t<div class=\"elementor-accordion\">\n\t\t\t\t\t\t\t<div class=\"elementor-accordion-item\">\n\t\t\t\t\t<div id=\"elementor-tab-title-1771\" class=\"elementor-tab-title\" data-tab=\"1\" role=\"button\" aria-controls=\"elementor-tab-content-1771\" aria-expanded=\"false\">\n\t\t\t\t\t\t\t\t\t\t\t\t\t<span class=\"elementor-accordion-icon elementor-accordion-icon-left\" aria-hidden=\"true\">\n\t\t\t\t\t\t\t\t\t\t\t\t\t\t\t<span class=\"elementor-accordion-icon-closed\"><i class=\"fas fa-plus\"><\/i><\/span>\n\t\t\t\t\t\t\t\t<span class=\"elementor-accordion-icon-opened\"><i class=\"fas fa-minus\"><\/i><\/span>\n\t\t\t\t\t\t\t\t\t\t\t\t\t\t<\/span>\n\t\t\t\t\t\t\t\t\t\t\t\t<a class=\"elementor-accordion-title\" tabindex=\"0\">\u00bfQue mejora?<\/a>\n\t\t\t\t\t<\/div>\n\t\t\t\t\t<div id=\"elementor-tab-content-1771\" class=\"elementor-tab-content elementor-clearfix\" data-tab=\"1\" role=\"region\" aria-labelledby=\"elementor-tab-title-1771\"><p>La presoterapia reduce las piernas hinchadas debido al estacamiento de l\u00edquidos, alivia el dolor y reduce el abdomen causado por el linfedema, y \u200b\u200bfavorece la recuperaci\u00f3n muscular despu\u00e9s de esfuerzos musculares excesivos, como por ejemplo :<br \/>Pasar muchas horas de pie o actividad deportiva intensa.<\/p><\/div>\n\t\t\t\t<\/div>\n\t\t\t\t\t\t\t<div class=\"elementor-accordion-item\">\n\t\t\t\t\t<div id=\"elementor-tab-title-1772\" class=\"elementor-tab-title\" data-tab=\"2\" role=\"button\" aria-controls=\"elementor-tab-content-1772\" aria-expanded=\"false\">\n\t\t\t\t\t\t\t\t\t\t\t\t\t<span class=\"elementor-accordion-icon elementor-accordion-icon-left\" aria-hidden=\"true\">\n\t\t\t\t\t\t\t\t\t\t\t\t\t\t\t<span class=\"elementor-accordion-icon-closed\"><i class=\"fas fa-plus\"><\/i><\/span>\n\t\t\t\t\t\t\t\t<span class=\"elementor-accordion-icon-opened\"><i class=\"fas fa-minus\"><\/i><\/span>\n\t\t\t\t\t\t\t\t\t\t\t\t\t\t<\/span>\n\t\t\t\t\t\t\t\t\t\t\t\t<a class=\"elementor-accordion-title\" tabindex=\"0\">\u00bfCual es el objetivo?<\/a>\n\t\t\t\t\t<\/div>\n\t\t\t\t\t<div id=\"elementor-tab-content-1772\" class=\"elementor-tab-content elementor-clearfix\" data-tab=\"2\" role=\"region\" aria-labelledby=\"elementor-tab-title-1772\"><p>El objetivo es estimular el drenaje linf\u00e1tico para eliminar toxinas y l\u00edquidos y reducir el volumen de la celulitis mejorando tambi\u00e9n la circulaci\u00f3n.<\/p><\/div>\n\t\t\t\t<\/div>\n\t\t\t\t\t\t\t<div class=\"elementor-accordion-item\">\n\t\t\t\t\t<div id=\"elementor-tab-title-1773\" class=\"elementor-tab-title\" data-tab=\"3\" role=\"button\" aria-controls=\"elementor-tab-content-1773\" aria-expanded=\"false\">\n\t\t\t\t\t\t\t\t\t\t\t\t\t<span class=\"elementor-accordion-icon elementor-accordion-icon-left\" aria-hidden=\"true\">\n\t\t\t\t\t\t\t\t\t\t\t\t\t\t\t<span class=\"elementor-accordion-icon-closed\"><i class=\"fas fa-plus\"><\/i><\/span>\n\t\t\t\t\t\t\t\t<span class=\"elementor-accordion-icon-opened\"><i class=\"fas fa-minus\"><\/i><\/span>\n\t\t\t\t\t\t\t\t\t\t\t\t\t\t<\/span>\n\t\t\t\t\t\t\t\t\t\t\t\t<a class=\"elementor-accordion-title\" tabindex=\"0\">\u00bfComo se hace?<\/a>\n\t\t\t\t\t<\/div>\n\t\t\t\t\t<div id=\"elementor-tab-content-1773\" class=\"elementor-tab-content elementor-clearfix\" data-tab=\"3\" role=\"region\" aria-labelledby=\"elementor-tab-title-1773\"><p>A trav\u00e9s de presi\u00f3n normalmente ascendente, aunque var\u00eda dependiente del programa elegido<\/p><\/div>\n\t\t\t\t<\/div>\n\t\t\t\t\t\t\t<div class=\"elementor-accordion-item\">\n\t\t\t\t\t<div id=\"elementor-tab-title-1774\" class=\"elementor-tab-title\" data-tab=\"4\" role=\"button\" aria-controls=\"elementor-tab-content-1774\" aria-expanded=\"false\">\n\t\t\t\t\t\t\t\t\t\t\t\t\t<span class=\"elementor-accordion-icon elementor-accordion-icon-left\" aria-hidden=\"true\">\n\t\t\t\t\t\t\t\t\t\t\t\t\t\t\t<span class=\"elementor-accordion-icon-closed\"><i class=\"fas fa-plus\"><\/i><\/span>\n\t\t\t\t\t\t\t\t<span class=\"elementor-accordion-icon-opened\"><i class=\"fas fa-minus\"><\/i><\/span>\n\t\t\t\t\t\t\t\t\t\t\t\t\t\t<\/span>\n\t\t\t\t\t\t\t\t\t\t\t\t<a class=\"elementor-accordion-title\" tabindex=\"0\">\u00bfQue puedes notar?<\/a>\n\t\t\t\t\t<\/div>\n\t\t\t\t\t<div id=\"elementor-tab-content-1774\" class=\"elementor-tab-content elementor-clearfix\" data-tab=\"4\" role=\"region\" aria-labelledby=\"elementor-tab-title-1774\"><p>Una vez finalizada la sesi\u00f3n, en el momento sentir\u00e1s ligereza\u00a0 y relajaci\u00f3n en las piernas adem\u00e1s de potenciar cualquier tratamiento que se haya hecho en cabina.<\/p><\/div>\n\t\t\t\t<\/div>\n\t\t\t\t\t\t\t<div class=\"elementor-accordion-item\">\n\t\t\t\t\t<div id=\"elementor-tab-title-1775\" class=\"elementor-tab-title\" data-tab=\"5\" role=\"button\" aria-controls=\"elementor-tab-content-1775\" aria-expanded=\"false\">\n\t\t\t\t\t\t\t\t\t\t\t\t\t<span class=\"elementor-accordion-icon elementor-accordion-icon-left\" aria-hidden=\"true\">\n\t\t\t\t\t\t\t\t\t\t\t\t\t\t\t<span class=\"elementor-accordion-icon-closed\"><i class=\"fas fa-plus\"><\/i><\/span>\n\t\t\t\t\t\t\t\t<span class=\"elementor-accordion-icon-opened\"><i class=\"fas fa-minus\"><\/i><\/span>\n\t\t\t\t\t\t\t\t\t\t\t\t\t\t<\/span>\n\t\t\t\t\t\t\t\t\t\t\t\t<a class=\"elementor-accordion-title\" tabindex=\"0\">\u00bfCon que frecu\u00e9ncia?<\/a>\n\t\t\t\t\t<\/div>\n\t\t\t\t\t<div id=\"elementor-tab-content-1775\" class=\"elementor-tab-content elementor-clearfix\" data-tab=\"5\" role=\"region\" aria-labelledby=\"elementor-tab-title-1775\"><p>Dependiendo de cada caso, puesto que personalizamos con cada persona seg\u00fan el problema que presente.<br \/>Sin embargo se recomienda de 2 a 3 veces a la semana, como tratamiento m\u00e1s intenso.<br \/>Y una vez a la semana como mantenimiento<\/p><p>Recomendamos el pack de 10 sesiones<\/p><\/div>\n\t\t\t\t<\/div>\n\t\t\t\t\t\t\t\t<\/div>\n\t\t\t\t\t\t<\/div>\n\t\t\t\t<\/div>\n\t\t\t\t\t<\/div>\n\t\t<\/div>\n\t\t\t\t<div class=\"has_eae_slider elementor-column elementor-col-50 elementor-inner-column elementor-element elementor-element-16ce40e\" data-eae-slider=\"39719\" data-id=\"16ce40e\" data-element_type=\"column\">\n\t\t\t<div class=\"elementor-widget-wrap elementor-element-populated\">\n\t\t\t\t\t\t<div class=\"elementor-element elementor-element-8fc9e9e elementor-widget elementor-widget-image\" data-id=\"8fc9e9e\" data-element_type=\"widget\" data-widget_type=\"image.default\">\n\t\t\t\t<div class=\"elementor-widget-container\">\n\t\t\t\t\t\t\t\t\t\t\t\t\t\t\t<img fetchpriority=\"high\" decoding=\"async\" width=\"1600\" height=\"1072\" src=\"https:\/\/hebe2000.com\/wp-content\/uploads\/2024\/09\/Pressoterapia.jpg\" class=\"attachment-full size-full wp-image-15835\" alt=\"\" srcset=\"https:\/\/hebe2000.com\/wp-content\/uploads\/2024\/09\/Pressoterapia.jpg 1600w, https:\/\/hebe2000.com\/wp-content\/uploads\/2024\/09\/Pressoterapia-300x201.jpg 300w, https:\/\/hebe2000.com\/wp-content\/uploads\/2024\/09\/Pressoterapia-1024x686.jpg 1024w, https:\/\/hebe2000.com\/wp-content\/uploads\/2024\/09\/Pressoterapia-768x515.jpg 768w, https:\/\/hebe2000.com\/wp-content\/uploads\/2024\/09\/Pressoterapia-1536x1029.jpg 1536w, https:\/\/hebe2000.com\/wp-content\/uploads\/2024\/09\/Pressoterapia-600x402.jpg 600w\" sizes=\"(max-width: 1600px) 100vw, 1600px\" \/>\t\t\t\t\t\t\t\t\t\t\t\t\t\t\t<\/div>\n\t\t\t\t<\/div>\n\t\t\t\t\t<\/div>\n\t\t<\/div>\n\t\t\t\t\t<\/div>\n\t\t<\/section>\n\t\t\t\t\t<\/div>\n\t\t<\/div>\n\t\t\t\t\t<\/div>\n\t\t<\/section>\n\t\t\t\t<\/div>\n\t\t","protected":false},"excerpt":{"rendered":"<p>PRESOTERAPIA PIERNAS Y ABDOMEN Presoterapia piernas y abdomen Tratamientos para piernas y abdomen \u00bfQue mejora? La presoterapia reduce las piernas hinchadas debido al estacamiento de l\u00edquidos, alivia el dolor y reduce el abdomen causado por el linfedema, y \u200b\u200bfavorece la recuperaci\u00f3n muscular despu\u00e9s de esfuerzos musculares excesivos, como por ejemplo :Pasar muchas horas de pie &#8230; <a title=\"Presoterapia Piernas y  Abdomen\" class=\"read-more\" href=\"https:\/\/hebe2000.com\/es\/presoterapia-piernas-y-abdomen\/\" aria-label=\"Leer m\u00e1s sobre Presoterapia Piernas y  Abdomen\">Read more<\/a><\/p>\n","protected":false},"author":1,"featured_media":0,"parent":0,"menu_order":0,"comment_status":"closed","ping_status":"closed","template":"","meta":{"_monsterinsights_skip_tracking":false,"_monsterinsights_sitenote_active":false,"_monsterinsights_sitenote_note":"","_monsterinsights_sitenote_category":0,"footnotes":""},"class_list":{"0":"post-15832","1":"page","2":"type-page","3":"status-publish","5":"no-featured-image-padding"},"yoast_head":"<!-- This site is optimized with the Yoast SEO plugin v26.6 - https:\/\/yoast.com\/wordpress\/plugins\/seo\/ -->\n<title>Tratamiento Presoterapia Piernas y Abdomen de centro de est\u00e9tica - Hebe 2000<\/title>\n<meta name=\"description\" content=\"Tratamiento facial de centro de belleza. Tratamiento de Peeling, Higiene Facial, Hidrataci\u00f3n, Atiarrugas, etc. Para hombre y mujeres.\" \/>\n<meta name=\"robots\" content=\"index, follow, max-snippet:-1, max-image-preview:large, max-video-preview:-1\" \/>\n<link rel=\"canonical\" href=\"https:\/\/hebe2000.com\/es\/presoterapia-piernas-y-abdomen\/\" \/>\n<meta property=\"og:locale\" content=\"es_ES\" \/>\n<meta property=\"og:type\" content=\"article\" \/>\n<meta property=\"og:title\" content=\"Tratamiento Presoterapia Piernas y Abdomen de centro de est\u00e9tica - Hebe 2000\" \/>\n<meta property=\"og:description\" content=\"Tratamiento facial de centro de belleza. Tratamiento de Peeling, Higiene Facial, Hidrataci\u00f3n, Atiarrugas, etc. Para hombre y mujeres.\" \/>\n<meta property=\"og:url\" content=\"https:\/\/hebe2000.com\/es\/presoterapia-piernas-y-abdomen\/\" \/>\n<meta property=\"og:site_name\" content=\"Hebe 2000\" \/>\n<meta property=\"article:modified_time\" content=\"2024-09-02T10:56:13+00:00\" \/>\n<meta property=\"og:image\" content=\"https:\/\/hebe2000.com\/wp-content\/uploads\/2024\/09\/Pressoterapia.jpg\" \/>\n<meta name=\"twitter:card\" content=\"summary_large_image\" \/>\n<meta name=\"twitter:label1\" content=\"Tiempo de lectura\" \/>\n\t<meta name=\"twitter:data1\" content=\"2 minutos\" \/>\n<script type=\"application\/ld+json\" class=\"yoast-schema-graph\">{\"@context\":\"https:\/\/schema.org\",\"@graph\":[{\"@type\":\"WebPage\",\"@id\":\"https:\/\/hebe2000.com\/es\/presoterapia-piernas-y-abdomen\/\",\"url\":\"https:\/\/hebe2000.com\/es\/presoterapia-piernas-y-abdomen\/\",\"name\":\"Tratamiento Presoterapia Piernas y Abdomen de centro de est\u00e9tica - Hebe 2000\",\"isPartOf\":{\"@id\":\"https:\/\/hebe2000.com\/es\/#website\"},\"primaryImageOfPage\":{\"@id\":\"https:\/\/hebe2000.com\/es\/presoterapia-piernas-y-abdomen\/#primaryimage\"},\"image\":{\"@id\":\"https:\/\/hebe2000.com\/es\/presoterapia-piernas-y-abdomen\/#primaryimage\"},\"thumbnailUrl\":\"https:\/\/hebe2000.com\/wp-content\/uploads\/2024\/09\/Pressoterapia.jpg\",\"datePublished\":\"2024-09-02T10:53:55+00:00\",\"dateModified\":\"2024-09-02T10:56:13+00:00\",\"description\":\"Tratamiento facial de centro de belleza. Tratamiento de Peeling, Higiene Facial, Hidrataci\u00f3n, Atiarrugas, etc. Para hombre y mujeres.\",\"breadcrumb\":{\"@id\":\"https:\/\/hebe2000.com\/es\/presoterapia-piernas-y-abdomen\/#breadcrumb\"},\"inLanguage\":\"es\",\"potentialAction\":[{\"@type\":\"ReadAction\",\"target\":[\"https:\/\/hebe2000.com\/es\/presoterapia-piernas-y-abdomen\/\"]}]},{\"@type\":\"ImageObject\",\"inLanguage\":\"es\",\"@id\":\"https:\/\/hebe2000.com\/es\/presoterapia-piernas-y-abdomen\/#primaryimage\",\"url\":\"https:\/\/hebe2000.com\/wp-content\/uploads\/2024\/09\/Pressoterapia.jpg\",\"contentUrl\":\"https:\/\/hebe2000.com\/wp-content\/uploads\/2024\/09\/Pressoterapia.jpg\"},{\"@type\":\"BreadcrumbList\",\"@id\":\"https:\/\/hebe2000.com\/es\/presoterapia-piernas-y-abdomen\/#breadcrumb\",\"itemListElement\":[{\"@type\":\"ListItem\",\"position\":1,\"name\":\"Portada\",\"item\":\"https:\/\/hebe2000.com\/es\/\"},{\"@type\":\"ListItem\",\"position\":2,\"name\":\"Presoterapia Piernas y Abdomen\"}]},{\"@type\":\"WebSite\",\"@id\":\"https:\/\/hebe2000.com\/es\/#website\",\"url\":\"https:\/\/hebe2000.com\/es\/\",\"name\":\"Hebe 2000\",\"description\":\"Centro de est\u00e9tica\",\"publisher\":{\"@id\":\"https:\/\/hebe2000.com\/es\/#organization\"},\"potentialAction\":[{\"@type\":\"SearchAction\",\"target\":{\"@type\":\"EntryPoint\",\"urlTemplate\":\"https:\/\/hebe2000.com\/es\/?s={search_term_string}\"},\"query-input\":{\"@type\":\"PropertyValueSpecification\",\"valueRequired\":true,\"valueName\":\"search_term_string\"}}],\"inLanguage\":\"es\"},{\"@type\":\"Organization\",\"@id\":\"https:\/\/hebe2000.com\/es\/#organization\",\"name\":\"Hebe 2000\",\"url\":\"https:\/\/hebe2000.com\/es\/\",\"logo\":{\"@type\":\"ImageObject\",\"inLanguage\":\"es\",\"@id\":\"https:\/\/hebe2000.com\/es\/#\/schema\/logo\/image\/\",\"url\":\"https:\/\/hebe2000.com\/wp-content\/uploads\/2022\/08\/LOGOhebe11.png\",\"contentUrl\":\"https:\/\/hebe2000.com\/wp-content\/uploads\/2022\/08\/LOGOhebe11.png\",\"width\":500,\"height\":250,\"caption\":\"Hebe 2000\"},\"image\":{\"@id\":\"https:\/\/hebe2000.com\/es\/#\/schema\/logo\/image\/\"}}]}<\/script>\n<!-- \/ Yoast SEO plugin. -->","yoast_head_json":{"title":"Tratamiento Presoterapia Piernas y Abdomen de centro de est\u00e9tica - Hebe 2000","description":"Tratamiento facial de centro de belleza. Tratamiento de Peeling, Higiene Facial, Hidrataci\u00f3n, Atiarrugas, etc. Para hombre y mujeres.","robots":{"index":"index","follow":"follow","max-snippet":"max-snippet:-1","max-image-preview":"max-image-preview:large","max-video-preview":"max-video-preview:-1"},"canonical":"https:\/\/hebe2000.com\/es\/presoterapia-piernas-y-abdomen\/","og_locale":"es_ES","og_type":"article","og_title":"Tratamiento Presoterapia Piernas y Abdomen de centro de est\u00e9tica - Hebe 2000","og_description":"Tratamiento facial de centro de belleza. Tratamiento de Peeling, Higiene Facial, Hidrataci\u00f3n, Atiarrugas, etc. Para hombre y mujeres.","og_url":"https:\/\/hebe2000.com\/es\/presoterapia-piernas-y-abdomen\/","og_site_name":"Hebe 2000","article_modified_time":"2024-09-02T10:56:13+00:00","og_image":[{"url":"https:\/\/hebe2000.com\/wp-content\/uploads\/2024\/09\/Pressoterapia.jpg","type":"","width":"","height":""}],"twitter_card":"summary_large_image","twitter_misc":{"Tiempo de lectura":"2 minutos"},"schema":{"@context":"https:\/\/schema.org","@graph":[{"@type":"WebPage","@id":"https:\/\/hebe2000.com\/es\/presoterapia-piernas-y-abdomen\/","url":"https:\/\/hebe2000.com\/es\/presoterapia-piernas-y-abdomen\/","name":"Tratamiento Presoterapia Piernas y Abdomen de centro de est\u00e9tica - Hebe 2000","isPartOf":{"@id":"https:\/\/hebe2000.com\/es\/#website"},"primaryImageOfPage":{"@id":"https:\/\/hebe2000.com\/es\/presoterapia-piernas-y-abdomen\/#primaryimage"},"image":{"@id":"https:\/\/hebe2000.com\/es\/presoterapia-piernas-y-abdomen\/#primaryimage"},"thumbnailUrl":"https:\/\/hebe2000.com\/wp-content\/uploads\/2024\/09\/Pressoterapia.jpg","datePublished":"2024-09-02T10:53:55+00:00","dateModified":"2024-09-02T10:56:13+00:00","description":"Tratamiento facial de centro de belleza. Tratamiento de Peeling, Higiene Facial, Hidrataci\u00f3n, Atiarrugas, etc. Para hombre y mujeres.","breadcrumb":{"@id":"https:\/\/hebe2000.com\/es\/presoterapia-piernas-y-abdomen\/#breadcrumb"},"inLanguage":"es","potentialAction":[{"@type":"ReadAction","target":["https:\/\/hebe2000.com\/es\/presoterapia-piernas-y-abdomen\/"]}]},{"@type":"ImageObject","inLanguage":"es","@id":"https:\/\/hebe2000.com\/es\/presoterapia-piernas-y-abdomen\/#primaryimage","url":"https:\/\/hebe2000.com\/wp-content\/uploads\/2024\/09\/Pressoterapia.jpg","contentUrl":"https:\/\/hebe2000.com\/wp-content\/uploads\/2024\/09\/Pressoterapia.jpg"},{"@type":"BreadcrumbList","@id":"https:\/\/hebe2000.com\/es\/presoterapia-piernas-y-abdomen\/#breadcrumb","itemListElement":[{"@type":"ListItem","position":1,"name":"Portada","item":"https:\/\/hebe2000.com\/es\/"},{"@type":"ListItem","position":2,"name":"Presoterapia Piernas y Abdomen"}]},{"@type":"WebSite","@id":"https:\/\/hebe2000.com\/es\/#website","url":"https:\/\/hebe2000.com\/es\/","name":"Hebe 2000","description":"Centro de est\u00e9tica","publisher":{"@id":"https:\/\/hebe2000.com\/es\/#organization"},"potentialAction":[{"@type":"SearchAction","target":{"@type":"EntryPoint","urlTemplate":"https:\/\/hebe2000.com\/es\/?s={search_term_string}"},"query-input":{"@type":"PropertyValueSpecification","valueRequired":true,"valueName":"search_term_string"}}],"inLanguage":"es"},{"@type":"Organization","@id":"https:\/\/hebe2000.com\/es\/#organization","name":"Hebe 2000","url":"https:\/\/hebe2000.com\/es\/","logo":{"@type":"ImageObject","inLanguage":"es","@id":"https:\/\/hebe2000.com\/es\/#\/schema\/logo\/image\/","url":"https:\/\/hebe2000.com\/wp-content\/uploads\/2022\/08\/LOGOhebe11.png","contentUrl":"https:\/\/hebe2000.com\/wp-content\/uploads\/2022\/08\/LOGOhebe11.png","width":500,"height":250,"caption":"Hebe 2000"},"image":{"@id":"https:\/\/hebe2000.com\/es\/#\/schema\/logo\/image\/"}}]}},"_links":{"self":[{"href":"https:\/\/hebe2000.com\/es\/wp-json\/wp\/v2\/pages\/15832","targetHints":{"allow":["GET"]}}],"collection":[{"href":"https:\/\/hebe2000.com\/es\/wp-json\/wp\/v2\/pages"}],"about":[{"href":"https:\/\/hebe2000.com\/es\/wp-json\/wp\/v2\/types\/page"}],"author":[{"embeddable":true,"href":"https:\/\/hebe2000.com\/es\/wp-json\/wp\/v2\/users\/1"}],"replies":[{"embeddable":true,"href":"https:\/\/hebe2000.com\/es\/wp-json\/wp\/v2\/comments?post=15832"}],"version-history":[{"count":5,"href":"https:\/\/hebe2000.com\/es\/wp-json\/wp\/v2\/pages\/15832\/revisions"}],"predecessor-version":[{"id":15839,"href":"https:\/\/hebe2000.com\/es\/wp-json\/wp\/v2\/pages\/15832\/revisions\/15839"}],"wp:attachment":[{"href":"https:\/\/hebe2000.com\/es\/wp-json\/wp\/v2\/media?parent=15832"}],"curies":[{"name":"wp","href":"https:\/\/api.w.org\/{rel}","templated":true}]}}