{"id":14821,"date":"2021-04-07T12:03:16","date_gmt":"2021-04-07T10:03:16","guid":{"rendered":"https:\/\/hebe2000.com\/es\/?post_type=product&#038;p=14821"},"modified":"2021-12-22T17:26:26","modified_gmt":"2021-12-22T16:26:26","slug":"detox","status":"publish","type":"product","link":"https:\/\/hebe2000.com\/es\/producto\/facial\/detox\/","title":{"rendered":"Detox"},"content":{"rendered":"<p>Duraci\u00f3n: 55 minutos.<\/p>\n<p><strong>\u00bfQu\u00e9 entra en la sesi\u00f3n?\u00a0<\/strong><\/p>\n<ol>\n<li>Espacio de preparaci\u00f3n.<\/li>\n<li>Observaci\u00f3n de la piel y recomendaci\u00f3n de lo que mejor te conviene.<\/li>\n<li>Tiempo de realizaci\u00f3n del tratamiento facial. Se utiliza agua Kangen para desinfectar 2,5 pH y agua belleza 6 pH en todos los tratamientos.<\/li>\n<li>Regalo para llevar los dos tipos de agua para utilizar en casa.<\/li>\n<\/ol>\n<p>&nbsp;<\/p>\n<p>Es importante pedir cita previa por tel\u00e9fono<a href=\"tel:https:\/\/wa.me\/34650097883\">\u00a0<\/a>o whatsapp (<a href=\"tel:https:\/\/wa.me\/650097883\"><span class=\"elementor-icon-list-text\">650 097 883)<\/span><\/a><\/p>\n","protected":false},"excerpt":{"rendered":"<p>Duraci\u00f3n: 55 minutos. \u00bfQu\u00e9 entra en la sesi\u00f3n?\u00a0 Espacio de preparaci\u00f3n. Observaci\u00f3n de la piel y recomendaci\u00f3n de lo que mejor te conviene. Tiempo de realizaci\u00f3n del tratamiento facial. Se utiliza agua Kangen para desinfectar 2,5 pH y agua belleza 6 pH en todos los tratamientos. Regalo para llevar los dos tipos de agua para &#8230; <a title=\"Detox\" class=\"read-more\" href=\"https:\/\/hebe2000.com\/es\/producto\/facial\/detox\/\" aria-label=\"Leer m\u00e1s sobre Detox\">Read more<\/a><\/p>\n","protected":false},"featured_media":15316,"template":"","meta":{"_monsterinsights_skip_tracking":false,"_monsterinsights_sitenote_active":false,"_monsterinsights_sitenote_note":"","_monsterinsights_sitenote_category":0},"product_brand":[],"product_cat":[40],"product_tag":[],"giftcard-category":[],"class_list":{"0":"post-14821","1":"product","2":"type-product","3":"status-publish","4":"has-post-thumbnail","6":"product_cat-facial","7":"no-featured-image-padding","8":"sales-flash-overlay","9":"woocommerce-text-align-center","10":"woocommerce-image-align-center","11":"do-quantity-buttons","13":"first","14":"instock","15":"virtual","16":"taxable","17":"purchasable","18":"product-type-gift-card"},"yoast_head":"<!-- This site is optimized with the Yoast SEO plugin v26.6 - https:\/\/yoast.com\/wordpress\/plugins\/seo\/ -->\n<title>Detox - Hebe 2000<\/title>\n<meta name=\"robots\" content=\"index, follow, max-snippet:-1, max-image-preview:large, max-video-preview:-1\" \/>\n<link rel=\"canonical\" href=\"https:\/\/hebe2000.com\/es\/producto\/facial\/detox\/\" \/>\n<meta property=\"og:locale\" content=\"es_ES\" \/>\n<meta property=\"og:type\" content=\"article\" \/>\n<meta property=\"og:title\" content=\"Detox - Hebe 2000\" \/>\n<meta property=\"og:description\" content=\"Duraci\u00f3n: 55 minutos. \u00bfQu\u00e9 entra en la sesi\u00f3n?\u00a0 Espacio de preparaci\u00f3n. Observaci\u00f3n de la piel y recomendaci\u00f3n de lo que mejor te conviene. Tiempo de realizaci\u00f3n del tratamiento facial. Se utiliza agua Kangen para desinfectar 2,5 pH y agua belleza 6 pH en todos los tratamientos. Regalo para llevar los dos tipos de agua para ... Read more\" \/>\n<meta property=\"og:url\" content=\"https:\/\/hebe2000.com\/es\/producto\/facial\/detox\/\" \/>\n<meta property=\"og:site_name\" content=\"Hebe 2000\" \/>\n<meta property=\"article:modified_time\" content=\"2021-12-22T16:26:26+00:00\" \/>\n<meta property=\"og:image\" content=\"https:\/\/hebe2000.com\/wp-content\/uploads\/2021\/04\/xec3-hebe2000.jpg\" \/>\n\t<meta property=\"og:image:width\" content=\"500\" \/>\n\t<meta property=\"og:image:height\" content=\"211\" \/>\n\t<meta property=\"og:image:type\" content=\"image\/jpeg\" \/>\n<meta name=\"twitter:card\" content=\"summary_large_image\" \/>\n<meta name=\"twitter:label1\" content=\"Tiempo de lectura\" \/>\n\t<meta name=\"twitter:data1\" content=\"1 minuto\" \/>\n<script type=\"application\/ld+json\" class=\"yoast-schema-graph\">{\"@context\":\"https:\/\/schema.org\",\"@graph\":[{\"@type\":\"WebPage\",\"@id\":\"https:\/\/hebe2000.com\/es\/producto\/facial\/detox\/\",\"url\":\"https:\/\/hebe2000.com\/es\/producto\/facial\/detox\/\",\"name\":\"Detox - Hebe 2000\",\"isPartOf\":{\"@id\":\"https:\/\/hebe2000.com\/es\/#website\"},\"primaryImageOfPage\":{\"@id\":\"https:\/\/hebe2000.com\/es\/producto\/facial\/detox\/#primaryimage\"},\"image\":{\"@id\":\"https:\/\/hebe2000.com\/es\/producto\/facial\/detox\/#primaryimage\"},\"thumbnailUrl\":\"https:\/\/hebe2000.com\/wp-content\/uploads\/2021\/04\/xec3-hebe2000.jpg\",\"datePublished\":\"2021-04-07T10:03:16+00:00\",\"dateModified\":\"2021-12-22T16:26:26+00:00\",\"breadcrumb\":{\"@id\":\"https:\/\/hebe2000.com\/es\/producto\/facial\/detox\/#breadcrumb\"},\"inLanguage\":\"es\",\"potentialAction\":[{\"@type\":\"ReadAction\",\"target\":[\"https:\/\/hebe2000.com\/es\/producto\/facial\/detox\/\"]}]},{\"@type\":\"ImageObject\",\"inLanguage\":\"es\",\"@id\":\"https:\/\/hebe2000.com\/es\/producto\/facial\/detox\/#primaryimage\",\"url\":\"https:\/\/hebe2000.com\/wp-content\/uploads\/2021\/04\/xec3-hebe2000.jpg\",\"contentUrl\":\"https:\/\/hebe2000.com\/wp-content\/uploads\/2021\/04\/xec3-hebe2000.jpg\",\"width\":500,\"height\":211},{\"@type\":\"BreadcrumbList\",\"@id\":\"https:\/\/hebe2000.com\/es\/producto\/facial\/detox\/#breadcrumb\",\"itemListElement\":[{\"@type\":\"ListItem\",\"position\":1,\"name\":\"Portada\",\"item\":\"https:\/\/hebe2000.com\/es\/\"},{\"@type\":\"ListItem\",\"position\":2,\"name\":\"Cheques regalo\",\"item\":\"https:\/\/hebe2000.com\/es\/cheques-regalo\/\"},{\"@type\":\"ListItem\",\"position\":3,\"name\":\"Detox\"}]},{\"@type\":\"WebSite\",\"@id\":\"https:\/\/hebe2000.com\/es\/#website\",\"url\":\"https:\/\/hebe2000.com\/es\/\",\"name\":\"Hebe 2000\",\"description\":\"Centro de est\u00e9tica\",\"publisher\":{\"@id\":\"https:\/\/hebe2000.com\/es\/#organization\"},\"potentialAction\":[{\"@type\":\"SearchAction\",\"target\":{\"@type\":\"EntryPoint\",\"urlTemplate\":\"https:\/\/hebe2000.com\/es\/?s={search_term_string}\"},\"query-input\":{\"@type\":\"PropertyValueSpecification\",\"valueRequired\":true,\"valueName\":\"search_term_string\"}}],\"inLanguage\":\"es\"},{\"@type\":\"Organization\",\"@id\":\"https:\/\/hebe2000.com\/es\/#organization\",\"name\":\"Hebe 2000\",\"url\":\"https:\/\/hebe2000.com\/es\/\",\"logo\":{\"@type\":\"ImageObject\",\"inLanguage\":\"es\",\"@id\":\"https:\/\/hebe2000.com\/es\/#\/schema\/logo\/image\/\",\"url\":\"https:\/\/hebe2000.com\/wp-content\/uploads\/2022\/08\/LOGOhebe11.png\",\"contentUrl\":\"https:\/\/hebe2000.com\/wp-content\/uploads\/2022\/08\/LOGOhebe11.png\",\"width\":500,\"height\":250,\"caption\":\"Hebe 2000\"},\"image\":{\"@id\":\"https:\/\/hebe2000.com\/es\/#\/schema\/logo\/image\/\"}}]}<\/script>\n<!-- \/ Yoast SEO plugin. -->","yoast_head_json":{"title":"Detox - Hebe 2000","robots":{"index":"index","follow":"follow","max-snippet":"max-snippet:-1","max-image-preview":"max-image-preview:large","max-video-preview":"max-video-preview:-1"},"canonical":"https:\/\/hebe2000.com\/es\/producto\/facial\/detox\/","og_locale":"es_ES","og_type":"article","og_title":"Detox - Hebe 2000","og_description":"Duraci\u00f3n: 55 minutos. \u00bfQu\u00e9 entra en la sesi\u00f3n?\u00a0 Espacio de preparaci\u00f3n. Observaci\u00f3n de la piel y recomendaci\u00f3n de lo que mejor te conviene. Tiempo de realizaci\u00f3n del tratamiento facial. Se utiliza agua Kangen para desinfectar 2,5 pH y agua belleza 6 pH en todos los tratamientos. Regalo para llevar los dos tipos de agua para ... Read more","og_url":"https:\/\/hebe2000.com\/es\/producto\/facial\/detox\/","og_site_name":"Hebe 2000","article_modified_time":"2021-12-22T16:26:26+00:00","og_image":[{"width":500,"height":211,"url":"https:\/\/hebe2000.com\/wp-content\/uploads\/2021\/04\/xec3-hebe2000.jpg","type":"image\/jpeg"}],"twitter_card":"summary_large_image","twitter_misc":{"Tiempo de lectura":"1 minuto"},"schema":{"@context":"https:\/\/schema.org","@graph":[{"@type":"WebPage","@id":"https:\/\/hebe2000.com\/es\/producto\/facial\/detox\/","url":"https:\/\/hebe2000.com\/es\/producto\/facial\/detox\/","name":"Detox - Hebe 2000","isPartOf":{"@id":"https:\/\/hebe2000.com\/es\/#website"},"primaryImageOfPage":{"@id":"https:\/\/hebe2000.com\/es\/producto\/facial\/detox\/#primaryimage"},"image":{"@id":"https:\/\/hebe2000.com\/es\/producto\/facial\/detox\/#primaryimage"},"thumbnailUrl":"https:\/\/hebe2000.com\/wp-content\/uploads\/2021\/04\/xec3-hebe2000.jpg","datePublished":"2021-04-07T10:03:16+00:00","dateModified":"2021-12-22T16:26:26+00:00","breadcrumb":{"@id":"https:\/\/hebe2000.com\/es\/producto\/facial\/detox\/#breadcrumb"},"inLanguage":"es","potentialAction":[{"@type":"ReadAction","target":["https:\/\/hebe2000.com\/es\/producto\/facial\/detox\/"]}]},{"@type":"ImageObject","inLanguage":"es","@id":"https:\/\/hebe2000.com\/es\/producto\/facial\/detox\/#primaryimage","url":"https:\/\/hebe2000.com\/wp-content\/uploads\/2021\/04\/xec3-hebe2000.jpg","contentUrl":"https:\/\/hebe2000.com\/wp-content\/uploads\/2021\/04\/xec3-hebe2000.jpg","width":500,"height":211},{"@type":"BreadcrumbList","@id":"https:\/\/hebe2000.com\/es\/producto\/facial\/detox\/#breadcrumb","itemListElement":[{"@type":"ListItem","position":1,"name":"Portada","item":"https:\/\/hebe2000.com\/es\/"},{"@type":"ListItem","position":2,"name":"Cheques regalo","item":"https:\/\/hebe2000.com\/es\/cheques-regalo\/"},{"@type":"ListItem","position":3,"name":"Detox"}]},{"@type":"WebSite","@id":"https:\/\/hebe2000.com\/es\/#website","url":"https:\/\/hebe2000.com\/es\/","name":"Hebe 2000","description":"Centro de est\u00e9tica","publisher":{"@id":"https:\/\/hebe2000.com\/es\/#organization"},"potentialAction":[{"@type":"SearchAction","target":{"@type":"EntryPoint","urlTemplate":"https:\/\/hebe2000.com\/es\/?s={search_term_string}"},"query-input":{"@type":"PropertyValueSpecification","valueRequired":true,"valueName":"search_term_string"}}],"inLanguage":"es"},{"@type":"Organization","@id":"https:\/\/hebe2000.com\/es\/#organization","name":"Hebe 2000","url":"https:\/\/hebe2000.com\/es\/","logo":{"@type":"ImageObject","inLanguage":"es","@id":"https:\/\/hebe2000.com\/es\/#\/schema\/logo\/image\/","url":"https:\/\/hebe2000.com\/wp-content\/uploads\/2022\/08\/LOGOhebe11.png","contentUrl":"https:\/\/hebe2000.com\/wp-content\/uploads\/2022\/08\/LOGOhebe11.png","width":500,"height":250,"caption":"Hebe 2000"},"image":{"@id":"https:\/\/hebe2000.com\/es\/#\/schema\/logo\/image\/"}}]}},"_links":{"self":[{"href":"https:\/\/hebe2000.com\/es\/wp-json\/wp\/v2\/product\/14821","targetHints":{"allow":["GET"]}}],"collection":[{"href":"https:\/\/hebe2000.com\/es\/wp-json\/wp\/v2\/product"}],"about":[{"href":"https:\/\/hebe2000.com\/es\/wp-json\/wp\/v2\/types\/product"}],"wp:featuredmedia":[{"embeddable":true,"href":"https:\/\/hebe2000.com\/es\/wp-json\/wp\/v2\/media\/15316"}],"wp:attachment":[{"href":"https:\/\/hebe2000.com\/es\/wp-json\/wp\/v2\/media?parent=14821"}],"wp:term":[{"taxonomy":"product_brand","embeddable":true,"href":"https:\/\/hebe2000.com\/es\/wp-json\/wp\/v2\/product_brand?post=14821"},{"taxonomy":"product_cat","embeddable":true,"href":"https:\/\/hebe2000.com\/es\/wp-json\/wp\/v2\/product_cat?post=14821"},{"taxonomy":"product_tag","embeddable":true,"href":"https:\/\/hebe2000.com\/es\/wp-json\/wp\/v2\/product_tag?post=14821"},{"taxonomy":"giftcard-category","embeddable":true,"href":"https:\/\/hebe2000.com\/es\/wp-json\/wp\/v2\/giftcard-category?post=14821"}],"curies":[{"name":"wp","href":"https:\/\/api.w.org\/{rel}","templated":true}]}}