{"id":15459,"date":"2021-12-22T17:09:15","date_gmt":"2021-12-22T16:09:15","guid":{"rendered":"https:\/\/hebe2000.com\/es\/?post_type=product&#038;p=15459"},"modified":"2021-12-22T17:22:53","modified_gmt":"2021-12-22T16:22:53","slug":"pack-tratamiento-intensivo-21-dias-equilibrio-de-los-chakras","status":"publish","type":"product","link":"https:\/\/hebe2000.com\/es\/producto\/healy\/pack-tratamiento-intensivo-21-dias-equilibrio-de-los-chakras\/","title":{"rendered":"Pack Tratamiento Intensivo 21 d\u00edas Equilibrio de los chakras"},"content":{"rendered":"<p><strong>\u00bfQu\u00e9 entra?<\/strong><\/p>\n<ol>\n<li>Tiempo de escuchar. Opcional, ya que el dispositivo detecta como est\u00e1 tu aura y lo hace autom\u00e1ticamente.<\/li>\n<li>Tiempo de realizar la sesi\u00f3n. Se coloca el Healy en la mano derecha y trabaja autom\u00e1ticamente. Una vez detecta d\u00f3nde tiene que rectificar la energ\u00eda de tus chakras se pone a trabajar.<\/li>\n<li>Tiempo para explicar el resultado y hacer la interpretaci\u00f3n. Healy realiza un informe detallado de todo lo que ha encontrado, tambi\u00e9n indicar\u00e1 que llevas de todo esto heredado, es decir, el transgeneracional.<br \/>\nEste informe se puede enviar por mail o por WhatsApp<\/li>\n<\/ol>\n<p><strong>\u00bfQu\u00e9 se necesita?<\/strong><\/p>\n<p>Si es <strong>presencial<\/strong> solo es necesario el nombre, apellidos, fecha de nacimiento y concretar cita a trav\u00e9s de tel\u00e9fono o WhatsApp (<a href=\"tel:https:\/\/wa.me\/650097883\"><span class=\"elementor-icon-list-text\">650 097 883)<\/span><\/a>.<\/p>\n<p>Si es a <strong>distancia<\/strong>, es necesario una foto de la persona, nombre, apellidos y fecha de nacimiento. Si no es posible enviar una foto tambi\u00e9n es posible el DNI o email de la persona para concretar donde va a ir la sanaci\u00f3n. Se enviar\u00e1 el informe all\u00ed donde se haya concretado previamente.<\/p>\n","protected":false},"excerpt":{"rendered":"<p>\u00bfQu\u00e9 entra? Tiempo de escuchar. Opcional, ya que el dispositivo detecta como est\u00e1 tu aura y lo hace autom\u00e1ticamente. Tiempo de realizar la sesi\u00f3n. Se coloca el Healy en la mano derecha y trabaja autom\u00e1ticamente. Una vez detecta d\u00f3nde tiene que rectificar la energ\u00eda de tus chakras se pone a trabajar. Tiempo para explicar el &#8230; <a title=\"Pack Tratamiento Intensivo 21 d\u00edas Equilibrio de los chakras\" class=\"read-more\" href=\"https:\/\/hebe2000.com\/es\/producto\/healy\/pack-tratamiento-intensivo-21-dias-equilibrio-de-los-chakras\/\" aria-label=\"Leer m\u00e1s sobre Pack Tratamiento Intensivo 21 d\u00edas Equilibrio de los chakras\">Read more<\/a><\/p>\n","protected":false},"featured_media":15320,"template":"","meta":{"_monsterinsights_skip_tracking":false,"_monsterinsights_sitenote_active":false,"_monsterinsights_sitenote_note":"","_monsterinsights_sitenote_category":0},"product_brand":[],"product_cat":[42],"product_tag":[],"giftcard-category":[],"class_list":{"0":"post-15459","1":"product","2":"type-product","3":"status-publish","4":"has-post-thumbnail","6":"product_cat-healy","7":"no-featured-image-padding","8":"sales-flash-overlay","9":"woocommerce-text-align-center","10":"woocommerce-image-align-center","11":"do-quantity-buttons","13":"first","14":"instock","15":"virtual","16":"taxable","17":"purchasable","18":"product-type-gift-card"},"yoast_head":"<!-- This site is optimized with the Yoast SEO plugin v26.6 - https:\/\/yoast.com\/wordpress\/plugins\/seo\/ -->\n<title>Pack Tratamiento Intensivo 21 d\u00edas Equilibrio de los chakras - Hebe 2000<\/title>\n<meta name=\"robots\" content=\"index, follow, max-snippet:-1, max-image-preview:large, max-video-preview:-1\" \/>\n<link rel=\"canonical\" href=\"https:\/\/hebe2000.com\/es\/producto\/healy\/pack-tratamiento-intensivo-21-dias-equilibrio-de-los-chakras\/\" \/>\n<meta property=\"og:locale\" content=\"es_ES\" \/>\n<meta property=\"og:type\" content=\"article\" \/>\n<meta property=\"og:title\" content=\"Pack Tratamiento Intensivo 21 d\u00edas Equilibrio de los chakras - Hebe 2000\" \/>\n<meta property=\"og:description\" content=\"\u00bfQu\u00e9 entra? Tiempo de escuchar. Opcional, ya que el dispositivo detecta como est\u00e1 tu aura y lo hace autom\u00e1ticamente. Tiempo de realizar la sesi\u00f3n. Se coloca el Healy en la mano derecha y trabaja autom\u00e1ticamente. Una vez detecta d\u00f3nde tiene que rectificar la energ\u00eda de tus chakras se pone a trabajar. Tiempo para explicar el ... Read more\" \/>\n<meta property=\"og:url\" content=\"https:\/\/hebe2000.com\/es\/producto\/healy\/pack-tratamiento-intensivo-21-dias-equilibrio-de-los-chakras\/\" \/>\n<meta property=\"og:site_name\" content=\"Hebe 2000\" \/>\n<meta property=\"article:modified_time\" content=\"2021-12-22T16:22:53+00:00\" \/>\n<meta property=\"og:image\" content=\"https:\/\/hebe2000.com\/wp-content\/uploads\/2021\/05\/xec1-hebe2000.jpg\" \/>\n\t<meta property=\"og:image:width\" content=\"500\" \/>\n\t<meta property=\"og:image:height\" content=\"211\" \/>\n\t<meta property=\"og:image:type\" content=\"image\/jpeg\" \/>\n<meta name=\"twitter:card\" content=\"summary_large_image\" \/>\n<meta name=\"twitter:label1\" content=\"Tiempo de lectura\" \/>\n\t<meta name=\"twitter:data1\" content=\"1 minuto\" \/>\n<script type=\"application\/ld+json\" class=\"yoast-schema-graph\">{\"@context\":\"https:\/\/schema.org\",\"@graph\":[{\"@type\":\"WebPage\",\"@id\":\"https:\/\/hebe2000.com\/es\/producto\/healy\/pack-tratamiento-intensivo-21-dias-equilibrio-de-los-chakras\/\",\"url\":\"https:\/\/hebe2000.com\/es\/producto\/healy\/pack-tratamiento-intensivo-21-dias-equilibrio-de-los-chakras\/\",\"name\":\"Pack Tratamiento Intensivo 21 d\u00edas Equilibrio de los chakras - Hebe 2000\",\"isPartOf\":{\"@id\":\"https:\/\/hebe2000.com\/es\/#website\"},\"primaryImageOfPage\":{\"@id\":\"https:\/\/hebe2000.com\/es\/producto\/healy\/pack-tratamiento-intensivo-21-dias-equilibrio-de-los-chakras\/#primaryimage\"},\"image\":{\"@id\":\"https:\/\/hebe2000.com\/es\/producto\/healy\/pack-tratamiento-intensivo-21-dias-equilibrio-de-los-chakras\/#primaryimage\"},\"thumbnailUrl\":\"https:\/\/hebe2000.com\/wp-content\/uploads\/2021\/05\/xec1-hebe2000.jpg\",\"datePublished\":\"2021-12-22T16:09:15+00:00\",\"dateModified\":\"2021-12-22T16:22:53+00:00\",\"breadcrumb\":{\"@id\":\"https:\/\/hebe2000.com\/es\/producto\/healy\/pack-tratamiento-intensivo-21-dias-equilibrio-de-los-chakras\/#breadcrumb\"},\"inLanguage\":\"es\",\"potentialAction\":[{\"@type\":\"ReadAction\",\"target\":[\"https:\/\/hebe2000.com\/es\/producto\/healy\/pack-tratamiento-intensivo-21-dias-equilibrio-de-los-chakras\/\"]}]},{\"@type\":\"ImageObject\",\"inLanguage\":\"es\",\"@id\":\"https:\/\/hebe2000.com\/es\/producto\/healy\/pack-tratamiento-intensivo-21-dias-equilibrio-de-los-chakras\/#primaryimage\",\"url\":\"https:\/\/hebe2000.com\/wp-content\/uploads\/2021\/05\/xec1-hebe2000.jpg\",\"contentUrl\":\"https:\/\/hebe2000.com\/wp-content\/uploads\/2021\/05\/xec1-hebe2000.jpg\",\"width\":500,\"height\":211},{\"@type\":\"BreadcrumbList\",\"@id\":\"https:\/\/hebe2000.com\/es\/producto\/healy\/pack-tratamiento-intensivo-21-dias-equilibrio-de-los-chakras\/#breadcrumb\",\"itemListElement\":[{\"@type\":\"ListItem\",\"position\":1,\"name\":\"Portada\",\"item\":\"https:\/\/hebe2000.com\/es\/\"},{\"@type\":\"ListItem\",\"position\":2,\"name\":\"Cheques regalo\",\"item\":\"https:\/\/hebe2000.com\/es\/cheques-regalo\/\"},{\"@type\":\"ListItem\",\"position\":3,\"name\":\"Pack Tratamiento Intensivo 21 d\u00edas Equilibrio de los chakras\"}]},{\"@type\":\"WebSite\",\"@id\":\"https:\/\/hebe2000.com\/es\/#website\",\"url\":\"https:\/\/hebe2000.com\/es\/\",\"name\":\"Hebe 2000\",\"description\":\"Centro de est\u00e9tica\",\"publisher\":{\"@id\":\"https:\/\/hebe2000.com\/es\/#organization\"},\"potentialAction\":[{\"@type\":\"SearchAction\",\"target\":{\"@type\":\"EntryPoint\",\"urlTemplate\":\"https:\/\/hebe2000.com\/es\/?s={search_term_string}\"},\"query-input\":{\"@type\":\"PropertyValueSpecification\",\"valueRequired\":true,\"valueName\":\"search_term_string\"}}],\"inLanguage\":\"es\"},{\"@type\":\"Organization\",\"@id\":\"https:\/\/hebe2000.com\/es\/#organization\",\"name\":\"Hebe 2000\",\"url\":\"https:\/\/hebe2000.com\/es\/\",\"logo\":{\"@type\":\"ImageObject\",\"inLanguage\":\"es\",\"@id\":\"https:\/\/hebe2000.com\/es\/#\/schema\/logo\/image\/\",\"url\":\"https:\/\/hebe2000.com\/wp-content\/uploads\/2022\/08\/LOGOhebe11.png\",\"contentUrl\":\"https:\/\/hebe2000.com\/wp-content\/uploads\/2022\/08\/LOGOhebe11.png\",\"width\":500,\"height\":250,\"caption\":\"Hebe 2000\"},\"image\":{\"@id\":\"https:\/\/hebe2000.com\/es\/#\/schema\/logo\/image\/\"}}]}<\/script>\n<!-- \/ Yoast SEO plugin. -->","yoast_head_json":{"title":"Pack Tratamiento Intensivo 21 d\u00edas Equilibrio de los chakras - Hebe 2000","robots":{"index":"index","follow":"follow","max-snippet":"max-snippet:-1","max-image-preview":"max-image-preview:large","max-video-preview":"max-video-preview:-1"},"canonical":"https:\/\/hebe2000.com\/es\/producto\/healy\/pack-tratamiento-intensivo-21-dias-equilibrio-de-los-chakras\/","og_locale":"es_ES","og_type":"article","og_title":"Pack Tratamiento Intensivo 21 d\u00edas Equilibrio de los chakras - Hebe 2000","og_description":"\u00bfQu\u00e9 entra? Tiempo de escuchar. Opcional, ya que el dispositivo detecta como est\u00e1 tu aura y lo hace autom\u00e1ticamente. Tiempo de realizar la sesi\u00f3n. Se coloca el Healy en la mano derecha y trabaja autom\u00e1ticamente. Una vez detecta d\u00f3nde tiene que rectificar la energ\u00eda de tus chakras se pone a trabajar. Tiempo para explicar el ... Read more","og_url":"https:\/\/hebe2000.com\/es\/producto\/healy\/pack-tratamiento-intensivo-21-dias-equilibrio-de-los-chakras\/","og_site_name":"Hebe 2000","article_modified_time":"2021-12-22T16:22:53+00:00","og_image":[{"width":500,"height":211,"url":"https:\/\/hebe2000.com\/wp-content\/uploads\/2021\/05\/xec1-hebe2000.jpg","type":"image\/jpeg"}],"twitter_card":"summary_large_image","twitter_misc":{"Tiempo de lectura":"1 minuto"},"schema":{"@context":"https:\/\/schema.org","@graph":[{"@type":"WebPage","@id":"https:\/\/hebe2000.com\/es\/producto\/healy\/pack-tratamiento-intensivo-21-dias-equilibrio-de-los-chakras\/","url":"https:\/\/hebe2000.com\/es\/producto\/healy\/pack-tratamiento-intensivo-21-dias-equilibrio-de-los-chakras\/","name":"Pack Tratamiento Intensivo 21 d\u00edas Equilibrio de los chakras - Hebe 2000","isPartOf":{"@id":"https:\/\/hebe2000.com\/es\/#website"},"primaryImageOfPage":{"@id":"https:\/\/hebe2000.com\/es\/producto\/healy\/pack-tratamiento-intensivo-21-dias-equilibrio-de-los-chakras\/#primaryimage"},"image":{"@id":"https:\/\/hebe2000.com\/es\/producto\/healy\/pack-tratamiento-intensivo-21-dias-equilibrio-de-los-chakras\/#primaryimage"},"thumbnailUrl":"https:\/\/hebe2000.com\/wp-content\/uploads\/2021\/05\/xec1-hebe2000.jpg","datePublished":"2021-12-22T16:09:15+00:00","dateModified":"2021-12-22T16:22:53+00:00","breadcrumb":{"@id":"https:\/\/hebe2000.com\/es\/producto\/healy\/pack-tratamiento-intensivo-21-dias-equilibrio-de-los-chakras\/#breadcrumb"},"inLanguage":"es","potentialAction":[{"@type":"ReadAction","target":["https:\/\/hebe2000.com\/es\/producto\/healy\/pack-tratamiento-intensivo-21-dias-equilibrio-de-los-chakras\/"]}]},{"@type":"ImageObject","inLanguage":"es","@id":"https:\/\/hebe2000.com\/es\/producto\/healy\/pack-tratamiento-intensivo-21-dias-equilibrio-de-los-chakras\/#primaryimage","url":"https:\/\/hebe2000.com\/wp-content\/uploads\/2021\/05\/xec1-hebe2000.jpg","contentUrl":"https:\/\/hebe2000.com\/wp-content\/uploads\/2021\/05\/xec1-hebe2000.jpg","width":500,"height":211},{"@type":"BreadcrumbList","@id":"https:\/\/hebe2000.com\/es\/producto\/healy\/pack-tratamiento-intensivo-21-dias-equilibrio-de-los-chakras\/#breadcrumb","itemListElement":[{"@type":"ListItem","position":1,"name":"Portada","item":"https:\/\/hebe2000.com\/es\/"},{"@type":"ListItem","position":2,"name":"Cheques regalo","item":"https:\/\/hebe2000.com\/es\/cheques-regalo\/"},{"@type":"ListItem","position":3,"name":"Pack Tratamiento Intensivo 21 d\u00edas Equilibrio de los chakras"}]},{"@type":"WebSite","@id":"https:\/\/hebe2000.com\/es\/#website","url":"https:\/\/hebe2000.com\/es\/","name":"Hebe 2000","description":"Centro de est\u00e9tica","publisher":{"@id":"https:\/\/hebe2000.com\/es\/#organization"},"potentialAction":[{"@type":"SearchAction","target":{"@type":"EntryPoint","urlTemplate":"https:\/\/hebe2000.com\/es\/?s={search_term_string}"},"query-input":{"@type":"PropertyValueSpecification","valueRequired":true,"valueName":"search_term_string"}}],"inLanguage":"es"},{"@type":"Organization","@id":"https:\/\/hebe2000.com\/es\/#organization","name":"Hebe 2000","url":"https:\/\/hebe2000.com\/es\/","logo":{"@type":"ImageObject","inLanguage":"es","@id":"https:\/\/hebe2000.com\/es\/#\/schema\/logo\/image\/","url":"https:\/\/hebe2000.com\/wp-content\/uploads\/2022\/08\/LOGOhebe11.png","contentUrl":"https:\/\/hebe2000.com\/wp-content\/uploads\/2022\/08\/LOGOhebe11.png","width":500,"height":250,"caption":"Hebe 2000"},"image":{"@id":"https:\/\/hebe2000.com\/es\/#\/schema\/logo\/image\/"}}]}},"_links":{"self":[{"href":"https:\/\/hebe2000.com\/es\/wp-json\/wp\/v2\/product\/15459","targetHints":{"allow":["GET"]}}],"collection":[{"href":"https:\/\/hebe2000.com\/es\/wp-json\/wp\/v2\/product"}],"about":[{"href":"https:\/\/hebe2000.com\/es\/wp-json\/wp\/v2\/types\/product"}],"wp:featuredmedia":[{"embeddable":true,"href":"https:\/\/hebe2000.com\/es\/wp-json\/wp\/v2\/media\/15320"}],"wp:attachment":[{"href":"https:\/\/hebe2000.com\/es\/wp-json\/wp\/v2\/media?parent=15459"}],"wp:term":[{"taxonomy":"product_brand","embeddable":true,"href":"https:\/\/hebe2000.com\/es\/wp-json\/wp\/v2\/product_brand?post=15459"},{"taxonomy":"product_cat","embeddable":true,"href":"https:\/\/hebe2000.com\/es\/wp-json\/wp\/v2\/product_cat?post=15459"},{"taxonomy":"product_tag","embeddable":true,"href":"https:\/\/hebe2000.com\/es\/wp-json\/wp\/v2\/product_tag?post=15459"},{"taxonomy":"giftcard-category","embeddable":true,"href":"https:\/\/hebe2000.com\/es\/wp-json\/wp\/v2\/giftcard-category?post=15459"}],"curies":[{"name":"wp","href":"https:\/\/api.w.org\/{rel}","templated":true}]}}